{"id":13058,"date":"2024-02-08T19:47:42","date_gmt":"2024-02-08T18:47:42","guid":{"rendered":"https:\/\/www.puentedelasherrerias.com\/?page_id=13058"},"modified":"2024-02-08T20:04:57","modified_gmt":"2024-02-08T19:04:57","slug":"https-www-puentedelasherrerias-com-wp-content-uploads-2024-02-condiciones-generales-de-venta-ph-2024-1-pdf","status":"publish","type":"page","link":"https:\/\/www.puentedelasherrerias.com\/en\/https-www-puentedelasherrerias-com-wp-content-uploads-2024-02-condiciones-generales-de-venta-ph-2024-1-pdf\/","title":{"rendered":"Terms and conditions"},"content":{"rendered":"<div class=\"wpb-content-wrapper\"><p>[vc_row full_width=&#8221;stretch_row_content_no_spaces&#8221; content_placement=&#8221;middle&#8221;][vc_column css=&#8221;.vc_custom_1526839939772{padding-top: 20px !important;padding-bottom: 35px !important;background-color: #71b42e !important;}&#8221;] <h2 style=\"color:#ffffff;padding:px;text-align:center;font-size:24px;line-height:50px;letter-spacing: px;font-weight:\" class=\"    \">Camping - Campamentos - Viajes fin de curso en Cazorla<\/h2> [\/vc_column][\/vc_row][vc_row content_placement=&#8221;middle&#8221; css=&#8221;.vc_custom_1521367027295{margin-top: 30px !important;}&#8221;][vc_column css=&#8221;.vc_custom_1521368147065{margin-top: -3.5em !important;}&#8221;]\n\t<div class=\"nd_options_section nd_options_text_align_center\">\n\t<a style=\"border: 2px solid #fd8201;border-radius:1pxpx;letter-spacing:2px;line-height:11px;font-size:11px;background-color:#ffffff;padding:15px 35px;margin:;color:#71b42e\" rel=\"\" href=\"\/alojamientos\/\" class=\"nicdark_display_inline_block  nd_options_font_weight_bold nd_options_second_font  \">RESERVAR<\/a>\n\t<\/div>\n[\/vc_column][\/vc_row][vc_row css=&#8221;.vc_custom_1492612814975{margin-top: 40px !important;margin-bottom: 40px !important;}&#8221;][vc_column width=&#8221;2\/3&#8243;]<div style=\"background-color:;height: 20px\" class=\"nicdark_section  \"><\/div> <h3 style=\"color:#17482a;padding:px;text-align:;font-size:25px;line-height:px;letter-spacing: px;font-weight:\" class=\"    \">T\u00e9rminos y condiciones de la reserva<\/h3> <div style=\"background-color:;height: 30px\" class=\"nicdark_section  \"><\/div>[vc_column_text]Please note:<\/p>\n<ul>\n<li>The campground management reserves the right to not guarantee the distribution of the bungalow, only the number of spaces.<\/li>\n<li>Accommodations will be available from 4:00 PM on the day of arrival until 12:00 PM on the day of departure.<\/li>\n<li>Pets are not allowed in the accommodations, except for the PUENTEDOG model, which is specially enabled for this purpose.<\/li>\n<li>Breakages or damages caused by the user must be paid for immediately.<\/li>\n<li>Towels are not provided in the bungalows.<\/li>\n<li>The bungalows come equipped with bedding, a television, microwave, air conditioning, basic kitchen utensils, and a small dishwashing kit.<\/li>\n<li>Charcoal barbecues are prohibited throughout the premises, except in specially designated areas and in accordance with the periods stipulated by current law.<\/li>\n<\/ul>\n<p>Cancellation policy:<\/p>\n<ul>\n<li>Reservations with an arrival date between July 1st and August 31st, and between Monday and Saturday of Holy Week, can be canceled free of charge up to 14 days before arrival. For all other reservations, cancellation is free up to 7 days before arrival. Reservations canceled outside the free cancellation period will lose the 25% deposit paid. *For cancellations within the deadline, a 5\u20ac deduction will be made from all refunds for management expenses.<\/li>\n<\/ul>\n<p>Cancellation of the reservation must always be communicated in writing via email to <a target=\"_new\" rel=\"noopener\">info@puentedelasherrerias.com<\/a>.<\/p>\n<p>If a refund is due, please provide a bank account number for the transfer of the corresponding amount.<\/p>\n<p>We hope this information is helpful and look forward to assisting you soon.<br \/>\n[\/vc_column_text]<div style=\"background-color:;height: 10px\" class=\"nicdark_section  \"><\/div> <h3 style=\"color:#17482a;padding:px;text-align:;font-size:25px;line-height:px;letter-spacing: px;font-weight:\" class=\"    \">PREGUNTAS FRECUENTES<\/h3> <div style=\"background-color:;height: 30px\" class=\"nicdark_section  \"><\/div>\n\n    <div class=\"nd_options_section nd_options_toogles_faq \">\n\n      <div class=\"nd_options_section nd_options_box_sizing_border_box\">\n        <p class=\"nd_options_toogle_title nd_options_first_font nd_options_font_size_17 nd_options_position_relative nd_options_padding_right_20 nd_options_padding_top_5 nd_options_padding_left_45 nd_options_padding_bottom_5\">\n          <span style=\"background-color:#fd8201\" class=\"nd_options_cursor_pointer nd_options_text_align_center nd_options_toogle_title_open_500 nd_options_width_25 nd_options_height_25  nd_options_position_absolute nd_options_top_0 nd_options_left_0\">\n            <img decoding=\"async\" alt=\"\" class=\"nd_options_margin_top_6\" width=\"12\" src=\"https:\/\/www.puentedelasherrerias.com\/wp-content\/plugins\/nd-shortcodes\/shortcodes\/custom\/toogle\/icon-add-white.png\">\n          <\/span> \n          <span style=\"background-color:#fd8201\" class=\"nd_options_cursor_pointer nd_options_text_align_center nd_options_toogle_title_close_500 nd_options_width_25 nd_options_display_none nd_options_height_25  nd_options_position_absolute nd_options_top_0 nd_options_left_0\">\n            <img decoding=\"async\" alt=\"\" class=\"nd_options_margin_top_6\" width=\"12\" src=\"https:\/\/www.puentedelasherrerias.com\/wp-content\/plugins\/nd-shortcodes\/shortcodes\/custom\/toogle\/icon-less-white.png\">\n          <\/span>\n          \u00bfSe realiza alg\u00fan cargo durante la reserva?\n        <\/p>\n      <\/div>\n      \n      <div class=\"nd_options_display_none nd_options_padding_20 nd_options_padding_left_45 nd_options_toogle_content_500 nd_options_section nd_options_box_sizing_border_box\">\n        <p>Para la formalizaci\u00f3n de la reserva ser\u00e1 necesario el pago del 25% del total de la reserva. Dicho pago se podr\u00e1 realizar mediante tarjeta de cr\u00e9dito o d\u00e9bito a trav\u00e9s de la web o v\u00eda telef\u00f3nica en el momento de realizar su reserva.<\/p>\n      <\/div>\n\n    <\/div>\n\n   <div style=\"background-color:;height: 20px\" class=\"nicdark_section  \"><\/div>\n\n    <div class=\"nd_options_section nd_options_toogles_faq \">\n\n      <div class=\"nd_options_section nd_options_box_sizing_border_box\">\n        <p class=\"nd_options_toogle_title nd_options_first_font nd_options_font_size_17 nd_options_position_relative nd_options_padding_right_20 nd_options_padding_top_5 nd_options_padding_left_45 nd_options_padding_bottom_5\">\n          <span style=\"background-color:#fd8201\" class=\"nd_options_cursor_pointer nd_options_text_align_center nd_options_toogle_title_open_514 nd_options_width_25 nd_options_height_25  nd_options_position_absolute nd_options_top_0 nd_options_left_0\">\n            <img decoding=\"async\" alt=\"\" class=\"nd_options_margin_top_6\" width=\"12\" src=\"https:\/\/www.puentedelasherrerias.com\/wp-content\/plugins\/nd-shortcodes\/shortcodes\/custom\/toogle\/icon-add-white.png\">\n          <\/span> \n          <span style=\"background-color:#fd8201\" class=\"nd_options_cursor_pointer nd_options_text_align_center nd_options_toogle_title_close_514 nd_options_width_25 nd_options_display_none nd_options_height_25  nd_options_position_absolute nd_options_top_0 nd_options_left_0\">\n            <img decoding=\"async\" alt=\"\" class=\"nd_options_margin_top_6\" width=\"12\" src=\"https:\/\/www.puentedelasherrerias.com\/wp-content\/plugins\/nd-shortcodes\/shortcodes\/custom\/toogle\/icon-less-white.png\">\n          <\/span>\n          \u00bfSe admiten animales de compa\u00f1\u00eda?\n        <\/p>\n      <\/div>\n      \n      <div class=\"nd_options_display_none nd_options_padding_20 nd_options_padding_left_45 nd_options_toogle_content_514 nd_options_section nd_options_box_sizing_border_box\">\n        <p>No se admiten animales de compa\u00f1\u00eda en los alojamientos en ning\u00fan caso. Excepto en el modelo PUENTEDOG habilitado a tal efecto.<\/p>\n      <\/div>\n\n    <\/div>\n\n   <div style=\"background-color:;height: 20px\" class=\"nicdark_section  \"><\/div>\n\n    <div class=\"nd_options_section nd_options_toogles_faq \">\n\n      <div class=\"nd_options_section nd_options_box_sizing_border_box\">\n        <p class=\"nd_options_toogle_title nd_options_first_font nd_options_font_size_17 nd_options_position_relative nd_options_padding_right_20 nd_options_padding_top_5 nd_options_padding_left_45 nd_options_padding_bottom_5\">\n          <span style=\"background-color:#fd8201\" class=\"nd_options_cursor_pointer nd_options_text_align_center nd_options_toogle_title_open_619 nd_options_width_25 nd_options_height_25  nd_options_position_absolute nd_options_top_0 nd_options_left_0\">\n            <img decoding=\"async\" alt=\"\" class=\"nd_options_margin_top_6\" width=\"12\" src=\"https:\/\/www.puentedelasherrerias.com\/wp-content\/plugins\/nd-shortcodes\/shortcodes\/custom\/toogle\/icon-add-white.png\">\n          <\/span> \n          <span style=\"background-color:#fd8201\" class=\"nd_options_cursor_pointer nd_options_text_align_center nd_options_toogle_title_close_619 nd_options_width_25 nd_options_display_none nd_options_height_25  nd_options_position_absolute nd_options_top_0 nd_options_left_0\">\n            <img decoding=\"async\" alt=\"\" class=\"nd_options_margin_top_6\" width=\"12\" src=\"https:\/\/www.puentedelasherrerias.com\/wp-content\/plugins\/nd-shortcodes\/shortcodes\/custom\/toogle\/icon-less-white.png\">\n          <\/span>\n          \u00bfQu\u00e9 incluyen los bungalows?\n        <\/p>\n      <\/div>\n      \n      <div class=\"nd_options_display_none nd_options_padding_20 nd_options_padding_left_45 nd_options_toogle_content_619 nd_options_section nd_options_box_sizing_border_box\">\n        <p>Los bungalows disponen de televisor, microondas y menaje b\u00e1sico de cocina y un peque\u00f1o kit fregaplatos.<\/p>\n      <\/div>\n\n    <\/div>\n\n   <div style=\"background-color:;height: 20px\" class=\"nicdark_section  \"><\/div>\n\n    <div class=\"nd_options_section nd_options_toogles_faq \">\n\n      <div class=\"nd_options_section nd_options_box_sizing_border_box\">\n        <p class=\"nd_options_toogle_title nd_options_first_font nd_options_font_size_17 nd_options_position_relative nd_options_padding_right_20 nd_options_padding_top_5 nd_options_padding_left_45 nd_options_padding_bottom_5\">\n          <span style=\"background-color:#fd8201\" class=\"nd_options_cursor_pointer nd_options_text_align_center nd_options_toogle_title_open_946 nd_options_width_25 nd_options_height_25  nd_options_position_absolute nd_options_top_0 nd_options_left_0\">\n            <img decoding=\"async\" alt=\"\" class=\"nd_options_margin_top_6\" width=\"12\" src=\"https:\/\/www.puentedelasherrerias.com\/wp-content\/plugins\/nd-shortcodes\/shortcodes\/custom\/toogle\/icon-add-white.png\">\n          <\/span> \n          <span style=\"background-color:#fd8201\" class=\"nd_options_cursor_pointer nd_options_text_align_center nd_options_toogle_title_close_946 nd_options_width_25 nd_options_display_none nd_options_height_25  nd_options_position_absolute nd_options_top_0 nd_options_left_0\">\n            <img decoding=\"async\" alt=\"\" class=\"nd_options_margin_top_6\" width=\"12\" src=\"https:\/\/www.puentedelasherrerias.com\/wp-content\/plugins\/nd-shortcodes\/shortcodes\/custom\/toogle\/icon-less-white.png\">\n          <\/span>\n          \u00bfComo se reserva una parcela?\n        <\/p>\n      <\/div>\n      \n      <div class=\"nd_options_display_none nd_options_padding_20 nd_options_padding_left_45 nd_options_toogle_content_946 nd_options_section nd_options_box_sizing_border_box\">\n        <p>Para las reservas de parcelas contacten directamente con el camping<\/p>\n      <\/div>\n\n    <\/div>\n\n   <div style=\"background-color:;height: 40px\" class=\"nicdark_section  \"><\/div>[\/vc_column][vc_column width=&#8221;1\/3&#8243; css=&#8221;.vc_custom_1486115020030{padding-right: 30px !important;padding-left: 30px !important;}&#8221;]<div style=\"background-color:;height: 20px\" class=\"nicdark_section  \"><\/div>[vc_row_inner][vc_column_inner css=&#8221;.vc_custom_1526839959288{padding-top: 30px !important;padding-right: 30px !important;padding-bottom: 15px !important;padding-left: 30px !important;background-color: #71b42e !important;}&#8221;] <h5 style=\"color:#ffffff;padding:px;text-align:center;font-size:12px;line-height:12px;letter-spacing: 2px;font-weight:lighter\" class=\"   nd_options_second_font \">CONTACTO<\/h5> <div style=\"background-color:;height: 10px\" class=\"nicdark_section  \"><\/div> <h2 style=\"color:#ffffff;padding:px;text-align:center;font-size:25px;line-height:25px;letter-spacing: px;font-weight:normal\" class=\"   nd_options_first_font \">Rellene el formulario<\/h2> <div style=\"background-color:;height: 20px\" class=\"nicdark_section  \"><\/div>\n\n    <!--start form-->\n    <div id=\"nd_options_shortcode_cf7_697\" class=\"nd_options_section \">\n      \n      <div class=\"nd_options_section nd_options_box_sizing_border_box\">\n        \n<div class=\"wpcf7 no-js\" id=\"wpcf7-f697-o1\" lang=\"en-US\" dir=\"ltr\">\n<div class=\"screen-reader-response\"><p role=\"status\" aria-live=\"polite\" aria-atomic=\"true\"><\/p> <ul><\/ul><\/div>\n<form action=\"\/en\/wp-json\/wp\/v2\/pages\/13058#wpcf7-f697-o1\" method=\"post\" class=\"wpcf7-form init\" aria-label=\"Contact form\" novalidate=\"novalidate\" data-status=\"init\">\n<input type=\"hidden\" name=\"_wpcf7\" value=\"697\" \/><input type=\"hidden\" name=\"_wpcf7_version\" value=\"6.1.5\" \/><input type=\"hidden\" name=\"_wpcf7_locale\" value=\"en_US\" \/><input type=\"hidden\" name=\"_wpcf7_unit_tag\" value=\"wpcf7-f697-o1\" \/><input type=\"hidden\" name=\"_wpcf7_container_post\" value=\"0\" \/><input type=\"hidden\" name=\"_wpcf7_posted_data_hash\" value=\"\" \/><input type=\"hidden\" name=\"_wpcf7_recaptcha_response\" value=\"\" \/>\n\n<div class=\"nd_options_float_left nd_options_box_sizing_border_box nd_options_width_100_percentage_all_iphone_important nd_options_padding_0_right_important_all_iphone nd_options_padding_0_left_important_all_iphone \" style=\"padding: 0px 10px 15px 0px;width:100%\"><span class=\"wpcf7-form-control-wrap\" data-name=\"name-form\"><\/span><\/div><div class=\"nd_options_float_left nd_options_box_sizing_border_box nd_options_width_100_percentage_all_iphone_important nd_options_padding_0_right_important_all_iphone nd_options_padding_0_left_important_all_iphone \" style=\"padding: 0px 10px 15px 0px;width:100%\"><span class=\"wpcf7-form-control-wrap\" data-name=\"email\"><\/span><\/div><div class=\"nd_options_float_left nd_options_box_sizing_border_box nd_options_width_100_percentage_all_iphone_important nd_options_padding_0_right_important_all_iphone nd_options_padding_0_left_important_all_iphone \" style=\"padding: 0px 10px 15px 0px;width:100%\"><span class=\"wpcf7-form-control-wrap\" data-name=\"message\"><textarea cols=\"40\" rows=\"5\" class=\"wpcf7-form-control wpcf7-textarea nd_booking_bg_greywhite_2_important nd_booking_border_width_0_important nd_options_padding_10_20_important nd_options_margin_top_10 nd_options_font_weight_lighter\" name=\"message\"><\/textarea><\/span><\/div><div class=\"nd_options_float_left nd_options_box_sizing_border_box nd_options_width_100_percentage_all_iphone_important nd_options_padding_0_right_important_all_iphone nd_options_padding_0_left_important_all_iphone \" style=\"padding: 10px;width:100%\"><label class=\"nd_options_color_white nd_options_first_font\">Al usar este formulario accedes al almacenamiento y gesti\u00f3n de tus datos por parte de esta web (Pol\u00edtica de Privacidad)<\/label><\/div>\n<p><input class=\"wpcf7-form-control wpcf7-submit has-spinner nd_booking_padding_15_30_important nd_options_second_font_important nd_options_color_white nd_options_display_inline_block nd_options_font_size_11 nd_options_font_weight_bold nd_options_letter_spacing_2 nd_options_section\" type=\"submit\" value=\"ENVIAR\" \/>\n<\/p><div class=\"wpcf7-response-output\" aria-hidden=\"true\"><\/div>\n<\/form>\n<\/div>\n \n      <\/div>  \n\n    <\/div>\n    <!--end form-->\n\n   [\/vc_column_inner][\/vc_row_inner][\/vc_column][\/vc_row]<\/p>\n<\/div>","protected":false},"excerpt":{"rendered":"<p>[vc_row full_width=&#8221;stretch_row_content_no_spaces&#8221; content_placement=&#8221;middle&#8221;][vc_column css=&#8221;.vc_custom_1526839939772{padding-top: 20px !important;padding-bottom: 35px !important;background-color: #71b42e !important;}&#8221;][\/vc_column][\/vc_row][vc_row content_placement=&#8221;middle&#8221; css=&#8221;.vc_custom_1521367027295{margin-top: 30px !important;}&#8221;][vc_column css=&#8221;.vc_custom_1521368147065{margin-top: -3.5em !important;}&#8221;][\/vc_column][\/vc_row][vc_row css=&#8221;.vc_custom_1492612814975{margin-top: 40px !important;margin-bottom: 40px !important;}&#8221;][vc_column width=&#8221;2\/3&#8243;][vc_column_text]Please note: The campground management reserves the right to not guarantee the distribution of the bungalow, only the number of spaces. Accommodations will be available from 4:00 PM on the day of arrival [&hellip;]<\/p>\n","protected":false},"author":1,"featured_media":0,"parent":0,"menu_order":0,"comment_status":"closed","ping_status":"closed","template":"","meta":{"_joinchat":[],"footnotes":""},"class_list":["post-13058","page","type-page","status-publish","hentry"],"yoast_head":"<!-- This site is optimized with the Yoast SEO plugin v27.5 - https:\/\/yoast.com\/product\/yoast-seo-wordpress\/ -->\n<title>Terms and conditions - Camping Cazorla - Puente de las Herrer\u00edas<\/title>\n<meta name=\"description\" content=\"Cancellation of the reservation must be communicated via email to info@puentedelasherrerias.com. If a refund is due, please provide a bank account number to transfer the corresponding amount. We hope this information is helpful and look forward to assisting you soon.\" \/>\n<meta name=\"robots\" content=\"index, follow, max-snippet:-1, max-image-preview:large, max-video-preview:-1\" \/>\n<link rel=\"canonical\" href=\"https:\/\/www.puentedelasherrerias.com\/en\/https-www-puentedelasherrerias-com-wp-content-uploads-2024-02-condiciones-generales-de-venta-ph-2024-1-pdf\/\" \/>\n<meta property=\"og:locale\" content=\"en_US\" \/>\n<meta property=\"og:type\" content=\"article\" \/>\n<meta property=\"og:title\" content=\"Terms and conditions - Camping Cazorla - Puente de las Herrer\u00edas\" \/>\n<meta property=\"og:description\" content=\"Cancellation of the reservation must be communicated via email to info@puentedelasherrerias.com. If a refund is due, please provide a bank account number to transfer the corresponding amount. We hope this information is helpful and look forward to assisting you soon.\" \/>\n<meta property=\"og:url\" content=\"https:\/\/www.puentedelasherrerias.com\/en\/https-www-puentedelasherrerias-com-wp-content-uploads-2024-02-condiciones-generales-de-venta-ph-2024-1-pdf\/\" \/>\n<meta property=\"og:site_name\" content=\"Camping Bungalows Hotel - Puente de las Herrerias - Cazorla\" \/>\n<meta property=\"article:publisher\" content=\"https:\/\/www.facebook.com\/puentedelasherrerias\/\" \/>\n<meta property=\"article:modified_time\" content=\"2024-02-08T19:04:57+00:00\" \/>\n<meta name=\"twitter:card\" content=\"summary_large_image\" \/>\n<meta name=\"twitter:site\" content=\"@puenteherrerias\" \/>\n<meta name=\"twitter:label1\" content=\"Est. reading time\" \/>\n\t<meta name=\"twitter:data1\" content=\"1 minute\" \/>\n<script type=\"application\/ld+json\" class=\"yoast-schema-graph\">{\"@context\":\"https:\\\/\\\/schema.org\",\"@graph\":[{\"@type\":\"WebPage\",\"@id\":\"https:\\\/\\\/www.puentedelasherrerias.com\\\/en\\\/https-www-puentedelasherrerias-com-wp-content-uploads-2024-02-condiciones-generales-de-venta-ph-2024-1-pdf\\\/\",\"url\":\"https:\\\/\\\/www.puentedelasherrerias.com\\\/en\\\/https-www-puentedelasherrerias-com-wp-content-uploads-2024-02-condiciones-generales-de-venta-ph-2024-1-pdf\\\/\",\"name\":\"Terms and conditions - Camping Cazorla - Puente de las Herrer\u00edas\",\"isPartOf\":{\"@id\":\"https:\\\/\\\/www.puentedelasherrerias.com\\\/en\\\/#website\"},\"datePublished\":\"2024-02-08T18:47:42+00:00\",\"dateModified\":\"2024-02-08T19:04:57+00:00\",\"description\":\"Cancellation of the reservation must be communicated via email to info@puentedelasherrerias.com. If a refund is due, please provide a bank account number to transfer the corresponding amount. We hope this information is helpful and look forward to assisting you soon.\",\"breadcrumb\":{\"@id\":\"https:\\\/\\\/www.puentedelasherrerias.com\\\/en\\\/https-www-puentedelasherrerias-com-wp-content-uploads-2024-02-condiciones-generales-de-venta-ph-2024-1-pdf\\\/#breadcrumb\"},\"inLanguage\":\"en-US\",\"potentialAction\":[{\"@type\":\"ReadAction\",\"target\":[\"https:\\\/\\\/www.puentedelasherrerias.com\\\/en\\\/https-www-puentedelasherrerias-com-wp-content-uploads-2024-02-condiciones-generales-de-venta-ph-2024-1-pdf\\\/\"]}]},{\"@type\":\"BreadcrumbList\",\"@id\":\"https:\\\/\\\/www.puentedelasherrerias.com\\\/en\\\/https-www-puentedelasherrerias-com-wp-content-uploads-2024-02-condiciones-generales-de-venta-ph-2024-1-pdf\\\/#breadcrumb\",\"itemListElement\":[{\"@type\":\"ListItem\",\"position\":1,\"name\":\"Portada\",\"item\":\"https:\\\/\\\/www.puentedelasherrerias.com\\\/en\\\/\"},{\"@type\":\"ListItem\",\"position\":2,\"name\":\"Terms and conditions\"}]},{\"@type\":\"WebSite\",\"@id\":\"https:\\\/\\\/www.puentedelasherrerias.com\\\/en\\\/#website\",\"url\":\"https:\\\/\\\/www.puentedelasherrerias.com\\\/en\\\/\",\"name\":\"Camping Bungalows Hotel - Puente de las Herrerias - Cazorla\",\"description\":\"Situado en pleno coraz\u00f3n del parque natural de Cazorla y Segura y las Villas, Puente de las Herrer\u00edas ofrece una amplia oferta de turismo y ocio: camping, caba\u00f1as de madera, hotel, actividades en la naturaleza...\",\"potentialAction\":[{\"@type\":\"SearchAction\",\"target\":{\"@type\":\"EntryPoint\",\"urlTemplate\":\"https:\\\/\\\/www.puentedelasherrerias.com\\\/en\\\/?s={search_term_string}\"},\"query-input\":{\"@type\":\"PropertyValueSpecification\",\"valueRequired\":true,\"valueName\":\"search_term_string\"}}],\"inLanguage\":\"en-US\"}]}<\/script>\n<!-- \/ Yoast SEO plugin. -->","yoast_head_json":{"title":"Terms and conditions - Camping Cazorla - Puente de las Herrer\u00edas","description":"Cancellation of the reservation must be communicated via email to info@puentedelasherrerias.com. If a refund is due, please provide a bank account number to transfer the corresponding amount. We hope this information is helpful and look forward to assisting you soon.","robots":{"index":"index","follow":"follow","max-snippet":"max-snippet:-1","max-image-preview":"max-image-preview:large","max-video-preview":"max-video-preview:-1"},"canonical":"https:\/\/www.puentedelasherrerias.com\/en\/https-www-puentedelasherrerias-com-wp-content-uploads-2024-02-condiciones-generales-de-venta-ph-2024-1-pdf\/","og_locale":"en_US","og_type":"article","og_title":"Terms and conditions - Camping Cazorla - Puente de las Herrer\u00edas","og_description":"Cancellation of the reservation must be communicated via email to info@puentedelasherrerias.com. If a refund is due, please provide a bank account number to transfer the corresponding amount. We hope this information is helpful and look forward to assisting you soon.","og_url":"https:\/\/www.puentedelasherrerias.com\/en\/https-www-puentedelasherrerias-com-wp-content-uploads-2024-02-condiciones-generales-de-venta-ph-2024-1-pdf\/","og_site_name":"Camping Bungalows Hotel - Puente de las Herrerias - Cazorla","article_publisher":"https:\/\/www.facebook.com\/puentedelasherrerias\/","article_modified_time":"2024-02-08T19:04:57+00:00","twitter_card":"summary_large_image","twitter_site":"@puenteherrerias","twitter_misc":{"Est. reading time":"1 minute"},"schema":{"@context":"https:\/\/schema.org","@graph":[{"@type":"WebPage","@id":"https:\/\/www.puentedelasherrerias.com\/en\/https-www-puentedelasherrerias-com-wp-content-uploads-2024-02-condiciones-generales-de-venta-ph-2024-1-pdf\/","url":"https:\/\/www.puentedelasherrerias.com\/en\/https-www-puentedelasherrerias-com-wp-content-uploads-2024-02-condiciones-generales-de-venta-ph-2024-1-pdf\/","name":"Terms and conditions - Camping Cazorla - Puente de las Herrer\u00edas","isPartOf":{"@id":"https:\/\/www.puentedelasherrerias.com\/en\/#website"},"datePublished":"2024-02-08T18:47:42+00:00","dateModified":"2024-02-08T19:04:57+00:00","description":"Cancellation of the reservation must be communicated via email to info@puentedelasherrerias.com. If a refund is due, please provide a bank account number to transfer the corresponding amount. We hope this information is helpful and look forward to assisting you soon.","breadcrumb":{"@id":"https:\/\/www.puentedelasherrerias.com\/en\/https-www-puentedelasherrerias-com-wp-content-uploads-2024-02-condiciones-generales-de-venta-ph-2024-1-pdf\/#breadcrumb"},"inLanguage":"en-US","potentialAction":[{"@type":"ReadAction","target":["https:\/\/www.puentedelasherrerias.com\/en\/https-www-puentedelasherrerias-com-wp-content-uploads-2024-02-condiciones-generales-de-venta-ph-2024-1-pdf\/"]}]},{"@type":"BreadcrumbList","@id":"https:\/\/www.puentedelasherrerias.com\/en\/https-www-puentedelasherrerias-com-wp-content-uploads-2024-02-condiciones-generales-de-venta-ph-2024-1-pdf\/#breadcrumb","itemListElement":[{"@type":"ListItem","position":1,"name":"Portada","item":"https:\/\/www.puentedelasherrerias.com\/en\/"},{"@type":"ListItem","position":2,"name":"Terms and conditions"}]},{"@type":"WebSite","@id":"https:\/\/www.puentedelasherrerias.com\/en\/#website","url":"https:\/\/www.puentedelasherrerias.com\/en\/","name":"Camping Bungalows Hotel - Puente de las Herrerias - Cazorla","description":"Situado en pleno coraz\u00f3n del parque natural de Cazorla y Segura y las Villas, Puente de las Herrer\u00edas ofrece una amplia oferta de turismo y ocio: camping, caba\u00f1as de madera, hotel, actividades en la naturaleza...","potentialAction":[{"@type":"SearchAction","target":{"@type":"EntryPoint","urlTemplate":"https:\/\/www.puentedelasherrerias.com\/en\/?s={search_term_string}"},"query-input":{"@type":"PropertyValueSpecification","valueRequired":true,"valueName":"search_term_string"}}],"inLanguage":"en-US"}]}},"_links":{"self":[{"href":"https:\/\/www.puentedelasherrerias.com\/en\/wp-json\/wp\/v2\/pages\/13058","targetHints":{"allow":["GET"]}}],"collection":[{"href":"https:\/\/www.puentedelasherrerias.com\/en\/wp-json\/wp\/v2\/pages"}],"about":[{"href":"https:\/\/www.puentedelasherrerias.com\/en\/wp-json\/wp\/v2\/types\/page"}],"author":[{"embeddable":true,"href":"https:\/\/www.puentedelasherrerias.com\/en\/wp-json\/wp\/v2\/users\/1"}],"replies":[{"embeddable":true,"href":"https:\/\/www.puentedelasherrerias.com\/en\/wp-json\/wp\/v2\/comments?post=13058"}],"version-history":[{"count":9,"href":"https:\/\/www.puentedelasherrerias.com\/en\/wp-json\/wp\/v2\/pages\/13058\/revisions"}],"predecessor-version":[{"id":13074,"href":"https:\/\/www.puentedelasherrerias.com\/en\/wp-json\/wp\/v2\/pages\/13058\/revisions\/13074"}],"wp:attachment":[{"href":"https:\/\/www.puentedelasherrerias.com\/en\/wp-json\/wp\/v2\/media?parent=13058"}],"curies":[{"name":"wp","href":"https:\/\/api.w.org\/{rel}","templated":true}]}}