{"id":2501,"date":"2018-03-24T11:10:21","date_gmt":"2018-03-24T11:10:21","guid":{"rendered":"http:\/\/www.puentedelasherrerias.com\/actividades-multiaventura\/"},"modified":"2018-03-24T11:10:21","modified_gmt":"2018-03-24T11:10:21","slug":"actividades-multiaventura","status":"publish","type":"page","link":"https:\/\/www.puentedelasherrerias.com\/en\/actividades-multiaventura\/","title":{"rendered":"Actividades Multiaventura"},"content":{"rendered":"<div class=\"wpb-content-wrapper\"><p>[vc_row full_width=&#8221;stretch_row_content_no_spaces&#8221; content_placement=&#8221;middle&#8221;][vc_column css=&#8221;.vc_custom_1526813129152{padding-top: 20px !important;padding-bottom: 35px !important;background-color: #71b42e !important;}&#8221;] <h2 style=\"color:#ffffff;padding:px;text-align:center;font-size:24px;line-height:50px;letter-spacing: px;font-weight:\" class=\"    \">Camping - Campamentos - Viajes fin de curso en Cazorla<\/h2> [\/vc_column][\/vc_row][vc_row content_placement=&#8221;middle&#8221; css=&#8221;.vc_custom_1521367027295{margin-top: 30px !important;}&#8221;][vc_column css=&#8221;.vc_custom_1521368147065{margin-top: -3.5em !important;}&#8221;]\n\t<div class=\"nd_options_section nd_options_text_align_center\">\n\t<a style=\"border: 2px solid #fd8200;border-radius:1pxpx;letter-spacing:2px;line-height:11px;font-size:11px;background-color:#ffffff;padding:15px 35px;margin:;color:#71b42e\" rel=\"\" href=\"\/reservas\/\" class=\"nicdark_display_inline_block  nd_options_font_weight_bold nd_options_second_font  \">RESERVAR<\/a>\n\t<\/div>\n[\/vc_column][\/vc_row][vc_row][vc_column]<div style=\"background-color:;height: 40px\" class=\"nicdark_section  \"><\/div>[\/vc_column][\/vc_row][vc_row][vc_column width=&#8221;1\/3&#8243;][vc_separator color=&#8221;custom&#8221; accent_color=&#8221;#fd8301&#8243; css=&#8221;.vc_custom_1522759872784{padding-top: 15px !important;}&#8221;][\/vc_column][vc_column width=&#8221;1\/3&#8243;] <p style=\"color:#71b42e;padding:px;text-align:center;font-size:22px;line-height:32px;letter-spacing: px;font-weight:bold\" class=\"   nd_options_first_font \">ACTIVIDADES MULTIAVENTURA<\/p> <div style=\"background-color:;height: 40px\" class=\"nicdark_section  \"><\/div>[\/vc_column][vc_column width=&#8221;1\/3&#8243;][vc_separator color=&#8221;custom&#8221; accent_color=&#8221;#fd8301&#8243; css=&#8221;.vc_custom_1522759872784{padding-top: 15px !important;}&#8221;][\/vc_column][\/vc_row][vc_row full_width=&#8221;stretch_row&#8221;][vc_column width=&#8221;1\/3&#8243;] <p style=\"color:#71b42e;padding:px;text-align:center;font-size:22px;line-height:32px;letter-spacing: px;font-weight:bold\" class=\"   nd_options_first_font \">ARBORISMO<\/p> [vc_column_text]<\/p>\n<p style=\"text-align: justify;\">El equilibrio, y la destreza se pondr\u00e1n en juego en nuestro circuito de puentes colgantes entre \u00e1rboles. Desde cada una de sus plataformas, podremos percibir desde las alturas la grandeza de la naturaleza y el paso por cada uno de sus puentes.<\/p>\n<p>[\/vc_column_text][vc_media_grid element_width=&#8221;6&#8243; gap=&#8221;1&#8243; grid_id=&#8221;vc_gid:1534763068232-d49d13aa-24ca-10&#8243; include=&#8221;1857,1858&#8243;][\/vc_column][vc_column width=&#8221;1\/3&#8243;] <p style=\"color:#71b42e;padding:px;text-align:center;font-size:22px;line-height:32px;letter-spacing: px;font-weight:bold\" class=\"   nd_options_first_font \">SENDERISMO<\/p> [vc_column_text]<\/p>\n<p style=\"text-align: justify;\">Nuestros cinco sentidos gozar\u00e1n de una experiencia \u00fanica, caminado por uno de los senderos m\u00e1s transitados del parque natural. Refugio de cientos de buitreras, donde seguiremos el sendero con la esperanza de que alg\u00fan quebrantahuesos quiera venir a saludarnos.<\/p>\n<p>[\/vc_column_text][vc_media_grid element_width=&#8221;6&#8243; gap=&#8221;1&#8243; grid_id=&#8221;vc_gid:1534763068237-b758b4ae-8713-6&#8243; include=&#8221;1860,1859&#8243;][\/vc_column][vc_column width=&#8221;1\/3&#8243;] <p style=\"color:#71b42e;padding:px;text-align:center;font-size:22px;line-height:32px;letter-spacing: px;font-weight:bold\" class=\"   nd_options_first_font \">ESCALADA<\/p> [vc_column_text]<\/p>\n<p style=\"text-align: justify;\">La autosuperaci\u00f3n y la fuerza se dan la mano en esta actividad. En roca natural, con el viento y la piedra como compa\u00f1eros, viviremos la experiencia de trepar hasta las alturas haciendo que nuestro cuerpo y nuestra mente se unifiquen con un mismo objetivo.<\/p>\n<p>[\/vc_column_text][vc_media_grid element_width=&#8221;6&#8243; gap=&#8221;1&#8243; grid_id=&#8221;vc_gid:1534763068239-e3bdb5d8-0bd4-10&#8243; include=&#8221;1861,1862&#8243;][\/vc_column][\/vc_row][vc_row full_width=&#8221;stretch_row&#8221;][vc_column width=&#8221;1\/3&#8243;] <p style=\"color:#71b42e;padding:px;text-align:center;font-size:22px;line-height:32px;letter-spacing: px;font-weight:bold\" class=\"   nd_options_first_font \">TIROLINA<\/p> [vc_column_text]<\/p>\n<p style=\"text-align: justify;\">Con nuestro arn\u00e9s y nuestro casco como \u00fanicos aliados, nos deslizaremos por un cable de m\u00e1s de 80 metros de largo viviendo la experiencia de volar como un p\u00e1jaro.<\/p>\n<p>[\/vc_column_text][vc_media_grid element_width=&#8221;6&#8243; gap=&#8221;1&#8243; grid_id=&#8221;vc_gid:1534763068242-0b39bc30-816f-6&#8243; include=&#8221;1863,1864&#8243;][\/vc_column][vc_column width=&#8221;1\/3&#8243;] <p style=\"color:#71b42e;padding:px;text-align:center;font-size:22px;line-height:32px;letter-spacing: px;font-weight:bold\" class=\"   nd_options_first_font \">P\u00c9NDULO HUMANO<\/p> [vc_column_text]<\/p>\n<p style=\"text-align: justify;\">La decisi\u00f3n de saltar o no al vac\u00edo ser\u00e1 s\u00f3lo tuya. Tras subir una escalera hasta la copa de un pino, te armar\u00e1s de valent\u00eda para saltar al vac\u00edo y vivir una de las experiencias m\u00e1s espectaculares.<\/p>\n<p>[\/vc_column_text][vc_media_grid element_width=&#8221;6&#8243; gap=&#8221;1&#8243; grid_id=&#8221;vc_gid:1534763068244-eb2de440-1b58-8&#8243; include=&#8221;2135,2136&#8243;][\/vc_column][vc_column width=&#8221;1\/3&#8243;] <p style=\"color:#71b42e;padding:px;text-align:center;font-size:22px;line-height:32px;letter-spacing: px;font-weight:bold\" class=\"   nd_options_first_font \">PUENTES TIBETANOS<\/p> [vc_column_text]<\/p>\n<p style=\"text-align: justify;\">Nuestra psicomotricidad se pondr\u00e1 a prueba al cruzar cada uno de nuestros puentes tibetanos. Recursos de nuestros antepasados para atravesar monta\u00f1as, viviremos la experiencia de tal odisea.<\/p>\n<p>[\/vc_column_text][vc_media_grid element_width=&#8221;6&#8243; gap=&#8221;1&#8243; grid_id=&#8221;vc_gid:1534763068246-8bfb20d7-203f-1&#8243; include=&#8221;1865,1866&#8243;][\/vc_column][\/vc_row][vc_row][vc_column]<div style=\"background-color:;height: 40px\" class=\"nicdark_section  \"><\/div>[\/vc_column][\/vc_row][vc_row][vc_column width=&#8221;1\/3&#8243;][vc_separator color=&#8221;custom&#8221; accent_color=&#8221;#fd8301&#8243; css=&#8221;.vc_custom_1522759872784{padding-top: 15px !important;}&#8221;][\/vc_column][vc_column width=&#8221;1\/3&#8243;] <p style=\"color:#71b42e;padding:px;text-align:center;font-size:22px;line-height:32px;letter-spacing: px;font-weight:bold\" class=\"   nd_options_first_font \">OTRAS ACTIVIDADES <\/p> <div style=\"background-color:;height: 40px\" class=\"nicdark_section  \"><\/div>[\/vc_column][vc_column width=&#8221;1\/3&#8243;][vc_separator color=&#8221;custom&#8221; accent_color=&#8221;#fd8301&#8243; css=&#8221;.vc_custom_1522759872784{padding-top: 15px !important;}&#8221;][\/vc_column][\/vc_row][vc_row full_width=&#8221;stretch_row&#8221;][vc_column width=&#8221;1\/3&#8243;] <p style=\"color:#71b42e;padding:px;text-align:center;font-size:22px;line-height:32px;letter-spacing: px;font-weight:bold\" class=\"   nd_options_first_font \">TIRO CON ARCO Y CICLOCARS<\/p> [vc_column_text]<\/p>\n<p style=\"text-align: justify;\">La destreza \u00f3culo-manual del tiro con arco y la habilidad motriz de los ciclocars se podr\u00e1n a prueba usando la competitividad sana y el trabajo en equipo como herramientas fundamentales.<\/p>\n<p>[\/vc_column_text][vc_single_image image=&#8221;1530&#8243; img_size=&#8221;370&#215;235&#8243; alignment=&#8221;center&#8221; onclick=&#8221;link_image&#8221;][\/vc_column][vc_column width=&#8221;1\/3&#8243;] <p style=\"color:#71b42e;padding:px;text-align:center;font-size:22px;line-height:32px;letter-spacing: px;font-weight:bold\" class=\"   nd_options_first_font \">EL R\u00cdO<\/p> [vc_column_text]<\/p>\n<p style=\"text-align: justify;\">Nuestro gran aliado durante todo el campamento. Disfrutaremos de la experiencia de ba\u00f1arnos en pozas de ensue\u00f1o y de pasear por su interior descubriendo otra perspectiva del paisaje.<\/p>\n<p>[\/vc_column_text][vc_single_image image=&#8221;2131&#8243; img_size=&#8221;370&#215;235&#8243; alignment=&#8221;center&#8221; onclick=&#8221;link_image&#8221;][\/vc_column][vc_column width=&#8221;1\/3&#8243;] <p style=\"color:#71b42e;padding:px;text-align:center;font-size:22px;line-height:32px;letter-spacing: px;font-weight:bold\" class=\"   nd_options_first_font \">MULTIDEPORTE<\/p> [vc_column_text]<\/p>\n<p style=\"text-align: justify;\">La actividad f\u00edsica como sin\u00f3nimo de vida saludable, el deporte como sin\u00f3nimo de compa\u00f1erismo y cooperaci\u00f3n\u2026estar\u00e1n presentes de forma transversal durante todo el campamento.<\/p>\n<p>[\/vc_column_text][vc_single_image image=&#8221;2133&#8243; img_size=&#8221;370&#215;235&#8243; alignment=&#8221;center&#8221; onclick=&#8221;link_image&#8221;][\/vc_column][\/vc_row][vc_row full_width=&#8221;stretch_row&#8221;][vc_column width=&#8221;1\/3&#8243;] <p style=\"color:#71b42e;padding:px;text-align:center;font-size:22px;line-height:32px;letter-spacing: px;font-weight:bold\" class=\"   nd_options_first_font \">EXCURSIONES<\/p> [vc_column_text]<\/p>\n<p style=\"text-align: justify;\">Nos encontramos en el parque natural m\u00e1s grande de Espa\u00f1a y no podemos dejar escapar la oportunidad de sumergirnos en \u00e9l. La experiencia de pasar el d\u00eda fuera, salir de nuestra zona de confort, de superar una larga caminata y descubrir rincones nuevos es el objetivo principal de nuestra excursi\u00f3n.<\/p>\n<p>[\/vc_column_text][vc_single_image image=&#8221;2132&#8243; img_size=&#8221;370&#215;235&#8243; alignment=&#8221;center&#8221; onclick=&#8221;link_image&#8221;][\/vc_column][vc_column width=&#8221;1\/3&#8243;] <p style=\"color:#71b42e;padding:px;text-align:center;font-size:22px;line-height:32px;letter-spacing: px;font-weight:bold\" class=\"   nd_options_first_font \">TALLERES CREATIVOS<\/p> [vc_column_text]<\/p>\n<p style=\"text-align: justify;\">El desarrollo de la creatividad y la imaginaci\u00f3n es uno de los pilares fundamentales de nuestros campamentos. La decoraci\u00f3n de las caba\u00f1as, los bailes y presentaciones de cada ma\u00f1ana, los talleres de reciclaje, cocina, manualidades\u2026 Permitir\u00e1n al\/a la ni\u00f1@ expresarse con herramientas fuera de lo cotidiano.<\/p>\n<p>[\/vc_column_text][vc_single_image image=&#8221;2139&#8243; img_size=&#8221;370&#215;235&#8243; alignment=&#8221;center&#8221; onclick=&#8221;link_image&#8221;][\/vc_column][vc_column width=&#8221;1\/3&#8243;] <p style=\"color:#71b42e;padding:px;text-align:center;font-size:22px;line-height:32px;letter-spacing: px;font-weight:bold\" class=\"   nd_options_first_font \">MOMENTOS DE RELAX<\/p> [vc_column_text]<\/p>\n<p style=\"text-align: justify;\">Las emociones vividas durante el d\u00eda ser\u00e1n experiecias tan emocionantes como agotadoras, por ello, en las noches, se buscar\u00e1 crear un clima de convivencia donde los cuentos y leyendas, la astronom\u00eda, los senderos nocturnos y las veladas de animaci\u00f3n servir\u00e1n como momentos de encuentro para compartir sensaciones.<\/p>\n<p>[\/vc_column_text][vc_single_image image=&#8221;2137&#8243; img_size=&#8221;370&#215;235&#8243; alignment=&#8221;center&#8221; onclick=&#8221;link_image&#8221;][\/vc_column][\/vc_row]<\/p>\n<\/div>","protected":false},"excerpt":{"rendered":"<p>[vc_row full_width=&#8221;stretch_row_content_no_spaces&#8221; content_placement=&#8221;middle&#8221;][vc_column css=&#8221;.vc_custom_1526813129152{padding-top: 20px !important;padding-bottom: 35px !important;background-color: #71b42e !important;}&#8221;][\/vc_column][\/vc_row][vc_row content_placement=&#8221;middle&#8221; css=&#8221;.vc_custom_1521367027295{margin-top: 30px !important;}&#8221;][vc_column css=&#8221;.vc_custom_1521368147065{margin-top: -3.5em !important;}&#8221;][\/vc_column][\/vc_row][vc_row][vc_column][\/vc_column][\/vc_row][vc_row][vc_column width=&#8221;1\/3&#8243;][vc_separator color=&#8221;custom&#8221; accent_color=&#8221;#fd8301&#8243; css=&#8221;.vc_custom_1522759872784{padding-top: 15px !important;}&#8221;][\/vc_column][vc_column width=&#8221;1\/3&#8243;][\/vc_column][vc_column width=&#8221;1\/3&#8243;][vc_separator color=&#8221;custom&#8221; accent_color=&#8221;#fd8301&#8243; css=&#8221;.vc_custom_1522759872784{padding-top: 15px !important;}&#8221;][\/vc_column][\/vc_row][vc_row full_width=&#8221;stretch_row&#8221;][vc_column width=&#8221;1\/3&#8243;][vc_column_text] El equilibrio, y la destreza se pondr\u00e1n en juego en nuestro circuito de puentes colgantes entre \u00e1rboles. Desde cada una de sus plataformas, [&hellip;]<\/p>\n","protected":false},"author":1,"featured_media":0,"parent":0,"menu_order":0,"comment_status":"closed","ping_status":"closed","template":"","meta":{"_joinchat":[],"footnotes":""},"class_list":["post-2501","page","type-page","status-publish","hentry"],"yoast_head":"<!-- This site is optimized with the Yoast SEO plugin v27.5 - https:\/\/yoast.com\/product\/yoast-seo-wordpress\/ -->\n<title>Actividades Multiaventura - Camping Cazorla - Puente de las Herrer\u00edas<\/title>\n<meta name=\"description\" content=\"Actividades y animaci\u00f3n - Si su visita a Cazorla es con ni\u00f1os, o busca un camping que ofrezca algo m\u00e1s, en Puente de las Herrer\u00edas garantizamos la diversi\u00f3n para todas las edades con muchas alternativas de multiaventura, senderismo y ocio totalmente gratis para nuestros clientes.\" \/>\n<meta name=\"robots\" content=\"index, follow, max-snippet:-1, max-image-preview:large, max-video-preview:-1\" \/>\n<link rel=\"canonical\" href=\"https:\/\/www.puentedelasherrerias.com\/en\/actividades-multiaventura\/\" \/>\n<meta property=\"og:locale\" content=\"en_US\" \/>\n<meta property=\"og:type\" content=\"article\" \/>\n<meta property=\"og:title\" content=\"Actividades Multiaventura - Camping Cazorla - Puente de las Herrer\u00edas\" \/>\n<meta property=\"og:description\" content=\"Actividades y animaci\u00f3n - Si su visita a Cazorla es con ni\u00f1os, o busca un camping que ofrezca algo m\u00e1s, en Puente de las Herrer\u00edas garantizamos la diversi\u00f3n para todas las edades con muchas alternativas de multiaventura, senderismo y ocio totalmente gratis para nuestros clientes.\" \/>\n<meta property=\"og:url\" content=\"https:\/\/www.puentedelasherrerias.com\/en\/actividades-multiaventura\/\" \/>\n<meta property=\"og:site_name\" content=\"Camping Bungalows Hotel - Puente de las Herrerias - Cazorla\" \/>\n<meta property=\"article:publisher\" content=\"https:\/\/www.facebook.com\/puentedelasherrerias\/\" \/>\n<meta name=\"twitter:card\" content=\"summary_large_image\" \/>\n<meta name=\"twitter:site\" content=\"@puenteherrerias\" \/>\n<meta name=\"twitter:label1\" content=\"Est. reading time\" \/>\n\t<meta name=\"twitter:data1\" content=\"9 minutes\" \/>\n<script type=\"application\/ld+json\" class=\"yoast-schema-graph\">{\"@context\":\"https:\\\/\\\/schema.org\",\"@graph\":[{\"@type\":\"WebPage\",\"@id\":\"https:\\\/\\\/www.puentedelasherrerias.com\\\/en\\\/actividades-multiaventura\\\/\",\"url\":\"https:\\\/\\\/www.puentedelasherrerias.com\\\/en\\\/actividades-multiaventura\\\/\",\"name\":\"Actividades Multiaventura - Camping Cazorla - Puente de las Herrer\u00edas\",\"isPartOf\":{\"@id\":\"https:\\\/\\\/www.puentedelasherrerias.com\\\/en\\\/#website\"},\"datePublished\":\"2018-03-24T11:10:21+00:00\",\"description\":\"Actividades y animaci\u00f3n - Si su visita a Cazorla es con ni\u00f1os, o busca un camping que ofrezca algo m\u00e1s, en Puente de las Herrer\u00edas garantizamos la diversi\u00f3n para todas las edades con muchas alternativas de multiaventura, senderismo y ocio totalmente gratis para nuestros clientes.\",\"breadcrumb\":{\"@id\":\"https:\\\/\\\/www.puentedelasherrerias.com\\\/en\\\/actividades-multiaventura\\\/#breadcrumb\"},\"inLanguage\":\"en-US\",\"potentialAction\":[{\"@type\":\"ReadAction\",\"target\":[\"https:\\\/\\\/www.puentedelasherrerias.com\\\/en\\\/actividades-multiaventura\\\/\"]}]},{\"@type\":\"BreadcrumbList\",\"@id\":\"https:\\\/\\\/www.puentedelasherrerias.com\\\/en\\\/actividades-multiaventura\\\/#breadcrumb\",\"itemListElement\":[{\"@type\":\"ListItem\",\"position\":1,\"name\":\"Portada\",\"item\":\"https:\\\/\\\/www.puentedelasherrerias.com\\\/en\\\/\"},{\"@type\":\"ListItem\",\"position\":2,\"name\":\"Actividades Multiaventura\"}]},{\"@type\":\"WebSite\",\"@id\":\"https:\\\/\\\/www.puentedelasherrerias.com\\\/en\\\/#website\",\"url\":\"https:\\\/\\\/www.puentedelasherrerias.com\\\/en\\\/\",\"name\":\"Camping Bungalows Hotel - Puente de las Herrerias - Cazorla\",\"description\":\"Situado en pleno coraz\u00f3n del parque natural de Cazorla y Segura y las Villas, Puente de las Herrer\u00edas ofrece una amplia oferta de turismo y ocio: camping, caba\u00f1as de madera, hotel, actividades en la naturaleza...\",\"potentialAction\":[{\"@type\":\"SearchAction\",\"target\":{\"@type\":\"EntryPoint\",\"urlTemplate\":\"https:\\\/\\\/www.puentedelasherrerias.com\\\/en\\\/?s={search_term_string}\"},\"query-input\":{\"@type\":\"PropertyValueSpecification\",\"valueRequired\":true,\"valueName\":\"search_term_string\"}}],\"inLanguage\":\"en-US\"}]}<\/script>\n<!-- \/ Yoast SEO plugin. -->","yoast_head_json":{"title":"Actividades Multiaventura - Camping Cazorla - Puente de las Herrer\u00edas","description":"Actividades y animaci\u00f3n - Si su visita a Cazorla es con ni\u00f1os, o busca un camping que ofrezca algo m\u00e1s, en Puente de las Herrer\u00edas garantizamos la diversi\u00f3n para todas las edades con muchas alternativas de multiaventura, senderismo y ocio totalmente gratis para nuestros clientes.","robots":{"index":"index","follow":"follow","max-snippet":"max-snippet:-1","max-image-preview":"max-image-preview:large","max-video-preview":"max-video-preview:-1"},"canonical":"https:\/\/www.puentedelasherrerias.com\/en\/actividades-multiaventura\/","og_locale":"en_US","og_type":"article","og_title":"Actividades Multiaventura - Camping Cazorla - Puente de las Herrer\u00edas","og_description":"Actividades y animaci\u00f3n - Si su visita a Cazorla es con ni\u00f1os, o busca un camping que ofrezca algo m\u00e1s, en Puente de las Herrer\u00edas garantizamos la diversi\u00f3n para todas las edades con muchas alternativas de multiaventura, senderismo y ocio totalmente gratis para nuestros clientes.","og_url":"https:\/\/www.puentedelasherrerias.com\/en\/actividades-multiaventura\/","og_site_name":"Camping Bungalows Hotel - Puente de las Herrerias - Cazorla","article_publisher":"https:\/\/www.facebook.com\/puentedelasherrerias\/","twitter_card":"summary_large_image","twitter_site":"@puenteherrerias","twitter_misc":{"Est. reading time":"9 minutes"},"schema":{"@context":"https:\/\/schema.org","@graph":[{"@type":"WebPage","@id":"https:\/\/www.puentedelasherrerias.com\/en\/actividades-multiaventura\/","url":"https:\/\/www.puentedelasherrerias.com\/en\/actividades-multiaventura\/","name":"Actividades Multiaventura - Camping Cazorla - Puente de las Herrer\u00edas","isPartOf":{"@id":"https:\/\/www.puentedelasherrerias.com\/en\/#website"},"datePublished":"2018-03-24T11:10:21+00:00","description":"Actividades y animaci\u00f3n - Si su visita a Cazorla es con ni\u00f1os, o busca un camping que ofrezca algo m\u00e1s, en Puente de las Herrer\u00edas garantizamos la diversi\u00f3n para todas las edades con muchas alternativas de multiaventura, senderismo y ocio totalmente gratis para nuestros clientes.","breadcrumb":{"@id":"https:\/\/www.puentedelasherrerias.com\/en\/actividades-multiaventura\/#breadcrumb"},"inLanguage":"en-US","potentialAction":[{"@type":"ReadAction","target":["https:\/\/www.puentedelasherrerias.com\/en\/actividades-multiaventura\/"]}]},{"@type":"BreadcrumbList","@id":"https:\/\/www.puentedelasherrerias.com\/en\/actividades-multiaventura\/#breadcrumb","itemListElement":[{"@type":"ListItem","position":1,"name":"Portada","item":"https:\/\/www.puentedelasherrerias.com\/en\/"},{"@type":"ListItem","position":2,"name":"Actividades Multiaventura"}]},{"@type":"WebSite","@id":"https:\/\/www.puentedelasherrerias.com\/en\/#website","url":"https:\/\/www.puentedelasherrerias.com\/en\/","name":"Camping Bungalows Hotel - Puente de las Herrerias - Cazorla","description":"Situado en pleno coraz\u00f3n del parque natural de Cazorla y Segura y las Villas, Puente de las Herrer\u00edas ofrece una amplia oferta de turismo y ocio: camping, caba\u00f1as de madera, hotel, actividades en la naturaleza...","potentialAction":[{"@type":"SearchAction","target":{"@type":"EntryPoint","urlTemplate":"https:\/\/www.puentedelasherrerias.com\/en\/?s={search_term_string}"},"query-input":{"@type":"PropertyValueSpecification","valueRequired":true,"valueName":"search_term_string"}}],"inLanguage":"en-US"}]}},"_links":{"self":[{"href":"https:\/\/www.puentedelasherrerias.com\/en\/wp-json\/wp\/v2\/pages\/2501","targetHints":{"allow":["GET"]}}],"collection":[{"href":"https:\/\/www.puentedelasherrerias.com\/en\/wp-json\/wp\/v2\/pages"}],"about":[{"href":"https:\/\/www.puentedelasherrerias.com\/en\/wp-json\/wp\/v2\/types\/page"}],"author":[{"embeddable":true,"href":"https:\/\/www.puentedelasherrerias.com\/en\/wp-json\/wp\/v2\/users\/1"}],"replies":[{"embeddable":true,"href":"https:\/\/www.puentedelasherrerias.com\/en\/wp-json\/wp\/v2\/comments?post=2501"}],"version-history":[{"count":0,"href":"https:\/\/www.puentedelasherrerias.com\/en\/wp-json\/wp\/v2\/pages\/2501\/revisions"}],"wp:attachment":[{"href":"https:\/\/www.puentedelasherrerias.com\/en\/wp-json\/wp\/v2\/media?parent=2501"}],"curies":[{"name":"wp","href":"https:\/\/api.w.org\/{rel}","templated":true}]}}