{"id":2570,"date":"2018-04-09T13:15:22","date_gmt":"2018-04-09T13:15:22","guid":{"rendered":"http:\/\/www.puentedelasherrerias.com\/aviso-legal\/"},"modified":"2018-10-29T00:28:55","modified_gmt":"2018-10-29T00:28:55","slug":"legal-notice-and-privacy-policy","status":"publish","type":"page","link":"https:\/\/www.puentedelasherrerias.com\/en\/legal-notice-and-privacy-policy\/","title":{"rendered":"Legal Notice and Privacy Policy"},"content":{"rendered":"<div class=\"wpb-content-wrapper\"><p>[vc_row full_width=&#8221;stretch_row_content_no_spaces&#8221; content_placement=&#8221;middle&#8221;][vc_column css=&#8221;.vc_custom_1526815144630{padding-top: 20px !important;padding-bottom: 35px !important;background-color: #71b42e !important;}&#8221;] <h2 style=\"color:#ffffff;padding:px;text-align:center;font-size:24px;line-height:50px;letter-spacing: px;font-weight:\" class=\"    \">Campsites - camps in Cazorla<\/h2> [\/vc_column][\/vc_row][vc_row content_placement=&#8221;middle&#8221; css=&#8221;.vc_custom_1521367027295{margin-top: 30px !important;}&#8221;][vc_column css=&#8221;.vc_custom_1521368147065{margin-top: -3.5em !important;}&#8221;]\n\t<div class=\"nd_options_section nd_options_text_align_center\">\n\t<a style=\"border: 2px solid #fd8f1a;border-radius:1pxpx;letter-spacing:2px;line-height:11px;font-size:11px;background-color:#ffffff;padding:15px 35px;margin:;color:#71b42e\" rel=\"\" href=\"http:\/\/www.puentedelasherrerias.com\/en\/booking\/\" class=\"nicdark_display_inline_block  nd_options_font_weight_bold nd_options_second_font  \">RESERVATION<\/a>\n\t<\/div>\n[\/vc_column][\/vc_row][vc_row css=&#8221;.vc_custom_1523279698464{border-bottom-width: 20px !important;padding-top: 20px !important;}&#8221;][vc_column][vc_column_text]<\/p>\n<div class=\"dBC8\">\n<p><strong>Conditions of Use and Legal Advice<\/strong><\/p>\n<p><strong>General information<\/strong><\/p>\n<p>In compliance with Law 34\/2002, of 11<sup>th<\/sup> July, of Services of the Society for Information and Electronic Commerce, printed below is the general information data relating to WWW.PUENTEDELASHERRERIAS.COM:<\/p>\n<p>Owner: (lopetis sl)<\/p>\n<p>C.I.F .: (B93054633)<\/p>\n<p>Address: (Nacimiento del Guadalquivir 2. 23470 Cazorla, JAEN)<\/p>\n<p>Contact: (PUENTEH@INFONEGOCIO.COM)<\/p>\n<p>Tel .: (953727090)<\/p>\n<p>Fax .: (953727090)<\/p>\n<p>Registration Data: (CAMPING: 2\u00aa CATEGORIA &#8211; RETA: CM \/ JA \/ 0046 &#8211; REGISTRATION IN THE REGISTER MERCANTIL DE JAEN &#8211; LOPETIS SOCIEDAD LIMITADA &#8211; PRESENTATION VOLUME: 4744.3652 FOLIO 67 &#8211; LEAF: MA104714- DATE: 12\/03\/2010 &#8211; REGISTRATION 1)<\/p>\n<p>Under the provisions of Law 15\/1999 of 13<sup>th<\/sup> December &#8211; Protection of Personal Data -we inform you that by completing this form your personal data will be incorporated into and processed in the files owned by (LOPETIS SL), in order to improve the personalized attention given to each of our clients, as well keeping them informed, including by electronic means, regarding matters related to the activities of the Company and its services.<\/p>\n<p>You can exercise, at any time, your right of access, rectification, cancellation and opposition to your personal data being held by email to (PUENTEH@INFONEGOCIO.COM) or by writing to Carretera Nacimiento del Guadalquivir 2. 23470 Cazorla, JAEN<\/p>\n<\/div>\n<p>[\/vc_column_text][\/vc_column][\/vc_row]<\/p>\n<\/div>","protected":false},"excerpt":{"rendered":"<p>[vc_row full_width=&#8221;stretch_row_content_no_spaces&#8221; content_placement=&#8221;middle&#8221;][vc_column css=&#8221;.vc_custom_1526815144630{padding-top: 20px !important;padding-bottom: 35px !important;background-color: #71b42e !important;}&#8221;][\/vc_column][\/vc_row][vc_row content_placement=&#8221;middle&#8221; css=&#8221;.vc_custom_1521367027295{margin-top: 30px !important;}&#8221;][vc_column css=&#8221;.vc_custom_1521368147065{margin-top: -3.5em !important;}&#8221;][\/vc_column][\/vc_row][vc_row css=&#8221;.vc_custom_1523279698464{border-bottom-width: 20px !important;padding-top: 20px !important;}&#8221;][vc_column][vc_column_text] Conditions of Use and Legal Advice General information In compliance with Law 34\/2002, of 11th July, of Services of the Society for Information and Electronic Commerce, printed below is the general information data [&hellip;]<\/p>\n","protected":false},"author":1,"featured_media":0,"parent":0,"menu_order":0,"comment_status":"closed","ping_status":"closed","template":"","meta":{"_joinchat":[],"footnotes":""},"class_list":["post-2570","page","type-page","status-publish","hentry"],"yoast_head":"<!-- This site is optimized with the Yoast SEO plugin v27.5 - https:\/\/yoast.com\/product\/yoast-seo-wordpress\/ -->\n<title>Legal Notice and Privacy Policy - Camping Bungalows Hotel - Puente de las Herrerias - Cazorla<\/title>\n<meta name=\"robots\" content=\"noindex, nofollow\" \/>\n<meta property=\"og:locale\" content=\"en_US\" \/>\n<meta property=\"og:type\" content=\"article\" \/>\n<meta property=\"og:title\" content=\"Legal Notice and Privacy Policy - Camping Bungalows Hotel - Puente de las Herrerias - Cazorla\" \/>\n<meta property=\"og:description\" content=\"[vc_row full_width=&#8221;stretch_row_content_no_spaces&#8221; content_placement=&#8221;middle&#8221;][vc_column css=&#8221;.vc_custom_1526815144630{padding-top: 20px !important;padding-bottom: 35px !important;background-color: #71b42e !important;}&#8221;][\/vc_column][\/vc_row][vc_row content_placement=&#8221;middle&#8221; css=&#8221;.vc_custom_1521367027295{margin-top: 30px !important;}&#8221;][vc_column css=&#8221;.vc_custom_1521368147065{margin-top: -3.5em !important;}&#8221;][\/vc_column][\/vc_row][vc_row css=&#8221;.vc_custom_1523279698464{border-bottom-width: 20px !important;padding-top: 20px !important;}&#8221;][vc_column][vc_column_text] Conditions of Use and Legal Advice General information In compliance with Law 34\/2002, of 11th July, of Services of the Society for Information and Electronic Commerce, printed below is the general information data [&hellip;]\" \/>\n<meta property=\"og:url\" content=\"https:\/\/www.puentedelasherrerias.com\/en\/legal-notice-and-privacy-policy\/\" \/>\n<meta property=\"og:site_name\" content=\"Camping Bungalows Hotel - Puente de las Herrerias - Cazorla\" \/>\n<meta property=\"article:publisher\" content=\"https:\/\/www.facebook.com\/puentedelasherrerias\/\" \/>\n<meta property=\"article:modified_time\" content=\"2018-10-29T00:28:55+00:00\" \/>\n<meta name=\"twitter:card\" content=\"summary_large_image\" \/>\n<meta name=\"twitter:site\" content=\"@puenteherrerias\" \/>\n<meta name=\"twitter:label1\" content=\"Est. reading time\" \/>\n\t<meta name=\"twitter:data1\" content=\"2 minutes\" \/>\n<script type=\"application\/ld+json\" class=\"yoast-schema-graph\">{\"@context\":\"https:\\\/\\\/schema.org\",\"@graph\":[{\"@type\":\"WebPage\",\"@id\":\"https:\\\/\\\/www.puentedelasherrerias.com\\\/en\\\/legal-notice-and-privacy-policy\\\/\",\"url\":\"https:\\\/\\\/www.puentedelasherrerias.com\\\/en\\\/legal-notice-and-privacy-policy\\\/\",\"name\":\"Legal Notice and Privacy Policy - Camping Bungalows Hotel - Puente de las Herrerias - Cazorla\",\"isPartOf\":{\"@id\":\"https:\\\/\\\/www.puentedelasherrerias.com\\\/en\\\/#website\"},\"datePublished\":\"2018-04-09T13:15:22+00:00\",\"dateModified\":\"2018-10-29T00:28:55+00:00\",\"breadcrumb\":{\"@id\":\"https:\\\/\\\/www.puentedelasherrerias.com\\\/en\\\/legal-notice-and-privacy-policy\\\/#breadcrumb\"},\"inLanguage\":\"en-US\",\"potentialAction\":[{\"@type\":\"ReadAction\",\"target\":[\"https:\\\/\\\/www.puentedelasherrerias.com\\\/en\\\/legal-notice-and-privacy-policy\\\/\"]}]},{\"@type\":\"BreadcrumbList\",\"@id\":\"https:\\\/\\\/www.puentedelasherrerias.com\\\/en\\\/legal-notice-and-privacy-policy\\\/#breadcrumb\",\"itemListElement\":[{\"@type\":\"ListItem\",\"position\":1,\"name\":\"Portada\",\"item\":\"https:\\\/\\\/www.puentedelasherrerias.com\\\/en\\\/\"},{\"@type\":\"ListItem\",\"position\":2,\"name\":\"Legal Notice and Privacy Policy\"}]},{\"@type\":\"WebSite\",\"@id\":\"https:\\\/\\\/www.puentedelasherrerias.com\\\/en\\\/#website\",\"url\":\"https:\\\/\\\/www.puentedelasherrerias.com\\\/en\\\/\",\"name\":\"Camping Bungalows Hotel - Puente de las Herrerias - Cazorla\",\"description\":\"Situado en pleno coraz\u00f3n del parque natural de Cazorla y Segura y las Villas, Puente de las Herrer\u00edas ofrece una amplia oferta de turismo y ocio: camping, caba\u00f1as de madera, hotel, actividades en la naturaleza...\",\"potentialAction\":[{\"@type\":\"SearchAction\",\"target\":{\"@type\":\"EntryPoint\",\"urlTemplate\":\"https:\\\/\\\/www.puentedelasherrerias.com\\\/en\\\/?s={search_term_string}\"},\"query-input\":{\"@type\":\"PropertyValueSpecification\",\"valueRequired\":true,\"valueName\":\"search_term_string\"}}],\"inLanguage\":\"en-US\"}]}<\/script>\n<!-- \/ Yoast SEO plugin. -->","yoast_head_json":{"title":"Legal Notice and Privacy Policy - Camping Bungalows Hotel - Puente de las Herrerias - Cazorla","robots":{"index":"noindex","follow":"nofollow"},"og_locale":"en_US","og_type":"article","og_title":"Legal Notice and Privacy Policy - Camping Bungalows Hotel - Puente de las Herrerias - Cazorla","og_description":"[vc_row full_width=&#8221;stretch_row_content_no_spaces&#8221; content_placement=&#8221;middle&#8221;][vc_column css=&#8221;.vc_custom_1526815144630{padding-top: 20px !important;padding-bottom: 35px !important;background-color: #71b42e !important;}&#8221;][\/vc_column][\/vc_row][vc_row content_placement=&#8221;middle&#8221; css=&#8221;.vc_custom_1521367027295{margin-top: 30px !important;}&#8221;][vc_column css=&#8221;.vc_custom_1521368147065{margin-top: -3.5em !important;}&#8221;][\/vc_column][\/vc_row][vc_row css=&#8221;.vc_custom_1523279698464{border-bottom-width: 20px !important;padding-top: 20px !important;}&#8221;][vc_column][vc_column_text] Conditions of Use and Legal Advice General information In compliance with Law 34\/2002, of 11th July, of Services of the Society for Information and Electronic Commerce, printed below is the general information data [&hellip;]","og_url":"https:\/\/www.puentedelasherrerias.com\/en\/legal-notice-and-privacy-policy\/","og_site_name":"Camping Bungalows Hotel - Puente de las Herrerias - Cazorla","article_publisher":"https:\/\/www.facebook.com\/puentedelasherrerias\/","article_modified_time":"2018-10-29T00:28:55+00:00","twitter_card":"summary_large_image","twitter_site":"@puenteherrerias","twitter_misc":{"Est. reading time":"2 minutes"},"schema":{"@context":"https:\/\/schema.org","@graph":[{"@type":"WebPage","@id":"https:\/\/www.puentedelasherrerias.com\/en\/legal-notice-and-privacy-policy\/","url":"https:\/\/www.puentedelasherrerias.com\/en\/legal-notice-and-privacy-policy\/","name":"Legal Notice and Privacy Policy - Camping Bungalows Hotel - Puente de las Herrerias - Cazorla","isPartOf":{"@id":"https:\/\/www.puentedelasherrerias.com\/en\/#website"},"datePublished":"2018-04-09T13:15:22+00:00","dateModified":"2018-10-29T00:28:55+00:00","breadcrumb":{"@id":"https:\/\/www.puentedelasherrerias.com\/en\/legal-notice-and-privacy-policy\/#breadcrumb"},"inLanguage":"en-US","potentialAction":[{"@type":"ReadAction","target":["https:\/\/www.puentedelasherrerias.com\/en\/legal-notice-and-privacy-policy\/"]}]},{"@type":"BreadcrumbList","@id":"https:\/\/www.puentedelasherrerias.com\/en\/legal-notice-and-privacy-policy\/#breadcrumb","itemListElement":[{"@type":"ListItem","position":1,"name":"Portada","item":"https:\/\/www.puentedelasherrerias.com\/en\/"},{"@type":"ListItem","position":2,"name":"Legal Notice and Privacy Policy"}]},{"@type":"WebSite","@id":"https:\/\/www.puentedelasherrerias.com\/en\/#website","url":"https:\/\/www.puentedelasherrerias.com\/en\/","name":"Camping Bungalows Hotel - Puente de las Herrerias - Cazorla","description":"Situado en pleno coraz\u00f3n del parque natural de Cazorla y Segura y las Villas, Puente de las Herrer\u00edas ofrece una amplia oferta de turismo y ocio: camping, caba\u00f1as de madera, hotel, actividades en la naturaleza...","potentialAction":[{"@type":"SearchAction","target":{"@type":"EntryPoint","urlTemplate":"https:\/\/www.puentedelasherrerias.com\/en\/?s={search_term_string}"},"query-input":{"@type":"PropertyValueSpecification","valueRequired":true,"valueName":"search_term_string"}}],"inLanguage":"en-US"}]}},"_links":{"self":[{"href":"https:\/\/www.puentedelasherrerias.com\/en\/wp-json\/wp\/v2\/pages\/2570","targetHints":{"allow":["GET"]}}],"collection":[{"href":"https:\/\/www.puentedelasherrerias.com\/en\/wp-json\/wp\/v2\/pages"}],"about":[{"href":"https:\/\/www.puentedelasherrerias.com\/en\/wp-json\/wp\/v2\/types\/page"}],"author":[{"embeddable":true,"href":"https:\/\/www.puentedelasherrerias.com\/en\/wp-json\/wp\/v2\/users\/1"}],"replies":[{"embeddable":true,"href":"https:\/\/www.puentedelasherrerias.com\/en\/wp-json\/wp\/v2\/comments?post=2570"}],"version-history":[{"count":0,"href":"https:\/\/www.puentedelasherrerias.com\/en\/wp-json\/wp\/v2\/pages\/2570\/revisions"}],"wp:attachment":[{"href":"https:\/\/www.puentedelasherrerias.com\/en\/wp-json\/wp\/v2\/media?parent=2570"}],"curies":[{"name":"wp","href":"https:\/\/api.w.org\/{rel}","templated":true}]}}