{"id":2590,"date":"2018-04-29T10:55:15","date_gmt":"2018-04-29T10:55:15","guid":{"rendered":"http:\/\/www.puentedelasherrerias.com\/instalaciones\/"},"modified":"2022-03-19T19:02:03","modified_gmt":"2022-03-19T18:02:03","slug":"facilities","status":"publish","type":"page","link":"https:\/\/www.puentedelasherrerias.com\/en\/facilities\/","title":{"rendered":"Facilities"},"content":{"rendered":"<div class=\"wpb-content-wrapper\"><p>[vc_row full_width=&#8221;stretch_row_content_no_spaces&#8221; content_placement=&#8221;middle&#8221;][vc_column css=&#8221;.vc_custom_1526842066973{padding-top: 20px !important;padding-bottom: 35px !important;background-color: #71b42e !important;}&#8221;] <h2 style=\"color:#ffffff;padding:px;text-align:center;font-size:24px;line-height:50px;letter-spacing: px;font-weight:\" class=\"    \">Campsites - camps in Cazorla<\/h2> [\/vc_column][\/vc_row][vc_row content_placement=&#8221;middle&#8221; css=&#8221;.vc_custom_1521367027295{margin-top: 30px !important;}&#8221;][vc_column css=&#8221;.vc_custom_1521368147065{margin-top: -3.5em !important;}&#8221;]\n\t<div class=\"nd_options_section nd_options_text_align_center\">\n\t<a style=\"border: 2px solid #fd8200;border-radius:1pxpx;letter-spacing:2px;line-height:11px;font-size:11px;background-color:#ffffff;padding:15px 35px;margin:;color:#71b42e\" rel=\"\" href=\"\/contact\/\" class=\"nicdark_display_inline_block  nd_options_font_weight_bold nd_options_second_font  \">CONTACT<\/a>\n\t<\/div>\n[\/vc_column][\/vc_row][vc_row][vc_column]<div style=\"background-color:;height: 40px\" class=\"nicdark_section  \"><\/div>[\/vc_column][\/vc_row][vc_row][vc_column width=&#8221;1\/2&#8243;][vc_gallery interval=&#8221;3&#8243; images=&#8221;10002,10005,10008&#8243; img_size=&#8221;570X400&#8243;] <p style=\"color:#17482a;padding:px;text-align:center;font-size:22px;line-height:32px;letter-spacing: px;font-weight:bold\" class=\"   nd_options_first_font \">SWIMMING POOL<\/p> [vc_column_text]<\/p>\n<p style=\"text-align: center;\">The pool hours are from 12:00 to 20:00<\/p>\n<p>[\/vc_column_text][\/vc_column][vc_column width=&#8221;1\/2&#8243;][vc_gallery interval=&#8221;3&#8243; images=&#8221;10238&#8243; img_size=&#8221;570X400&#8243;] <p style=\"color:#17482a;padding:px;text-align:center;font-size:22px;line-height:32px;letter-spacing: px;font-weight:bold\" class=\"   nd_options_first_font \">LAUNDRY SERVICE<\/p> [vc_column_text]<\/p>\n<p style=\"text-align: center;\">There is a washing machine and dryer available. Price for use \u20ac 4 per wash \/ drying.<\/p>\n<p>[\/vc_column_text][\/vc_column][\/vc_row][vc_row][vc_column width=&#8221;1\/2&#8243;][vc_gallery interval=&#8221;3&#8243; images=&#8221;9993,9990,10012&#8243; img_size=&#8221;570X400&#8243;] <p style=\"color:#17482a;padding:px;text-align:center;font-size:22px;line-height:32px;letter-spacing: px;font-weight:bold\" class=\"   nd_options_first_font \">MODULES OF BATHS AND SHOWERS<\/p> [vc_column_text]<\/p>\n<p style=\"text-align: center;\">In the campsite there are 5 service modules with showers, washbasins, toilets, wash basins and sinks<\/p>\n<p>[\/vc_column_text][\/vc_column][vc_column width=&#8221;1\/2&#8243;][vc_gallery interval=&#8221;3&#8243; images=&#8221;10016,10019,10022&#8243; img_size=&#8221;570X400&#8243;] <p style=\"color:#17482a;padding:px;text-align:center;font-size:22px;line-height:32px;letter-spacing: px;font-weight:bold\" class=\"   nd_options_first_font \">MULTIAVENTURA PARK<\/p> [vc_column_text]<\/p>\n<p style=\"text-align: center;\">The multi-adventure park consists of two Tibetan Bridges structures with a climbing wall, a structure with several platforms between the trees (arborism) and a zip-line reception tower with a climbing wall and a human pendulum<\/p>\n<p>[\/vc_column_text][\/vc_column][\/vc_row][vc_row full_width=&#8221;stretch_row&#8221;][vc_column]<div style=\"background-color:;height: 20px\" class=\"nicdark_section  \"><\/div>[vc_row_inner][vc_column_inner width=&#8221;1\/3&#8243;][vc_separator color=&#8221;custom&#8221; accent_color=&#8221;#fd8200&#8243; css=&#8221;.vc_custom_1522844215661{padding-top: 10px !important;}&#8221;][\/vc_column_inner][vc_column_inner width=&#8221;1\/3&#8243;] <h3 style=\"color:#17482a;padding:px;text-align:center;font-size:22pxpx;line-height:px;letter-spacing: px;font-weight:bold\" class=\"  nd_options_text_align_center_responsive_important nd_options_first_font \">RESTAURANT<\/h3> [\/vc_column_inner][vc_column_inner width=&#8221;1\/3&#8243;][vc_separator color=&#8221;custom&#8221; accent_color=&#8221;#fd8200&#8243; css=&#8221;.vc_custom_1522844222645{padding-top: 10px !important;}&#8221;][\/vc_column_inner][\/vc_row_inner]<div style=\"background-color:;height: 20px\" class=\"nicdark_section  \"><\/div>[vc_row_inner][vc_column_inner width=&#8221;1\/2&#8243;][vc_single_image image=&#8221;10098&#8243; img_size=&#8221;500X350&#8243;][vc_single_image image=&#8221;8956&#8243; img_size=&#8221;500X350&#8243;][vc_single_image image=&#8221;9339&#8243; img_size=&#8221;500X350&#8243;][\/vc_column_inner][vc_column_inner width=&#8221;1\/2&#8243;][vc_column_text css=&#8221;.vc_custom_1540775688814{margin-bottom: 0px !important;}&#8221;]In the restaurant we have a wide variety of typical dishes. Our specialty is the Smoked Trout in our own oven, the bush meat, sirloin with marjoram, loin of orza, vegetables from the garden (zucchini and spinach in an exquisite traditional sauce), rin-ran (typical dish based on potato, dried red pepper, cod and extra virgin olive oil), chicken with garlic, mountain slaughter (chorizo, black and white blood sausage from the area), stew, soup, gazpacho, salmorejo and salads.<\/p>\n<p>&nbsp;<\/p>\n<p>Also, on our oak charcoal barbecue, we prepare lamb chops, venison and pork, pork tenderloin and venison and chicken breasts. We also have some fish, grilled or grilled trout, emperor, cuttlefish and squid.<\/p>\n<p>&nbsp;<\/p>\n<p>For the little ones we have a wide variety of pasta dishes, breaded chicken breasts and san jacobos.<\/p>\n<p>&nbsp;<\/p>\n<p>At the bar you can also order sandwiches and mixed rations, pizzas, sandwiches and full burgers.<\/p>\n<p>&nbsp;<\/p>\n<p>You can not miss our delicious homemade desserts, egg custard, custard, sky bacon, lemon tart, tiramisu and three chocolates cake.<\/p>\n<p>&nbsp;<\/p>\n<p>We adapt perfectly to special menus, without gluten or lactose and all kinds of allergies or intolerances.<\/p>\n<p>&nbsp;<\/p>\n<p>The Bar-Cafeteria is open from 9:00 a.m. to 11:00 p.m.<br \/>\nRestaurant hours are from 1:30 p.m. to 4 p.m. and from 8:00 p.m. to 10:45 p.m.[\/vc_column_text]<div style=\"background-color:;height: 5px\" class=\"nicdark_section  \"><\/div>[\/vc_column_inner][\/vc_row_inner]<div style=\"background-color:;height: 20px\" class=\"nicdark_section  \"><\/div>[\/vc_column][\/vc_row]<\/p>\n<\/div>","protected":false},"excerpt":{"rendered":"<p>[vc_row full_width=&#8221;stretch_row_content_no_spaces&#8221; content_placement=&#8221;middle&#8221;][vc_column css=&#8221;.vc_custom_1526842066973{padding-top: 20px !important;padding-bottom: 35px !important;background-color: #71b42e !important;}&#8221;][\/vc_column][\/vc_row][vc_row content_placement=&#8221;middle&#8221; css=&#8221;.vc_custom_1521367027295{margin-top: 30px !important;}&#8221;][vc_column css=&#8221;.vc_custom_1521368147065{margin-top: -3.5em !important;}&#8221;][\/vc_column][\/vc_row][vc_row][vc_column][\/vc_column][\/vc_row][vc_row][vc_column width=&#8221;1\/2&#8243;][vc_gallery interval=&#8221;3&#8243; images=&#8221;10002,10005,10008&#8243; img_size=&#8221;570X400&#8243;][vc_column_text] The pool hours are from 12:00 to 20:00 [\/vc_column_text][\/vc_column][vc_column width=&#8221;1\/2&#8243;][vc_gallery interval=&#8221;3&#8243; images=&#8221;10238&#8243; img_size=&#8221;570X400&#8243;][vc_column_text] There is a washing machine and dryer available. Price for use \u20ac 4 per wash \/ drying. [\/vc_column_text][\/vc_column][\/vc_row][vc_row][vc_column width=&#8221;1\/2&#8243;][vc_gallery interval=&#8221;3&#8243; images=&#8221;9993,9990,10012&#8243; [&hellip;]<\/p>\n","protected":false},"author":1,"featured_media":0,"parent":0,"menu_order":0,"comment_status":"closed","ping_status":"closed","template":"","meta":{"_joinchat":[],"footnotes":""},"class_list":["post-2590","page","type-page","status-publish","hentry"],"yoast_head":"<!-- This site is optimized with the Yoast SEO plugin v27.5 - https:\/\/yoast.com\/product\/yoast-seo-wordpress\/ -->\n<title>Instalaciones - Camping Sierra Cazorla - Puente de las Herrer\u00edas<\/title>\n<meta name=\"description\" content=\"Restaurant, bar, toilet buildings and a great adventure park among others great facilities for you to enjoy Sierra de Cazorla.\" \/>\n<meta name=\"robots\" content=\"index, follow, max-snippet:-1, max-image-preview:large, max-video-preview:-1\" \/>\n<link rel=\"canonical\" href=\"https:\/\/www.puentedelasherrerias.com\/en\/facilities\/\" \/>\n<meta property=\"og:locale\" content=\"en_US\" \/>\n<meta property=\"og:type\" content=\"article\" \/>\n<meta property=\"og:title\" content=\"Instalaciones - Camping Sierra Cazorla - Puente de las Herrer\u00edas\" \/>\n<meta property=\"og:description\" content=\"Restaurant, bar, toilet buildings and a great adventure park among others great facilities for you to enjoy Sierra de Cazorla.\" \/>\n<meta property=\"og:url\" content=\"https:\/\/www.puentedelasherrerias.com\/en\/facilities\/\" \/>\n<meta property=\"og:site_name\" content=\"Camping Bungalows Hotel - Puente de las Herrerias - Cazorla\" \/>\n<meta property=\"article:publisher\" content=\"https:\/\/www.facebook.com\/puentedelasherrerias\/\" \/>\n<meta property=\"article:modified_time\" content=\"2022-03-19T18:02:03+00:00\" \/>\n<meta name=\"twitter:card\" content=\"summary_large_image\" \/>\n<meta name=\"twitter:site\" content=\"@puenteherrerias\" \/>\n<meta name=\"twitter:label1\" content=\"Est. reading time\" \/>\n\t<meta name=\"twitter:data1\" content=\"2 minutes\" \/>\n<script type=\"application\/ld+json\" class=\"yoast-schema-graph\">{\"@context\":\"https:\\\/\\\/schema.org\",\"@graph\":[{\"@type\":\"WebPage\",\"@id\":\"https:\\\/\\\/www.puentedelasherrerias.com\\\/en\\\/facilities\\\/\",\"url\":\"https:\\\/\\\/www.puentedelasherrerias.com\\\/en\\\/facilities\\\/\",\"name\":\"Instalaciones - Camping Sierra Cazorla - Puente de las Herrer\u00edas\",\"isPartOf\":{\"@id\":\"https:\\\/\\\/www.puentedelasherrerias.com\\\/en\\\/#website\"},\"datePublished\":\"2018-04-29T10:55:15+00:00\",\"dateModified\":\"2022-03-19T18:02:03+00:00\",\"description\":\"Restaurant, bar, toilet buildings and a great adventure park among others great facilities for you to enjoy Sierra de Cazorla.\",\"breadcrumb\":{\"@id\":\"https:\\\/\\\/www.puentedelasherrerias.com\\\/en\\\/facilities\\\/#breadcrumb\"},\"inLanguage\":\"en-US\",\"potentialAction\":[{\"@type\":\"ReadAction\",\"target\":[\"https:\\\/\\\/www.puentedelasherrerias.com\\\/en\\\/facilities\\\/\"]}]},{\"@type\":\"BreadcrumbList\",\"@id\":\"https:\\\/\\\/www.puentedelasherrerias.com\\\/en\\\/facilities\\\/#breadcrumb\",\"itemListElement\":[{\"@type\":\"ListItem\",\"position\":1,\"name\":\"Portada\",\"item\":\"https:\\\/\\\/www.puentedelasherrerias.com\\\/en\\\/\"},{\"@type\":\"ListItem\",\"position\":2,\"name\":\"Facilities\"}]},{\"@type\":\"WebSite\",\"@id\":\"https:\\\/\\\/www.puentedelasherrerias.com\\\/en\\\/#website\",\"url\":\"https:\\\/\\\/www.puentedelasherrerias.com\\\/en\\\/\",\"name\":\"Camping Bungalows Hotel - Puente de las Herrerias - Cazorla\",\"description\":\"Situado en pleno coraz\u00f3n del parque natural de Cazorla y Segura y las Villas, Puente de las Herrer\u00edas ofrece una amplia oferta de turismo y ocio: camping, caba\u00f1as de madera, hotel, actividades en la naturaleza...\",\"potentialAction\":[{\"@type\":\"SearchAction\",\"target\":{\"@type\":\"EntryPoint\",\"urlTemplate\":\"https:\\\/\\\/www.puentedelasherrerias.com\\\/en\\\/?s={search_term_string}\"},\"query-input\":{\"@type\":\"PropertyValueSpecification\",\"valueRequired\":true,\"valueName\":\"search_term_string\"}}],\"inLanguage\":\"en-US\"}]}<\/script>\n<!-- \/ Yoast SEO plugin. -->","yoast_head_json":{"title":"Instalaciones - Camping Sierra Cazorla - Puente de las Herrer\u00edas","description":"Restaurant, bar, toilet buildings and a great adventure park among others great facilities for you to enjoy Sierra de Cazorla.","robots":{"index":"index","follow":"follow","max-snippet":"max-snippet:-1","max-image-preview":"max-image-preview:large","max-video-preview":"max-video-preview:-1"},"canonical":"https:\/\/www.puentedelasherrerias.com\/en\/facilities\/","og_locale":"en_US","og_type":"article","og_title":"Instalaciones - Camping Sierra Cazorla - Puente de las Herrer\u00edas","og_description":"Restaurant, bar, toilet buildings and a great adventure park among others great facilities for you to enjoy Sierra de Cazorla.","og_url":"https:\/\/www.puentedelasherrerias.com\/en\/facilities\/","og_site_name":"Camping Bungalows Hotel - Puente de las Herrerias - Cazorla","article_publisher":"https:\/\/www.facebook.com\/puentedelasherrerias\/","article_modified_time":"2022-03-19T18:02:03+00:00","twitter_card":"summary_large_image","twitter_site":"@puenteherrerias","twitter_misc":{"Est. reading time":"2 minutes"},"schema":{"@context":"https:\/\/schema.org","@graph":[{"@type":"WebPage","@id":"https:\/\/www.puentedelasherrerias.com\/en\/facilities\/","url":"https:\/\/www.puentedelasherrerias.com\/en\/facilities\/","name":"Instalaciones - Camping Sierra Cazorla - Puente de las Herrer\u00edas","isPartOf":{"@id":"https:\/\/www.puentedelasherrerias.com\/en\/#website"},"datePublished":"2018-04-29T10:55:15+00:00","dateModified":"2022-03-19T18:02:03+00:00","description":"Restaurant, bar, toilet buildings and a great adventure park among others great facilities for you to enjoy Sierra de Cazorla.","breadcrumb":{"@id":"https:\/\/www.puentedelasherrerias.com\/en\/facilities\/#breadcrumb"},"inLanguage":"en-US","potentialAction":[{"@type":"ReadAction","target":["https:\/\/www.puentedelasherrerias.com\/en\/facilities\/"]}]},{"@type":"BreadcrumbList","@id":"https:\/\/www.puentedelasherrerias.com\/en\/facilities\/#breadcrumb","itemListElement":[{"@type":"ListItem","position":1,"name":"Portada","item":"https:\/\/www.puentedelasherrerias.com\/en\/"},{"@type":"ListItem","position":2,"name":"Facilities"}]},{"@type":"WebSite","@id":"https:\/\/www.puentedelasherrerias.com\/en\/#website","url":"https:\/\/www.puentedelasherrerias.com\/en\/","name":"Camping Bungalows Hotel - Puente de las Herrerias - Cazorla","description":"Situado en pleno coraz\u00f3n del parque natural de Cazorla y Segura y las Villas, Puente de las Herrer\u00edas ofrece una amplia oferta de turismo y ocio: camping, caba\u00f1as de madera, hotel, actividades en la naturaleza...","potentialAction":[{"@type":"SearchAction","target":{"@type":"EntryPoint","urlTemplate":"https:\/\/www.puentedelasherrerias.com\/en\/?s={search_term_string}"},"query-input":{"@type":"PropertyValueSpecification","valueRequired":true,"valueName":"search_term_string"}}],"inLanguage":"en-US"}]}},"_links":{"self":[{"href":"https:\/\/www.puentedelasherrerias.com\/en\/wp-json\/wp\/v2\/pages\/2590","targetHints":{"allow":["GET"]}}],"collection":[{"href":"https:\/\/www.puentedelasherrerias.com\/en\/wp-json\/wp\/v2\/pages"}],"about":[{"href":"https:\/\/www.puentedelasherrerias.com\/en\/wp-json\/wp\/v2\/types\/page"}],"author":[{"embeddable":true,"href":"https:\/\/www.puentedelasherrerias.com\/en\/wp-json\/wp\/v2\/users\/1"}],"replies":[{"embeddable":true,"href":"https:\/\/www.puentedelasherrerias.com\/en\/wp-json\/wp\/v2\/comments?post=2590"}],"version-history":[{"count":0,"href":"https:\/\/www.puentedelasherrerias.com\/en\/wp-json\/wp\/v2\/pages\/2590\/revisions"}],"wp:attachment":[{"href":"https:\/\/www.puentedelasherrerias.com\/en\/wp-json\/wp\/v2\/media?parent=2590"}],"curies":[{"name":"wp","href":"https:\/\/api.w.org\/{rel}","templated":true}]}}