{"id":2632,"date":"2018-06-27T22:39:34","date_gmt":"2018-06-27T22:39:34","guid":{"rendered":"http:\/\/www.puentedelasherrerias.com\/zona-de-acampada\/"},"modified":"2024-03-25T12:33:41","modified_gmt":"2024-03-25T11:33:41","slug":"camping-area","status":"publish","type":"page","link":"https:\/\/www.puentedelasherrerias.com\/en\/camping-area\/","title":{"rendered":"Camping Area"},"content":{"rendered":"<div class=\"wpb-content-wrapper\"><p>[vc_row full_width=&#8221;stretch_row_content_no_spaces&#8221; content_placement=&#8221;middle&#8221;][vc_column css=&#8221;.vc_custom_1526838443359{padding-top: 20px !important;padding-bottom: 35px !important;background-color: #71b42e !important;}&#8221;] <h1 style=\"color:#ffffff;padding:px;text-align:center;font-size:24px;line-height:50px;letter-spacing: px;font-weight:\" class=\"    \">Tu alojamiento en pleno coraz\u00f3n de Sierra Cazorla<\/h1> [\/vc_column][\/vc_row][vc_row content_placement=&#8221;middle&#8221; css=&#8221;.vc_custom_1521367027295{margin-top: 30px !important;}&#8221;][vc_column css=&#8221;.vc_custom_1521368147065{margin-top: -3.5em !important;}&#8221;][\/vc_column][\/vc_row][vc_row equal_height=&#8221;yes&#8221; content_placement=&#8221;top&#8221; css=&#8221;.vc_custom_1521278812845{padding-top: 45px !important;padding-bottom: 45px !important;}&#8221;][vc_column width=&#8221;1\/2&#8243; css=&#8221;.vc_custom_1521278923032{padding-right: 50px !important;padding-left: 50px !important;}&#8221;]<div style=\"background-color:;height: 10px\" class=\"nicdark_section  \"><\/div>[vc_column_text]<\/p>\n<p style=\"font-weight: 400;\">El coraz\u00f3n de camping Puente de las\u00a0Herrer\u00edas\u00a0es nuestra zona de acampada. Si\u00e9ntete parte de la monta\u00f1a ya sea con tienda de campa\u00f1a, caravana o autocaravana y disfruta de una aut\u00e9ntica experiencia natural. Con un poco de suerte podr\u00e9is ver, sin salir de nuestro recinto, animales como ciervos, gamos, zorros, jabal\u00eds y rapaces y en la noche disfrutar de la magia de un cielo plagado de estrellas que invita a so\u00f1ar.<\/p>\n<p>&nbsp;<\/p>\n<p style=\"font-weight: 400;\">Disponemos de dos zonas de acampada libre y una zona de parcelas. \u00c9stas est\u00e1n delimitadas por \u00e1rboles. Hay 19 puntos de luz repartidos por todo el camping con 6 tomas de corriente cada uno.<\/p>\n<p>&nbsp;<\/p>\n<p style=\"font-weight: 400;\">Tenemos 5 m\u00f3dulos de servicios con duchas de agua caliente todo el d\u00eda, lavabos, inodoros, lavaderos y fregaderos.<\/p>\n<p>&nbsp;<\/p>\n<p style=\"font-weight: 400;\">Adem\u00e1s de los servicios hay otras dos zonas m\u00e1s de fregaderos y lavaderos as\u00ed como varias fuentes con agua potable.<\/p>\n<p>&nbsp;<\/p>\n<p style=\"font-weight: 400;\">El suelo es de hierba durante la primavera y el oto\u00f1o y de tierra en verano<\/p>\n<p>&nbsp;<\/p>\n<p style=\"font-weight: 400;\">Para acampada no es necesario hacer reservas, pero siempre puede pedir informaci\u00f3n acerca de nuestras previsiones de ocupaci\u00f3n.<\/p>\n<p>[\/vc_column_text][\/vc_column][vc_column width=&#8221;1\/2&#8243;][vc_row_inner content_placement=&#8221;middle&#8221;][vc_column_inner][vc_single_image image=&#8221;10027&#8243; img_size=&#8221;large&#8221; alignment=&#8221;right&#8221;][vc_single_image image=&#8221;10030&#8243; img_size=&#8221;large&#8221; alignment=&#8221;center&#8221;][\/vc_column_inner][\/vc_row_inner][\/vc_column][\/vc_row][vc_row full_width=&#8221;stretch_row&#8221; css=&#8221;.vc_custom_1523185054906{background-color: #f9f9f9 !important;}&#8221;][vc_column width=&#8221;1\/3&#8243; el_id=&#8221;section_slides&#8221;][vc_separator color=&#8221;custom&#8221; accent_color=&#8221;#fd8200&#8243; css=&#8221;.vc_custom_1523185040733{margin-top: 10px !important;}&#8221;][\/vc_column][vc_column width=&#8221;1\/3&#8243;] <h3 style=\"color:#71b42e;padding:px;text-align:center;font-size:22px;line-height:px;letter-spacing: px;font-weight:\" class=\"  titulo  \">OTROS ALOJAMIENTOS<\/h3> [\/vc_column][vc_column width=&#8221;1\/3&#8243;][vc_separator color=&#8221;custom&#8221; accent_color=&#8221;#fd8200&#8243; css=&#8221;.vc_custom_1523185040733{margin-top: 10px !important;}&#8221;][\/vc_column][\/vc_row][vc_row full_width=&#8221;stretch_row&#8221; css=&#8221;.vc_custom_1523212580785{padding-top: 10px !important;padding-bottom: 20px !important;background-color: #f9f9f9 !important;}&#8221;][vc_column width=&#8221;1\/3&#8243;][vc_single_image image=&#8221;1967&#8243; img_size=&#8221;large&#8221; alignment=&#8221;center&#8221;][vc_btn title=&#8221;MOBILEHOME CONFORT&#8221; style=&#8221;custom&#8221; custom_background=&#8221;#71b42e&#8221; custom_text=&#8221;#ffffff&#8221; shape=&#8221;square&#8221; size=&#8221;lg&#8221; align=&#8221;center&#8221; i_icon_fontawesome=&#8221;fa fa-home&#8221; button_block=&#8221;true&#8221; add_icon=&#8221;true&#8221; css=&#8221;.vc_custom_1526838515069{margin-top: -30px !important;}&#8221; link=&#8221;url:https%3A%2F%2Fwww.puentedelasherrerias.com%2Fen%2Fcamping-cazorla-mobilehome-confort%2F|&#8221;][\/vc_column][vc_column width=&#8221;1\/3&#8243;][vc_single_image image=&#8221;1964&#8243; img_size=&#8221;large&#8221; alignment=&#8221;center&#8221;][vc_btn title=&#8221;CABA\u00d1AS&#8221; style=&#8221;custom&#8221; custom_background=&#8221;#71b42e&#8221; custom_text=&#8221;#ffffff&#8221; shape=&#8221;square&#8221; size=&#8221;lg&#8221; align=&#8221;center&#8221; i_icon_fontawesome=&#8221;fa fa-home&#8221; button_block=&#8221;true&#8221; add_icon=&#8221;true&#8221; css=&#8221;.vc_custom_1526838504328{margin-top: -30px !important;}&#8221; link=&#8221;url:https%3A%2F%2Fwww.puentedelasherrerias.com%2Fen%2Fcamping-cazorla-cabanas%2F|&#8221;][\/vc_column][vc_column width=&#8221;1\/3&#8243;][vc_single_image image=&#8221;1965&#8243; img_size=&#8221;large&#8221; alignment=&#8221;center&#8221;][vc_btn title=&#8221;HOTEL REFUGIO&#8221; style=&#8221;custom&#8221; custom_background=&#8221;#71b42e&#8221; custom_text=&#8221;#ffffff&#8221; shape=&#8221;square&#8221; size=&#8221;lg&#8221; align=&#8221;center&#8221; i_icon_fontawesome=&#8221;fa fa-home&#8221; button_block=&#8221;true&#8221; add_icon=&#8221;true&#8221; css=&#8221;.vc_custom_1526838493441{margin-top: -30px !important;}&#8221; link=&#8221;url:https%3A%2F%2Fwww.puentedelasherrerias.com%2Fen%2Fcamping-cazorla-gitotel%2F|&#8221;][\/vc_column][\/vc_row][vc_row full_width=&#8221;stretch_row&#8221; css=&#8221;.vc_custom_1523211993467{background-color: #ffffff !important;}&#8221;][vc_column width=&#8221;1\/3&#8243;][vc_separator color=&#8221;custom&#8221; accent_color=&#8221;#fd8200&#8243; css=&#8221;.vc_custom_1523185040733{margin-top: 10px !important;}&#8221;][\/vc_column][vc_column width=&#8221;1\/3&#8243;] <h3 style=\"color:#71b42e;padding:px;text-align:center;font-size:22px;line-height:px;letter-spacing: px;font-weight:\" class=\"  titulo  \">CONTACTA CON NOSOTROS<\/h3> [\/vc_column][vc_column width=&#8221;1\/3&#8243;][vc_separator color=&#8221;custom&#8221; accent_color=&#8221;#fd8200&#8243; css=&#8221;.vc_custom_1523185040733{margin-top: 10px !important;}&#8221;][\/vc_column][\/vc_row][vc_row css=&#8221;.vc_custom_1523184184857{margin-top: 60px !important;background-image: url(http:\/\/www.puentedelasherrerias.com\/wp-content\/uploads\/2018\/04\/contacto-camping-cazrola.jpg?id=1958) !important;background-position: 0 0 !important;background-repeat: no-repeat !important;}&#8221; el_id=&#8221;nd_options_section_contact&#8221;][vc_column width=&#8221;1\/2&#8243;][\/vc_column][vc_column width=&#8221;1\/2&#8243; css=&#8221;.vc_custom_1526838547760{margin-top: 100px !important;padding-top: 30px !important;padding-right: 30px !important;padding-bottom: 15px !important;padding-left: 30px !important;background-color: #71b42e !important;}&#8221; el_class=&#8221;nd_options_margin_top_0_first_div_important_responsive&#8221;] <h5 style=\"color:#ffffff;padding:px;text-align:center;font-size:px;line-height:px;letter-spacing: 2px;font-weight:lighter\" class=\"   nd_options_second_font \">CONTACTO<\/h5> <div style=\"background-color:;height: 10px\" class=\"nicdark_section  \"><\/div> <h2 style=\"color:#ffffff;padding:px;text-align:center;font-size:25px;line-height:25px;letter-spacing: px;font-weight:normal\" class=\"   nd_options_first_font \">Rellene el formulario<\/h2> <div style=\"background-color:;height: 20px\" class=\"nicdark_section  \"><\/div>\n\n    <!--start form-->\n    <div id=\"nd_options_shortcode_cf7_1064\" class=\"nd_options_section \">\n      \n      <div class=\"nd_options_section nd_options_box_sizing_border_box\">\n        \n<div class=\"wpcf7 no-js\" id=\"wpcf7-f1064-o1\" lang=\"en-US\" dir=\"ltr\">\n<div class=\"screen-reader-response\"><p role=\"status\" aria-live=\"polite\" aria-atomic=\"true\"><\/p> <ul><\/ul><\/div>\n<form action=\"\/en\/wp-json\/wp\/v2\/pages\/2632#wpcf7-f1064-o1\" method=\"post\" class=\"wpcf7-form init\" aria-label=\"Contact form\" novalidate=\"novalidate\" data-status=\"init\">\n<input type=\"hidden\" name=\"_wpcf7\" value=\"1064\" \/><input type=\"hidden\" name=\"_wpcf7_version\" value=\"6.1.5\" \/><input type=\"hidden\" name=\"_wpcf7_locale\" value=\"en_US\" \/><input type=\"hidden\" name=\"_wpcf7_unit_tag\" value=\"wpcf7-f1064-o1\" \/><input type=\"hidden\" name=\"_wpcf7_container_post\" value=\"0\" \/><input type=\"hidden\" name=\"_wpcf7_posted_data_hash\" value=\"\" \/><input type=\"hidden\" name=\"_wpcf7_recaptcha_response\" value=\"\" \/>\n\n<div class=\"nd_options_float_left nd_options_box_sizing_border_box nd_options_width_100_percentage_all_iphone_important nd_options_padding_0_right_important_all_iphone nd_options_padding_0_left_important_all_iphone \" style=\"padding: 0px 10px 15px 0px;width:100%\"><span class=\"wpcf7-form-control-wrap\" data-name=\"name-form\"><\/span><\/div><div class=\"nd_options_float_left nd_options_box_sizing_border_box nd_options_width_100_percentage_all_iphone_important nd_options_padding_0_right_important_all_iphone nd_options_padding_0_left_important_all_iphone \" style=\"padding: 0px 10px 15px 0px;width:100%\"><span class=\"wpcf7-form-control-wrap\" data-name=\"email\"><\/span><\/div><div class=\"nd_options_float_left nd_options_box_sizing_border_box nd_options_width_100_percentage_all_iphone_important nd_options_padding_0_right_important_all_iphone nd_options_padding_0_left_important_all_iphone \" style=\"padding: 0px 10px 15px 0px;width:100%\"><span class=\"wpcf7-form-control-wrap\" data-name=\"message\"><textarea cols=\"40\" rows=\"5\" class=\"wpcf7-form-control wpcf7-textarea nd_booking_bg_greywhite_2_important nd_booking_border_width_0_important nd_options_padding_10_20_important nd_options_margin_top_10 nd_options_font_weight_lighter\" name=\"message\"><\/textarea><\/span><\/div><br \/>\n<span class=\"wpcf7-form-control-wrap wpgdprc\"><span class=\"wpcf7-form-control wpcf7-wpgdprc wpcf7-validates-as-required\"><span class=\"wpcf7-list-item\"><input type=\"checkbox\" name=\"wpgdprc\" value=\"1\" aria-required=\"true\" aria-invalid=\"false\" \/><span class=\"wpcf7-list-item-label\">Al usar este formulario accedes al almacenamiento y gesti\u00f3n de tus datos por parte de esta web.<\/span><\/span><\/span>    <\/span>\n<\/p>\n<p><input class=\"wpcf7-form-control wpcf7-submit has-spinner nd_booking_padding_15_30_important nd_options_second_font_important nd_options_color_white nd_options_display_inline_block nd_options_font_size_11 nd_options_font_weight_bold nd_options_letter_spacing_2 nd_options_section\" type=\"submit\" value=\"ENVIAR MENSAJE\" \/>\n<\/p><div class=\"wpcf7-response-output\" aria-hidden=\"true\"><\/div>\n<\/form>\n<\/div>\n \n      <\/div>  \n\n    <\/div>\n    <!--end form-->\n\n   [\/vc_column][\/vc_row][vc_row][vc_column]<div style=\"background-color:;height: 30px\" class=\"nicdark_section  \"><\/div>[\/vc_column][\/vc_row]<\/p>\n<\/div>","protected":false},"excerpt":{"rendered":"<p>[vc_row full_width=&#8221;stretch_row_content_no_spaces&#8221; content_placement=&#8221;middle&#8221;][vc_column css=&#8221;.vc_custom_1526838443359{padding-top: 20px !important;padding-bottom: 35px !important;background-color: #71b42e !important;}&#8221;][\/vc_column][\/vc_row][vc_row content_placement=&#8221;middle&#8221; css=&#8221;.vc_custom_1521367027295{margin-top: 30px !important;}&#8221;][vc_column css=&#8221;.vc_custom_1521368147065{margin-top: -3.5em !important;}&#8221;][\/vc_column][\/vc_row][vc_row equal_height=&#8221;yes&#8221; content_placement=&#8221;top&#8221; css=&#8221;.vc_custom_1521278812845{padding-top: 45px !important;padding-bottom: 45px !important;}&#8221;][vc_column width=&#8221;1\/2&#8243; css=&#8221;.vc_custom_1521278923032{padding-right: 50px !important;padding-left: 50px !important;}&#8221;][vc_column_text] El coraz\u00f3n de camping Puente de las\u00a0Herrer\u00edas\u00a0es nuestra zona de acampada. Si\u00e9ntete parte de la monta\u00f1a ya sea con tienda de campa\u00f1a, caravana o autocaravana [&hellip;]<\/p>\n","protected":false},"author":1,"featured_media":10031,"parent":0,"menu_order":0,"comment_status":"closed","ping_status":"closed","template":"","meta":{"footnotes":""},"class_list":["post-2632","page","type-page","status-publish","has-post-thumbnail","hentry"],"yoast_head":"<!-- This site is optimized with the Yoast SEO plugin v27.4 - https:\/\/yoast.com\/product\/yoast-seo-wordpress\/ -->\n<title>Zona de Acampada - Camping Sierra Cazorla - Puente de las Herrer\u00edas<\/title>\n<meta name=\"description\" content=\"Nuestro alojamiento Gitotel dispone ropa de cama, ba\u00f1o, televisi\u00f3n y cocina con menaje b\u00e1sico, nevera y microondas. Terraza con mesa y sillas y parking junto al alojamiento. Si busca alojamiento en la Sierra de Cazorla, le asesoraremos para elegir el que mejor se adapte a sus necesidades.\" \/>\n<meta name=\"robots\" content=\"index, follow, max-snippet:-1, max-image-preview:large, max-video-preview:-1\" \/>\n<link rel=\"canonical\" href=\"https:\/\/www.puentedelasherrerias.com\/en\/camping-area\/\" \/>\n<meta property=\"og:locale\" content=\"en_US\" \/>\n<meta property=\"og:type\" content=\"article\" \/>\n<meta property=\"og:title\" content=\"Zona de Acampada - Camping Sierra Cazorla - Puente de las Herrer\u00edas\" \/>\n<meta property=\"og:description\" content=\"Nuestro alojamiento Gitotel dispone ropa de cama, ba\u00f1o, televisi\u00f3n y cocina con menaje b\u00e1sico, nevera y microondas. Terraza con mesa y sillas y parking junto al alojamiento. Si busca alojamiento en la Sierra de Cazorla, le asesoraremos para elegir el que mejor se adapte a sus necesidades.\" \/>\n<meta property=\"og:url\" content=\"https:\/\/www.puentedelasherrerias.com\/en\/camping-area\/\" \/>\n<meta property=\"og:site_name\" content=\"Camping Bungalows Hotel - Puente de las Herrerias - Cazorla\" \/>\n<meta property=\"article:publisher\" content=\"https:\/\/www.facebook.com\/puentedelasherrerias\/\" \/>\n<meta property=\"article:modified_time\" content=\"2024-03-25T11:33:41+00:00\" \/>\n<meta property=\"og:image\" content=\"https:\/\/www.puentedelasherrerias.com\/wp-content\/uploads\/2022\/03\/fotos-puente-2008-048-1024x768-1.jpg\" \/>\n\t<meta property=\"og:image:width\" content=\"1024\" \/>\n\t<meta property=\"og:image:height\" content=\"768\" \/>\n\t<meta property=\"og:image:type\" content=\"image\/jpeg\" \/>\n<meta name=\"twitter:card\" content=\"summary_large_image\" \/>\n<meta name=\"twitter:site\" content=\"@puenteherrerias\" \/>\n<meta name=\"twitter:label1\" content=\"Est. reading time\" \/>\n\t<meta name=\"twitter:data1\" content=\"3 minutes\" \/>\n<script type=\"application\/ld+json\" class=\"yoast-schema-graph\">{\"@context\":\"https:\\\/\\\/schema.org\",\"@graph\":[{\"@type\":\"WebPage\",\"@id\":\"https:\\\/\\\/www.puentedelasherrerias.com\\\/en\\\/camping-area\\\/\",\"url\":\"https:\\\/\\\/www.puentedelasherrerias.com\\\/en\\\/camping-area\\\/\",\"name\":\"Zona de Acampada - Camping Sierra Cazorla - Puente de las Herrer\u00edas\",\"isPartOf\":{\"@id\":\"https:\\\/\\\/www.puentedelasherrerias.com\\\/en\\\/#website\"},\"primaryImageOfPage\":{\"@id\":\"https:\\\/\\\/www.puentedelasherrerias.com\\\/en\\\/camping-area\\\/#primaryimage\"},\"image\":{\"@id\":\"https:\\\/\\\/www.puentedelasherrerias.com\\\/en\\\/camping-area\\\/#primaryimage\"},\"thumbnailUrl\":\"https:\\\/\\\/www.puentedelasherrerias.com\\\/wp-content\\\/uploads\\\/2022\\\/03\\\/fotos-puente-2008-048-1024x768-1.jpg\",\"datePublished\":\"2018-06-27T22:39:34+00:00\",\"dateModified\":\"2024-03-25T11:33:41+00:00\",\"description\":\"Nuestro alojamiento Gitotel dispone ropa de cama, ba\u00f1o, televisi\u00f3n y cocina con menaje b\u00e1sico, nevera y microondas. Terraza con mesa y sillas y parking junto al alojamiento. Si busca alojamiento en la Sierra de Cazorla, le asesoraremos para elegir el que mejor se adapte a sus necesidades.\",\"breadcrumb\":{\"@id\":\"https:\\\/\\\/www.puentedelasherrerias.com\\\/en\\\/camping-area\\\/#breadcrumb\"},\"inLanguage\":\"en-US\",\"potentialAction\":[{\"@type\":\"ReadAction\",\"target\":[\"https:\\\/\\\/www.puentedelasherrerias.com\\\/en\\\/camping-area\\\/\"]}]},{\"@type\":\"ImageObject\",\"inLanguage\":\"en-US\",\"@id\":\"https:\\\/\\\/www.puentedelasherrerias.com\\\/en\\\/camping-area\\\/#primaryimage\",\"url\":\"https:\\\/\\\/www.puentedelasherrerias.com\\\/wp-content\\\/uploads\\\/2022\\\/03\\\/fotos-puente-2008-048-1024x768-1.jpg\",\"contentUrl\":\"https:\\\/\\\/www.puentedelasherrerias.com\\\/wp-content\\\/uploads\\\/2022\\\/03\\\/fotos-puente-2008-048-1024x768-1.jpg\",\"width\":1024,\"height\":768},{\"@type\":\"BreadcrumbList\",\"@id\":\"https:\\\/\\\/www.puentedelasherrerias.com\\\/en\\\/camping-area\\\/#breadcrumb\",\"itemListElement\":[{\"@type\":\"ListItem\",\"position\":1,\"name\":\"Portada\",\"item\":\"https:\\\/\\\/www.puentedelasherrerias.com\\\/en\\\/\"},{\"@type\":\"ListItem\",\"position\":2,\"name\":\"Camping Area\"}]},{\"@type\":\"WebSite\",\"@id\":\"https:\\\/\\\/www.puentedelasherrerias.com\\\/en\\\/#website\",\"url\":\"https:\\\/\\\/www.puentedelasherrerias.com\\\/en\\\/\",\"name\":\"Camping Bungalows Hotel - Puente de las Herrerias - Cazorla\",\"description\":\"Situado en pleno coraz\u00f3n del parque natural de Cazorla y Segura y las Villas, Puente de las Herrer\u00edas ofrece una amplia oferta de turismo y ocio: camping, caba\u00f1as de madera, hotel, actividades en la naturaleza...\",\"potentialAction\":[{\"@type\":\"SearchAction\",\"target\":{\"@type\":\"EntryPoint\",\"urlTemplate\":\"https:\\\/\\\/www.puentedelasherrerias.com\\\/en\\\/?s={search_term_string}\"},\"query-input\":{\"@type\":\"PropertyValueSpecification\",\"valueRequired\":true,\"valueName\":\"search_term_string\"}}],\"inLanguage\":\"en-US\"}]}<\/script>\n<!-- \/ Yoast SEO plugin. -->","yoast_head_json":{"title":"Zona de Acampada - Camping Sierra Cazorla - Puente de las Herrer\u00edas","description":"Nuestro alojamiento Gitotel dispone ropa de cama, ba\u00f1o, televisi\u00f3n y cocina con menaje b\u00e1sico, nevera y microondas. Terraza con mesa y sillas y parking junto al alojamiento. Si busca alojamiento en la Sierra de Cazorla, le asesoraremos para elegir el que mejor se adapte a sus necesidades.","robots":{"index":"index","follow":"follow","max-snippet":"max-snippet:-1","max-image-preview":"max-image-preview:large","max-video-preview":"max-video-preview:-1"},"canonical":"https:\/\/www.puentedelasherrerias.com\/en\/camping-area\/","og_locale":"en_US","og_type":"article","og_title":"Zona de Acampada - Camping Sierra Cazorla - Puente de las Herrer\u00edas","og_description":"Nuestro alojamiento Gitotel dispone ropa de cama, ba\u00f1o, televisi\u00f3n y cocina con menaje b\u00e1sico, nevera y microondas. Terraza con mesa y sillas y parking junto al alojamiento. Si busca alojamiento en la Sierra de Cazorla, le asesoraremos para elegir el que mejor se adapte a sus necesidades.","og_url":"https:\/\/www.puentedelasherrerias.com\/en\/camping-area\/","og_site_name":"Camping Bungalows Hotel - Puente de las Herrerias - Cazorla","article_publisher":"https:\/\/www.facebook.com\/puentedelasherrerias\/","article_modified_time":"2024-03-25T11:33:41+00:00","og_image":[{"width":1024,"height":768,"url":"https:\/\/www.puentedelasherrerias.com\/wp-content\/uploads\/2022\/03\/fotos-puente-2008-048-1024x768-1.jpg","type":"image\/jpeg"}],"twitter_card":"summary_large_image","twitter_site":"@puenteherrerias","twitter_misc":{"Est. reading time":"3 minutes"},"schema":{"@context":"https:\/\/schema.org","@graph":[{"@type":"WebPage","@id":"https:\/\/www.puentedelasherrerias.com\/en\/camping-area\/","url":"https:\/\/www.puentedelasherrerias.com\/en\/camping-area\/","name":"Zona de Acampada - Camping Sierra Cazorla - Puente de las Herrer\u00edas","isPartOf":{"@id":"https:\/\/www.puentedelasherrerias.com\/en\/#website"},"primaryImageOfPage":{"@id":"https:\/\/www.puentedelasherrerias.com\/en\/camping-area\/#primaryimage"},"image":{"@id":"https:\/\/www.puentedelasherrerias.com\/en\/camping-area\/#primaryimage"},"thumbnailUrl":"https:\/\/www.puentedelasherrerias.com\/wp-content\/uploads\/2022\/03\/fotos-puente-2008-048-1024x768-1.jpg","datePublished":"2018-06-27T22:39:34+00:00","dateModified":"2024-03-25T11:33:41+00:00","description":"Nuestro alojamiento Gitotel dispone ropa de cama, ba\u00f1o, televisi\u00f3n y cocina con menaje b\u00e1sico, nevera y microondas. Terraza con mesa y sillas y parking junto al alojamiento. Si busca alojamiento en la Sierra de Cazorla, le asesoraremos para elegir el que mejor se adapte a sus necesidades.","breadcrumb":{"@id":"https:\/\/www.puentedelasherrerias.com\/en\/camping-area\/#breadcrumb"},"inLanguage":"en-US","potentialAction":[{"@type":"ReadAction","target":["https:\/\/www.puentedelasherrerias.com\/en\/camping-area\/"]}]},{"@type":"ImageObject","inLanguage":"en-US","@id":"https:\/\/www.puentedelasherrerias.com\/en\/camping-area\/#primaryimage","url":"https:\/\/www.puentedelasherrerias.com\/wp-content\/uploads\/2022\/03\/fotos-puente-2008-048-1024x768-1.jpg","contentUrl":"https:\/\/www.puentedelasherrerias.com\/wp-content\/uploads\/2022\/03\/fotos-puente-2008-048-1024x768-1.jpg","width":1024,"height":768},{"@type":"BreadcrumbList","@id":"https:\/\/www.puentedelasherrerias.com\/en\/camping-area\/#breadcrumb","itemListElement":[{"@type":"ListItem","position":1,"name":"Portada","item":"https:\/\/www.puentedelasherrerias.com\/en\/"},{"@type":"ListItem","position":2,"name":"Camping Area"}]},{"@type":"WebSite","@id":"https:\/\/www.puentedelasherrerias.com\/en\/#website","url":"https:\/\/www.puentedelasherrerias.com\/en\/","name":"Camping Bungalows Hotel - Puente de las Herrerias - Cazorla","description":"Situado en pleno coraz\u00f3n del parque natural de Cazorla y Segura y las Villas, Puente de las Herrer\u00edas ofrece una amplia oferta de turismo y ocio: camping, caba\u00f1as de madera, hotel, actividades en la naturaleza...","potentialAction":[{"@type":"SearchAction","target":{"@type":"EntryPoint","urlTemplate":"https:\/\/www.puentedelasherrerias.com\/en\/?s={search_term_string}"},"query-input":{"@type":"PropertyValueSpecification","valueRequired":true,"valueName":"search_term_string"}}],"inLanguage":"en-US"}]}},"_links":{"self":[{"href":"https:\/\/www.puentedelasherrerias.com\/en\/wp-json\/wp\/v2\/pages\/2632","targetHints":{"allow":["GET"]}}],"collection":[{"href":"https:\/\/www.puentedelasherrerias.com\/en\/wp-json\/wp\/v2\/pages"}],"about":[{"href":"https:\/\/www.puentedelasherrerias.com\/en\/wp-json\/wp\/v2\/types\/page"}],"author":[{"embeddable":true,"href":"https:\/\/www.puentedelasherrerias.com\/en\/wp-json\/wp\/v2\/users\/1"}],"replies":[{"embeddable":true,"href":"https:\/\/www.puentedelasherrerias.com\/en\/wp-json\/wp\/v2\/comments?post=2632"}],"version-history":[{"count":4,"href":"https:\/\/www.puentedelasherrerias.com\/en\/wp-json\/wp\/v2\/pages\/2632\/revisions"}],"predecessor-version":[{"id":13144,"href":"https:\/\/www.puentedelasherrerias.com\/en\/wp-json\/wp\/v2\/pages\/2632\/revisions\/13144"}],"wp:featuredmedia":[{"embeddable":true,"href":"https:\/\/www.puentedelasherrerias.com\/en\/wp-json\/wp\/v2\/media\/10031"}],"wp:attachment":[{"href":"https:\/\/www.puentedelasherrerias.com\/en\/wp-json\/wp\/v2\/media?parent=2632"}],"curies":[{"name":"wp","href":"https:\/\/api.w.org\/{rel}","templated":true}]}}