{"id":13062,"date":"2024-02-08T19:53:02","date_gmt":"2024-02-08T18:53:02","guid":{"rendered":"https:\/\/www.puentedelasherrerias.com\/termes-et-conditions\/"},"modified":"2024-02-08T19:57:20","modified_gmt":"2024-02-08T18:57:20","slug":"termes-et-conditions","status":"publish","type":"page","link":"https:\/\/www.puentedelasherrerias.com\/fr\/termes-et-conditions\/","title":{"rendered":"Termes et conditions"},"content":{"rendered":"<div class=\"wpb-content-wrapper\"><p>[vc_row full_width=&#8221;stretch_row_content_no_spaces&#8221; content_placement=&#8221;middle&#8221;][vc_column css=&#8221;.vc_custom_1526839939772{padding-top: 20px !important;padding-bottom: 35px !important;background-color: #71b42e !important;}&#8221;] <h2 style=\"color:#ffffff;padding:px;text-align:center;font-size:24px;line-height:50px;letter-spacing: px;font-weight:\" class=\"    \">Camping - Campamentos - Viajes fin de curso en Cazorla<\/h2> [\/vc_column][\/vc_row][vc_row content_placement=&#8221;middle&#8221; css=&#8221;.vc_custom_1521367027295{margin-top: 30px !important;}&#8221;][vc_column css=&#8221;.vc_custom_1521368147065{margin-top: -3.5em !important;}&#8221;]\n\t<div class=\"nd_options_section nd_options_text_align_center\">\n\t<a style=\"border: 2px solid #fd8201;border-radius:1pxpx;letter-spacing:2px;line-height:11px;font-size:11px;background-color:#ffffff;padding:15px 35px;margin:;color:#71b42e\" rel=\"\" href=\"\/alojamientos\/\" class=\"nicdark_display_inline_block  nd_options_font_weight_bold nd_options_second_font  \">RESERVAR<\/a>\n\t<\/div>\n[\/vc_column][\/vc_row][vc_row css=&#8221;.vc_custom_1492612814975{margin-top: 40px !important;margin-bottom: 40px !important;}&#8221;][vc_column width=&#8221;2\/3&#8243;]<div style=\"background-color:;height: 20px\" class=\"nicdark_section  \"><\/div> <h3 style=\"color:#17482a;padding:px;text-align:;font-size:25px;line-height:px;letter-spacing: px;font-weight:\" class=\"    \">T\u00e9rminos y condiciones de la reserva<\/h3> <div style=\"background-color:;height: 30px\" class=\"nicdark_section  \"><\/div>[vc_column_text]\u00c0 prendre en compte :<\/p>\n<ul>\n<li>La direction du camping se r\u00e9serve le droit de ne pas garantir la distribution du bungalow, seulement le nombre de places.<\/li>\n<li>Les logements seront disponibles \u00e0 partir de 16h00 le jour de l&#8217;arriv\u00e9e jusqu&#8217;\u00e0 12h00 le jour du d\u00e9part.<\/li>\n<li>Les animaux de compagnie ne sont pas autoris\u00e9s dans les logements, \u00e0 l&#8217;exception du mod\u00e8le PUENTEDOG, sp\u00e9cialement am\u00e9nag\u00e9 \u00e0 cet effet.<\/li>\n<li>Les dommages ou les d\u00e9fauts caus\u00e9s par l&#8217;utilisateur doivent \u00eatre pay\u00e9s imm\u00e9diatement.<\/li>\n<li>Les bungalows ne sont pas \u00e9quip\u00e9s de serviettes.<\/li>\n<li>Les bungalows sont \u00e9quip\u00e9s de linge de lit, d&#8217;une t\u00e9l\u00e9vision, d&#8217;un micro-ondes, de la climatisation, de vaisselle de base et d&#8217;un petit kit de lave-vaisselle.<\/li>\n<li>Les barbecues au charbon de bois sont interdits dans tout le domaine, sauf dans les zones sp\u00e9cialement am\u00e9nag\u00e9es \u00e0 cet effet et conform\u00e9ment aux p\u00e9riodes stipul\u00e9es par la loi en vigueur.<\/li>\n<\/ul>\n<p>Annulation de la r\u00e9servation :<\/p>\n<ul>\n<li>Les r\u00e9servations dont la date d&#8217;arriv\u00e9e est comprise entre le 1er juillet et le 31 ao\u00fbt et entre le lundi et le samedi de la Semaine sainte peuvent \u00eatre annul\u00e9es gratuitement jusqu&#8217;\u00e0 14 jours avant l&#8217;arriv\u00e9e.<\/li>\n<li>Pour les autres r\u00e9servations, l&#8217;annulation est gratuite jusqu&#8217;\u00e0 7 jours avant l&#8217;arriv\u00e9e.<\/li>\n<li>Les r\u00e9servations annul\u00e9es en dehors de la p\u00e9riode gratuite perdront le d\u00e9p\u00f4t de 25% pay\u00e9.<\/li>\n<li>Pour les remboursements des annulations dans le d\u00e9lai imparti, 5\u20ac seront d\u00e9duits de tous les remboursements pour frais de gestion.<\/li>\n<\/ul>\n<p>L&#8217;annulation de la r\u00e9servation doit toujours \u00eatre communiqu\u00e9e par \u00e9crit par e-mail \u00e0 <a target=\"_new\" rel=\"noopener\">info@puentedelasherrerias.com<\/a>.<\/p>\n<p>En cas de remboursement, veuillez indiquer un num\u00e9ro de compte pour le transfert du montant correspondant.<\/p>\n<p>Nous esp\u00e9rons que ces informations vous seront utiles et nous esp\u00e9rons pouvoir vous assister tr\u00e8s bient\u00f4t.<br \/>\n[\/vc_column_text]<div style=\"background-color:;height: 10px\" class=\"nicdark_section  \"><\/div> <h3 style=\"color:#17482a;padding:px;text-align:;font-size:25px;line-height:px;letter-spacing: px;font-weight:\" class=\"    \">PREGUNTAS FRECUENTES<\/h3> <div style=\"background-color:;height: 30px\" class=\"nicdark_section  \"><\/div>\n\n    <div class=\"nd_options_section nd_options_toogles_faq \">\n\n      <div class=\"nd_options_section nd_options_box_sizing_border_box\">\n        <p class=\"nd_options_toogle_title nd_options_first_font nd_options_font_size_17 nd_options_position_relative nd_options_padding_right_20 nd_options_padding_top_5 nd_options_padding_left_45 nd_options_padding_bottom_5\">\n          <span style=\"background-color:#fd8201\" class=\"nd_options_cursor_pointer nd_options_text_align_center nd_options_toogle_title_open_408 nd_options_width_25 nd_options_height_25  nd_options_position_absolute nd_options_top_0 nd_options_left_0\">\n            <img decoding=\"async\" alt=\"\" class=\"nd_options_margin_top_6\" width=\"12\" src=\"https:\/\/www.puentedelasherrerias.com\/wp-content\/plugins\/nd-shortcodes\/shortcodes\/custom\/toogle\/icon-add-white.png\">\n          <\/span> \n          <span style=\"background-color:#fd8201\" class=\"nd_options_cursor_pointer nd_options_text_align_center nd_options_toogle_title_close_408 nd_options_width_25 nd_options_display_none nd_options_height_25  nd_options_position_absolute nd_options_top_0 nd_options_left_0\">\n            <img decoding=\"async\" alt=\"\" class=\"nd_options_margin_top_6\" width=\"12\" src=\"https:\/\/www.puentedelasherrerias.com\/wp-content\/plugins\/nd-shortcodes\/shortcodes\/custom\/toogle\/icon-less-white.png\">\n          <\/span>\n          \u00bfSe realiza alg\u00fan cargo durante la reserva?\n        <\/p>\n      <\/div>\n      \n      <div class=\"nd_options_display_none nd_options_padding_20 nd_options_padding_left_45 nd_options_toogle_content_408 nd_options_section nd_options_box_sizing_border_box\">\n        <p>Para la formalizaci\u00f3n de la reserva ser\u00e1 necesario el pago del 25% del total de la reserva. Dicho pago se podr\u00e1 realizar mediante tarjeta de cr\u00e9dito o d\u00e9bito a trav\u00e9s de la web o v\u00eda telef\u00f3nica en el momento de realizar su reserva.<\/p>\n      <\/div>\n\n    <\/div>\n\n   <div style=\"background-color:;height: 20px\" class=\"nicdark_section  \"><\/div>\n\n    <div class=\"nd_options_section nd_options_toogles_faq \">\n\n      <div class=\"nd_options_section nd_options_box_sizing_border_box\">\n        <p class=\"nd_options_toogle_title nd_options_first_font nd_options_font_size_17 nd_options_position_relative nd_options_padding_right_20 nd_options_padding_top_5 nd_options_padding_left_45 nd_options_padding_bottom_5\">\n          <span style=\"background-color:#fd8201\" class=\"nd_options_cursor_pointer nd_options_text_align_center nd_options_toogle_title_open_283 nd_options_width_25 nd_options_height_25  nd_options_position_absolute nd_options_top_0 nd_options_left_0\">\n            <img decoding=\"async\" alt=\"\" class=\"nd_options_margin_top_6\" width=\"12\" src=\"https:\/\/www.puentedelasherrerias.com\/wp-content\/plugins\/nd-shortcodes\/shortcodes\/custom\/toogle\/icon-add-white.png\">\n          <\/span> \n          <span style=\"background-color:#fd8201\" class=\"nd_options_cursor_pointer nd_options_text_align_center nd_options_toogle_title_close_283 nd_options_width_25 nd_options_display_none nd_options_height_25  nd_options_position_absolute nd_options_top_0 nd_options_left_0\">\n            <img decoding=\"async\" alt=\"\" class=\"nd_options_margin_top_6\" width=\"12\" src=\"https:\/\/www.puentedelasherrerias.com\/wp-content\/plugins\/nd-shortcodes\/shortcodes\/custom\/toogle\/icon-less-white.png\">\n          <\/span>\n          \u00bfSe admiten animales de compa\u00f1\u00eda?\n        <\/p>\n      <\/div>\n      \n      <div class=\"nd_options_display_none nd_options_padding_20 nd_options_padding_left_45 nd_options_toogle_content_283 nd_options_section nd_options_box_sizing_border_box\">\n        <p>No se admiten animales de compa\u00f1\u00eda en los alojamientos en ning\u00fan caso. Excepto en el modelo PUENTEDOG habilitado a tal efecto.<\/p>\n      <\/div>\n\n    <\/div>\n\n   <div style=\"background-color:;height: 20px\" class=\"nicdark_section  \"><\/div>\n\n    <div class=\"nd_options_section nd_options_toogles_faq \">\n\n      <div class=\"nd_options_section nd_options_box_sizing_border_box\">\n        <p class=\"nd_options_toogle_title nd_options_first_font nd_options_font_size_17 nd_options_position_relative nd_options_padding_right_20 nd_options_padding_top_5 nd_options_padding_left_45 nd_options_padding_bottom_5\">\n          <span style=\"background-color:#fd8201\" class=\"nd_options_cursor_pointer nd_options_text_align_center nd_options_toogle_title_open_848 nd_options_width_25 nd_options_height_25  nd_options_position_absolute nd_options_top_0 nd_options_left_0\">\n            <img decoding=\"async\" alt=\"\" class=\"nd_options_margin_top_6\" width=\"12\" src=\"https:\/\/www.puentedelasherrerias.com\/wp-content\/plugins\/nd-shortcodes\/shortcodes\/custom\/toogle\/icon-add-white.png\">\n          <\/span> \n          <span style=\"background-color:#fd8201\" class=\"nd_options_cursor_pointer nd_options_text_align_center nd_options_toogle_title_close_848 nd_options_width_25 nd_options_display_none nd_options_height_25  nd_options_position_absolute nd_options_top_0 nd_options_left_0\">\n            <img decoding=\"async\" alt=\"\" class=\"nd_options_margin_top_6\" width=\"12\" src=\"https:\/\/www.puentedelasherrerias.com\/wp-content\/plugins\/nd-shortcodes\/shortcodes\/custom\/toogle\/icon-less-white.png\">\n          <\/span>\n          \u00bfQu\u00e9 incluyen los bungalows?\n        <\/p>\n      <\/div>\n      \n      <div class=\"nd_options_display_none nd_options_padding_20 nd_options_padding_left_45 nd_options_toogle_content_848 nd_options_section nd_options_box_sizing_border_box\">\n        <p>Los bungalows disponen de televisor, microondas y menaje b\u00e1sico de cocina y un peque\u00f1o kit fregaplatos.<\/p>\n      <\/div>\n\n    <\/div>\n\n   <div style=\"background-color:;height: 20px\" class=\"nicdark_section  \"><\/div>\n\n    <div class=\"nd_options_section nd_options_toogles_faq \">\n\n      <div class=\"nd_options_section nd_options_box_sizing_border_box\">\n        <p class=\"nd_options_toogle_title nd_options_first_font nd_options_font_size_17 nd_options_position_relative nd_options_padding_right_20 nd_options_padding_top_5 nd_options_padding_left_45 nd_options_padding_bottom_5\">\n          <span style=\"background-color:#fd8201\" class=\"nd_options_cursor_pointer nd_options_text_align_center nd_options_toogle_title_open_285 nd_options_width_25 nd_options_height_25  nd_options_position_absolute nd_options_top_0 nd_options_left_0\">\n            <img decoding=\"async\" alt=\"\" class=\"nd_options_margin_top_6\" width=\"12\" src=\"https:\/\/www.puentedelasherrerias.com\/wp-content\/plugins\/nd-shortcodes\/shortcodes\/custom\/toogle\/icon-add-white.png\">\n          <\/span> \n          <span style=\"background-color:#fd8201\" class=\"nd_options_cursor_pointer nd_options_text_align_center nd_options_toogle_title_close_285 nd_options_width_25 nd_options_display_none nd_options_height_25  nd_options_position_absolute nd_options_top_0 nd_options_left_0\">\n            <img decoding=\"async\" alt=\"\" class=\"nd_options_margin_top_6\" width=\"12\" src=\"https:\/\/www.puentedelasherrerias.com\/wp-content\/plugins\/nd-shortcodes\/shortcodes\/custom\/toogle\/icon-less-white.png\">\n          <\/span>\n          \u00bfComo se reserva una parcela?\n        <\/p>\n      <\/div>\n      \n      <div class=\"nd_options_display_none nd_options_padding_20 nd_options_padding_left_45 nd_options_toogle_content_285 nd_options_section nd_options_box_sizing_border_box\">\n        <p>Para las reservas de parcelas contacten directamente con el camping<\/p>\n      <\/div>\n\n    <\/div>\n\n   <div style=\"background-color:;height: 40px\" class=\"nicdark_section  \"><\/div>[\/vc_column][vc_column width=&#8221;1\/3&#8243; css=&#8221;.vc_custom_1486115020030{padding-right: 30px !important;padding-left: 30px !important;}&#8221;]<div style=\"background-color:;height: 20px\" class=\"nicdark_section  \"><\/div>[vc_row_inner][vc_column_inner css=&#8221;.vc_custom_1526839959288{padding-top: 30px !important;padding-right: 30px !important;padding-bottom: 15px !important;padding-left: 30px !important;background-color: #71b42e !important;}&#8221;] <h5 style=\"color:#ffffff;padding:px;text-align:center;font-size:12px;line-height:12px;letter-spacing: 2px;font-weight:lighter\" class=\"   nd_options_second_font \">CONTACTO<\/h5> <div style=\"background-color:;height: 10px\" class=\"nicdark_section  \"><\/div> <h2 style=\"color:#ffffff;padding:px;text-align:center;font-size:25px;line-height:25px;letter-spacing: px;font-weight:normal\" class=\"   nd_options_first_font \">Rellene el formulario<\/h2> <div style=\"background-color:;height: 20px\" class=\"nicdark_section  \"><\/div>\n\n    <!--start form-->\n    <div id=\"nd_options_shortcode_cf7_697\" class=\"nd_options_section \">\n      \n      <div class=\"nd_options_section nd_options_box_sizing_border_box\">\n        \n<div class=\"wpcf7 no-js\" id=\"wpcf7-f697-o1\" lang=\"en-US\" dir=\"ltr\">\n<div class=\"screen-reader-response\"><p role=\"status\" aria-live=\"polite\" aria-atomic=\"true\"><\/p> <ul><\/ul><\/div>\n<form action=\"\/fr\/wp-json\/wp\/v2\/pages\/13062#wpcf7-f697-o1\" method=\"post\" class=\"wpcf7-form init\" aria-label=\"Contact form\" novalidate=\"novalidate\" data-status=\"init\">\n<input type=\"hidden\" name=\"_wpcf7\" value=\"697\" \/><input type=\"hidden\" name=\"_wpcf7_version\" value=\"6.1.5\" \/><input type=\"hidden\" name=\"_wpcf7_locale\" value=\"en_US\" \/><input type=\"hidden\" name=\"_wpcf7_unit_tag\" value=\"wpcf7-f697-o1\" \/><input type=\"hidden\" name=\"_wpcf7_container_post\" value=\"0\" \/><input type=\"hidden\" name=\"_wpcf7_posted_data_hash\" value=\"\" \/><input type=\"hidden\" name=\"_wpcf7_recaptcha_response\" value=\"\" \/>\n\n<div class=\"nd_options_float_left nd_options_box_sizing_border_box nd_options_width_100_percentage_all_iphone_important nd_options_padding_0_right_important_all_iphone nd_options_padding_0_left_important_all_iphone \" style=\"padding: 0px 10px 15px 0px;width:100%\"><span class=\"wpcf7-form-control-wrap\" data-name=\"name-form\"><\/span><\/div><div class=\"nd_options_float_left nd_options_box_sizing_border_box nd_options_width_100_percentage_all_iphone_important nd_options_padding_0_right_important_all_iphone nd_options_padding_0_left_important_all_iphone \" style=\"padding: 0px 10px 15px 0px;width:100%\"><span class=\"wpcf7-form-control-wrap\" data-name=\"email\"><\/span><\/div><div class=\"nd_options_float_left nd_options_box_sizing_border_box nd_options_width_100_percentage_all_iphone_important nd_options_padding_0_right_important_all_iphone nd_options_padding_0_left_important_all_iphone \" style=\"padding: 0px 10px 15px 0px;width:100%\"><span class=\"wpcf7-form-control-wrap\" data-name=\"message\"><textarea cols=\"40\" rows=\"5\" class=\"wpcf7-form-control wpcf7-textarea nd_booking_bg_greywhite_2_important nd_booking_border_width_0_important nd_options_padding_10_20_important nd_options_margin_top_10 nd_options_font_weight_lighter\" name=\"message\"><\/textarea><\/span><\/div><div class=\"nd_options_float_left nd_options_box_sizing_border_box nd_options_width_100_percentage_all_iphone_important nd_options_padding_0_right_important_all_iphone nd_options_padding_0_left_important_all_iphone \" style=\"padding: 10px;width:100%\"><label class=\"nd_options_color_white nd_options_first_font\">Al usar este formulario accedes al almacenamiento y gesti\u00f3n de tus datos por parte de esta web (Pol\u00edtica de Privacidad)<\/label><\/div>\n<p><input class=\"wpcf7-form-control wpcf7-submit has-spinner nd_booking_padding_15_30_important nd_options_second_font_important nd_options_color_white nd_options_display_inline_block nd_options_font_size_11 nd_options_font_weight_bold nd_options_letter_spacing_2 nd_options_section\" type=\"submit\" value=\"ENVIAR\" \/>\n<\/p><div class=\"wpcf7-response-output\" aria-hidden=\"true\"><\/div>\n<\/form>\n<\/div>\n \n      <\/div>  \n\n    <\/div>\n    <!--end form-->\n\n   [\/vc_column_inner][\/vc_row_inner][\/vc_column][\/vc_row]<\/p>\n<\/div>","protected":false},"excerpt":{"rendered":"<p>[vc_row full_width=&#8221;stretch_row_content_no_spaces&#8221; content_placement=&#8221;middle&#8221;][vc_column css=&#8221;.vc_custom_1526839939772{padding-top: 20px !important;padding-bottom: 35px !important;background-color: #71b42e !important;}&#8221;][\/vc_column][\/vc_row][vc_row content_placement=&#8221;middle&#8221; css=&#8221;.vc_custom_1521367027295{margin-top: 30px !important;}&#8221;][vc_column css=&#8221;.vc_custom_1521368147065{margin-top: -3.5em !important;}&#8221;][\/vc_column][\/vc_row][vc_row css=&#8221;.vc_custom_1492612814975{margin-top: 40px !important;margin-bottom: 40px !important;}&#8221;][vc_column width=&#8221;2\/3&#8243;][vc_column_text]\u00c0 prendre en compte : La direction du camping se r\u00e9serve le droit de ne pas garantir la distribution du bungalow, seulement le nombre de places. Les logements seront disponibles \u00e0 partir de [&hellip;]<\/p>\n","protected":false},"author":1,"featured_media":0,"parent":0,"menu_order":0,"comment_status":"closed","ping_status":"closed","template":"","meta":{"_joinchat":[],"footnotes":""},"class_list":["post-13062","page","type-page","status-publish","hentry"],"yoast_head":"<!-- This site is optimized with the Yoast SEO plugin v27.5 - https:\/\/yoast.com\/product\/yoast-seo-wordpress\/ -->\n<title>Termes et conditions - Camping Cazorla - Puente de las Herrer\u00edas<\/title>\n<meta name=\"description\" content=\"La annulation de la r\u00e9servation doit \u00eatre communiqu\u00e9e par e-mail \u00e0 info@puentedelasherrerias.com. En cas de remboursement, veuillez indiquer un num\u00e9ro de compte pour le transfert du montant correspondant. Nous esp\u00e9rons que ces informations vous seront utiles et esp\u00e9rons pouvoir vous assister tr\u00e8s bient\u00f4t.\" \/>\n<meta name=\"robots\" content=\"index, follow, max-snippet:-1, max-image-preview:large, max-video-preview:-1\" \/>\n<link rel=\"canonical\" href=\"https:\/\/www.puentedelasherrerias.com\/fr\/termes-et-conditions\/\" \/>\n<meta property=\"og:locale\" content=\"fr_FR\" \/>\n<meta property=\"og:type\" content=\"article\" \/>\n<meta property=\"og:title\" content=\"Termes et conditions - Camping Cazorla - Puente de las Herrer\u00edas\" \/>\n<meta property=\"og:description\" content=\"La annulation de la r\u00e9servation doit \u00eatre communiqu\u00e9e par e-mail \u00e0 info@puentedelasherrerias.com. En cas de remboursement, veuillez indiquer un num\u00e9ro de compte pour le transfert du montant correspondant. Nous esp\u00e9rons que ces informations vous seront utiles et esp\u00e9rons pouvoir vous assister tr\u00e8s bient\u00f4t.\" \/>\n<meta property=\"og:url\" content=\"https:\/\/www.puentedelasherrerias.com\/fr\/termes-et-conditions\/\" \/>\n<meta property=\"og:site_name\" content=\"Camping Bungalows Hotel - Puente de las Herrerias - Cazorla\" \/>\n<meta property=\"article:publisher\" content=\"https:\/\/www.facebook.com\/puentedelasherrerias\/\" \/>\n<meta property=\"article:modified_time\" content=\"2024-02-08T18:57:20+00:00\" \/>\n<meta name=\"twitter:card\" content=\"summary_large_image\" \/>\n<meta name=\"twitter:site\" content=\"@puenteherrerias\" \/>\n<meta name=\"twitter:label1\" content=\"Dur\u00e9e de lecture estim\u00e9e\" \/>\n\t<meta name=\"twitter:data1\" content=\"5 minutes\" \/>\n<script type=\"application\/ld+json\" class=\"yoast-schema-graph\">{\"@context\":\"https:\\\/\\\/schema.org\",\"@graph\":[{\"@type\":\"WebPage\",\"@id\":\"https:\\\/\\\/www.puentedelasherrerias.com\\\/fr\\\/termes-et-conditions\\\/\",\"url\":\"https:\\\/\\\/www.puentedelasherrerias.com\\\/fr\\\/termes-et-conditions\\\/\",\"name\":\"Termes et conditions - Camping Cazorla - Puente de las Herrer\u00edas\",\"isPartOf\":{\"@id\":\"https:\\\/\\\/www.puentedelasherrerias.com\\\/fr\\\/#website\"},\"datePublished\":\"2024-02-08T18:53:02+00:00\",\"dateModified\":\"2024-02-08T18:57:20+00:00\",\"description\":\"La annulation de la r\u00e9servation doit \u00eatre communiqu\u00e9e par e-mail \u00e0 info@puentedelasherrerias.com. En cas de remboursement, veuillez indiquer un num\u00e9ro de compte pour le transfert du montant correspondant. Nous esp\u00e9rons que ces informations vous seront utiles et esp\u00e9rons pouvoir vous assister tr\u00e8s bient\u00f4t.\",\"breadcrumb\":{\"@id\":\"https:\\\/\\\/www.puentedelasherrerias.com\\\/fr\\\/termes-et-conditions\\\/#breadcrumb\"},\"inLanguage\":\"fr-FR\",\"potentialAction\":[{\"@type\":\"ReadAction\",\"target\":[\"https:\\\/\\\/www.puentedelasherrerias.com\\\/fr\\\/termes-et-conditions\\\/\"]}]},{\"@type\":\"BreadcrumbList\",\"@id\":\"https:\\\/\\\/www.puentedelasherrerias.com\\\/fr\\\/termes-et-conditions\\\/#breadcrumb\",\"itemListElement\":[{\"@type\":\"ListItem\",\"position\":1,\"name\":\"Portada\",\"item\":\"https:\\\/\\\/www.puentedelasherrerias.com\\\/fr\\\/\"},{\"@type\":\"ListItem\",\"position\":2,\"name\":\"Termes et conditions\"}]},{\"@type\":\"WebSite\",\"@id\":\"https:\\\/\\\/www.puentedelasherrerias.com\\\/fr\\\/#website\",\"url\":\"https:\\\/\\\/www.puentedelasherrerias.com\\\/fr\\\/\",\"name\":\"Camping Bungalows Hotel - Puente de las Herrerias - Cazorla\",\"description\":\"Situado en pleno coraz\u00f3n del parque natural de Cazorla y Segura y las Villas, Puente de las Herrer\u00edas ofrece una amplia oferta de turismo y ocio: camping, caba\u00f1as de madera, hotel, actividades en la naturaleza...\",\"potentialAction\":[{\"@type\":\"SearchAction\",\"target\":{\"@type\":\"EntryPoint\",\"urlTemplate\":\"https:\\\/\\\/www.puentedelasherrerias.com\\\/fr\\\/?s={search_term_string}\"},\"query-input\":{\"@type\":\"PropertyValueSpecification\",\"valueRequired\":true,\"valueName\":\"search_term_string\"}}],\"inLanguage\":\"fr-FR\"}]}<\/script>\n<!-- \/ Yoast SEO plugin. -->","yoast_head_json":{"title":"Termes et conditions - Camping Cazorla - Puente de las Herrer\u00edas","description":"La annulation de la r\u00e9servation doit \u00eatre communiqu\u00e9e par e-mail \u00e0 info@puentedelasherrerias.com. En cas de remboursement, veuillez indiquer un num\u00e9ro de compte pour le transfert du montant correspondant. Nous esp\u00e9rons que ces informations vous seront utiles et esp\u00e9rons pouvoir vous assister tr\u00e8s bient\u00f4t.","robots":{"index":"index","follow":"follow","max-snippet":"max-snippet:-1","max-image-preview":"max-image-preview:large","max-video-preview":"max-video-preview:-1"},"canonical":"https:\/\/www.puentedelasherrerias.com\/fr\/termes-et-conditions\/","og_locale":"fr_FR","og_type":"article","og_title":"Termes et conditions - Camping Cazorla - Puente de las Herrer\u00edas","og_description":"La annulation de la r\u00e9servation doit \u00eatre communiqu\u00e9e par e-mail \u00e0 info@puentedelasherrerias.com. En cas de remboursement, veuillez indiquer un num\u00e9ro de compte pour le transfert du montant correspondant. Nous esp\u00e9rons que ces informations vous seront utiles et esp\u00e9rons pouvoir vous assister tr\u00e8s bient\u00f4t.","og_url":"https:\/\/www.puentedelasherrerias.com\/fr\/termes-et-conditions\/","og_site_name":"Camping Bungalows Hotel - Puente de las Herrerias - Cazorla","article_publisher":"https:\/\/www.facebook.com\/puentedelasherrerias\/","article_modified_time":"2024-02-08T18:57:20+00:00","twitter_card":"summary_large_image","twitter_site":"@puenteherrerias","twitter_misc":{"Dur\u00e9e de lecture estim\u00e9e":"5 minutes"},"schema":{"@context":"https:\/\/schema.org","@graph":[{"@type":"WebPage","@id":"https:\/\/www.puentedelasherrerias.com\/fr\/termes-et-conditions\/","url":"https:\/\/www.puentedelasherrerias.com\/fr\/termes-et-conditions\/","name":"Termes et conditions - Camping Cazorla - Puente de las Herrer\u00edas","isPartOf":{"@id":"https:\/\/www.puentedelasherrerias.com\/fr\/#website"},"datePublished":"2024-02-08T18:53:02+00:00","dateModified":"2024-02-08T18:57:20+00:00","description":"La annulation de la r\u00e9servation doit \u00eatre communiqu\u00e9e par e-mail \u00e0 info@puentedelasherrerias.com. En cas de remboursement, veuillez indiquer un num\u00e9ro de compte pour le transfert du montant correspondant. Nous esp\u00e9rons que ces informations vous seront utiles et esp\u00e9rons pouvoir vous assister tr\u00e8s bient\u00f4t.","breadcrumb":{"@id":"https:\/\/www.puentedelasherrerias.com\/fr\/termes-et-conditions\/#breadcrumb"},"inLanguage":"fr-FR","potentialAction":[{"@type":"ReadAction","target":["https:\/\/www.puentedelasherrerias.com\/fr\/termes-et-conditions\/"]}]},{"@type":"BreadcrumbList","@id":"https:\/\/www.puentedelasherrerias.com\/fr\/termes-et-conditions\/#breadcrumb","itemListElement":[{"@type":"ListItem","position":1,"name":"Portada","item":"https:\/\/www.puentedelasherrerias.com\/fr\/"},{"@type":"ListItem","position":2,"name":"Termes et conditions"}]},{"@type":"WebSite","@id":"https:\/\/www.puentedelasherrerias.com\/fr\/#website","url":"https:\/\/www.puentedelasherrerias.com\/fr\/","name":"Camping Bungalows Hotel - Puente de las Herrerias - Cazorla","description":"Situado en pleno coraz\u00f3n del parque natural de Cazorla y Segura y las Villas, Puente de las Herrer\u00edas ofrece una amplia oferta de turismo y ocio: camping, caba\u00f1as de madera, hotel, actividades en la naturaleza...","potentialAction":[{"@type":"SearchAction","target":{"@type":"EntryPoint","urlTemplate":"https:\/\/www.puentedelasherrerias.com\/fr\/?s={search_term_string}"},"query-input":{"@type":"PropertyValueSpecification","valueRequired":true,"valueName":"search_term_string"}}],"inLanguage":"fr-FR"}]}},"_links":{"self":[{"href":"https:\/\/www.puentedelasherrerias.com\/fr\/wp-json\/wp\/v2\/pages\/13062","targetHints":{"allow":["GET"]}}],"collection":[{"href":"https:\/\/www.puentedelasherrerias.com\/fr\/wp-json\/wp\/v2\/pages"}],"about":[{"href":"https:\/\/www.puentedelasherrerias.com\/fr\/wp-json\/wp\/v2\/types\/page"}],"author":[{"embeddable":true,"href":"https:\/\/www.puentedelasherrerias.com\/fr\/wp-json\/wp\/v2\/users\/1"}],"replies":[{"embeddable":true,"href":"https:\/\/www.puentedelasherrerias.com\/fr\/wp-json\/wp\/v2\/comments?post=13062"}],"version-history":[{"count":4,"href":"https:\/\/www.puentedelasherrerias.com\/fr\/wp-json\/wp\/v2\/pages\/13062\/revisions"}],"predecessor-version":[{"id":13071,"href":"https:\/\/www.puentedelasherrerias.com\/fr\/wp-json\/wp\/v2\/pages\/13062\/revisions\/13071"}],"wp:attachment":[{"href":"https:\/\/www.puentedelasherrerias.com\/fr\/wp-json\/wp\/v2\/media?parent=13062"}],"curies":[{"name":"wp","href":"https:\/\/api.w.org\/{rel}","templated":true}]}}