{"id":2531,"date":"2018-03-24T08:20:01","date_gmt":"2018-03-24T08:20:01","guid":{"rendered":"http:\/\/www.puentedelasherrerias.com\/entorno-y-ocio\/"},"modified":"2018-10-30T23:21:19","modified_gmt":"2018-10-30T23:21:19","slug":"environnement-et-loisirs","status":"publish","type":"page","link":"https:\/\/www.puentedelasherrerias.com\/fr\/environnement-et-loisirs\/","title":{"rendered":"Environnement et loisirs"},"content":{"rendered":"<div class=\"wpb-content-wrapper\"><p>[vc_row full_width=&#8221;stretch_row_content_no_spaces&#8221; content_placement=&#8221;middle&#8221;][vc_column css=&#8221;.vc_custom_1526819194970{padding-top: 20px !important;padding-bottom: 35px !important;background-color: #71b42e !important;}&#8221;] <h2 style=\"color:#ffffff;padding:px;text-align:center;font-size:24px;line-height:50px;letter-spacing: px;font-weight:\" class=\"    \">Camping, camps et excursions de fin d\u00b4ann\u00e9e scolaire \u00e0 Cazorla<\/h2> [\/vc_column][\/vc_row][vc_row content_placement=&#8221;middle&#8221; css=&#8221;.vc_custom_1521367027295{margin-top: 30px !important;}&#8221;][vc_column css=&#8221;.vc_custom_1521368147065{margin-top: -3.5em !important;}&#8221;]\n\t<div class=\"nd_options_section nd_options_text_align_center\">\n\t<a style=\"border: 2px solid #fd8200;border-radius:1pxpx;letter-spacing:2px;line-height:11px;font-size:11px;background-color:#ffffff;padding:15px 35px;margin:;color:#71b42e\" rel=\"\" href=\"http:\/\/www.puentedelasherrerias.com\/fr\/reservations\/\" class=\"nicdark_display_inline_block  nd_options_font_weight_bold nd_options_second_font  \">Reservations<\/a>\n\t<\/div>\n[\/vc_column][\/vc_row][vc_row css=&#8221;.vc_custom_1521374151198{margin-top: 20px !important;}&#8221;][vc_column][vc_column_text el_class=&#8221;nd_options_text_align_center_responsive&#8221;]Si votre visite \u00e0 Cazorla est avec des enfants, ou \u00a0vous recherchez un camping qui offre autre chose, dans \u00a0EL PUENTE DE LAS HERREDI\u00c1S nous garantissons le plaisir pour tous les \u00e2ges avec beaucoup d&#8217;alternatives de multi aventure, de randonn\u00e9es et de loisirs totalement gratuits pour nos clients.[\/vc_column_text][\/vc_column][\/vc_row][vc_row css=&#8221;.vc_custom_1521374151198{margin-top: 20px !important;}&#8221;][vc_column width=&#8221;1\/3&#8243; css=&#8221;.vc_custom_1467360650255{margin-top: 10px !important;margin-bottom: 10px !important;padding-top: 0px !important;padding-right: 40px !important;}&#8221;][vc_column_text]<\/p>\n<ul>\n<li>Puente de las Herrer\u00edas<\/li>\n<li>Buitrera de Chorro<\/li>\n<li>Las Duchas<\/li>\n<li>Pico de los Pollos de la Mesa<\/li>\n<\/ul>\n<p>[\/vc_column_text][\/vc_column][vc_column width=&#8221;1\/3&#8243;][vc_column_text]<\/p>\n<ul>\n<li>Lagunas de Valdeazores y aguas negras<\/li>\n<li>Centro interpretaci\u00f3n Fluvial<\/li>\n<li>Nacimiento del Guadalquivir<\/li>\n<li>Cerrada del Utrero<\/li>\n<\/ul>\n<p>[\/vc_column_text][\/vc_column][vc_column width=&#8221;1\/3&#8243;][vc_column_text]<\/p>\n<ul>\n<li>Fuente del Oso<\/li>\n<li>Ruta del R\u00edo Borosa<\/li>\n<li>Centro de interpretaci\u00f3n<\/li>\n<li>Torre del Vinagre<\/li>\n<li>Parque Cineg\u00e9tico<\/li>\n<\/ul>\n<p>[\/vc_column_text][\/vc_column][\/vc_row][vc_row full_width=&#8221;stretch_row_content_no_spaces&#8221; parallax=&#8221;content-moving&#8221; parallax_image=&#8221;1764&#8243;][vc_column]<div style=\"background-color:;height: 300px\" class=\"nicdark_section  \"><\/div>[\/vc_column][\/vc_row][vc_row css=&#8221;.vc_custom_1521374151198{margin-top: 20px !important;}&#8221;][vc_column css=&#8221;.vc_custom_1467360650255{margin-top: 10px !important;margin-bottom: 10px !important;padding-top: 0px !important;padding-right: 40px !important;}&#8221;][vc_column_text el_class=&#8221;nd_options_text_align_center_responsive&#8221;]A P\u00e2ques, juillet, ao\u00fbt et ponts f\u00e9ri\u00e9s, notre \u00e9quipe d&#8217;instructeurs organise un programme d&#8217;activit\u00e9s consistant en Multi aventure (tyrolienne, accrobranche, pendule humaine, tir \u00e0 l&#8217;arc) trekking et Mini club, Mini Disco, soir\u00e9es nocturnes et bien d&#8217;autres.[\/vc_column_text][\/vc_column][\/vc_row][vc_row][vc_column][vc_column_text]<iframe loading=\"lazy\" src=\"https:\/\/www.youtube.com\/embed\/AqF-FkpyUBA\" width=\"100%\" height=\"658\" frameborder=\"0\" allowfullscreen=\"allowfullscreen\"><\/iframe>[\/vc_column_text][vc_media_grid element_width=&#8221;3&#8243; grid_id=&#8221;vc_gid:1540941440338-f3f7bd87-6b48-8&#8243; include=&#8221;2188,2187,2186,2185,2184,2183,2182,2181,2180,2179,2178,2177,2176,2175,2174,2173,2172,2171,2170,2169&#8243;][\/vc_column][\/vc_row]<\/p>\n<\/div>","protected":false},"excerpt":{"rendered":"<p>[vc_row full_width=&#8221;stretch_row_content_no_spaces&#8221; content_placement=&#8221;middle&#8221;][vc_column css=&#8221;.vc_custom_1526819194970{padding-top: 20px !important;padding-bottom: 35px !important;background-color: #71b42e !important;}&#8221;][\/vc_column][\/vc_row][vc_row content_placement=&#8221;middle&#8221; css=&#8221;.vc_custom_1521367027295{margin-top: 30px !important;}&#8221;][vc_column css=&#8221;.vc_custom_1521368147065{margin-top: -3.5em !important;}&#8221;][\/vc_column][\/vc_row][vc_row css=&#8221;.vc_custom_1521374151198{margin-top: 20px !important;}&#8221;][vc_column][vc_column_text el_class=&#8221;nd_options_text_align_center_responsive&#8221;]Si votre visite \u00e0 Cazorla est avec des enfants, ou \u00a0vous recherchez un camping qui offre autre chose, dans \u00a0EL PUENTE DE LAS HERREDI\u00c1S nous garantissons le plaisir pour tous les \u00e2ges avec beaucoup d&#8217;alternatives [&hellip;]<\/p>\n","protected":false},"author":1,"featured_media":0,"parent":0,"menu_order":0,"comment_status":"closed","ping_status":"closed","template":"","meta":{"_joinchat":[],"footnotes":""},"class_list":["post-2531","page","type-page","status-publish","hentry"],"yoast_head":"<!-- This site is optimized with the Yoast SEO plugin v27.5 - https:\/\/yoast.com\/product\/yoast-seo-wordpress\/ -->\n<title>Entorno y Ocio - Camping Cazorla - Puente de las Herrerias<\/title>\n<meta name=\"description\" content=\"Entorno y Ocio - La Sierra de Cazorla, Segura y las Villas, es el espacio natural protegido m\u00e1s grande de Espa\u00f1a. En consecuencia a la pregunta qu\u00e9 ver en Cazorla, las respuestas son muy numerosas.\" \/>\n<meta name=\"robots\" content=\"index, follow, max-snippet:-1, max-image-preview:large, max-video-preview:-1\" \/>\n<link rel=\"canonical\" href=\"https:\/\/www.puentedelasherrerias.com\/fr\/environnement-et-loisirs\/\" \/>\n<meta property=\"og:locale\" content=\"fr_FR\" \/>\n<meta property=\"og:type\" content=\"article\" \/>\n<meta property=\"og:title\" content=\"Entorno y Ocio - Camping Cazorla - Puente de las Herrerias\" \/>\n<meta property=\"og:description\" content=\"Entorno y Ocio - La Sierra de Cazorla, Segura y las Villas, es el espacio natural protegido m\u00e1s grande de Espa\u00f1a. En consecuencia a la pregunta qu\u00e9 ver en Cazorla, las respuestas son muy numerosas.\" \/>\n<meta property=\"og:url\" content=\"https:\/\/www.puentedelasherrerias.com\/fr\/environnement-et-loisirs\/\" \/>\n<meta property=\"og:site_name\" content=\"Camping Bungalows Hotel - Puente de las Herrerias - Cazorla\" \/>\n<meta property=\"article:publisher\" content=\"https:\/\/www.facebook.com\/puentedelasherrerias\/\" \/>\n<meta property=\"article:modified_time\" content=\"2018-10-30T23:21:19+00:00\" \/>\n<meta name=\"twitter:card\" content=\"summary_large_image\" \/>\n<meta name=\"twitter:site\" content=\"@puenteherrerias\" \/>\n<meta name=\"twitter:label1\" content=\"Dur\u00e9e de lecture estim\u00e9e\" \/>\n\t<meta name=\"twitter:data1\" content=\"2 minutes\" \/>\n<script type=\"application\/ld+json\" class=\"yoast-schema-graph\">{\"@context\":\"https:\\\/\\\/schema.org\",\"@graph\":[{\"@type\":\"WebPage\",\"@id\":\"https:\\\/\\\/www.puentedelasherrerias.com\\\/fr\\\/environnement-et-loisirs\\\/\",\"url\":\"https:\\\/\\\/www.puentedelasherrerias.com\\\/fr\\\/environnement-et-loisirs\\\/\",\"name\":\"Entorno y Ocio - Camping Cazorla - Puente de las Herrerias\",\"isPartOf\":{\"@id\":\"https:\\\/\\\/www.puentedelasherrerias.com\\\/fr\\\/#website\"},\"datePublished\":\"2018-03-24T08:20:01+00:00\",\"dateModified\":\"2018-10-30T23:21:19+00:00\",\"description\":\"Entorno y Ocio - La Sierra de Cazorla, Segura y las Villas, es el espacio natural protegido m\u00e1s grande de Espa\u00f1a. En consecuencia a la pregunta qu\u00e9 ver en Cazorla, las respuestas son muy numerosas.\",\"breadcrumb\":{\"@id\":\"https:\\\/\\\/www.puentedelasherrerias.com\\\/fr\\\/environnement-et-loisirs\\\/#breadcrumb\"},\"inLanguage\":\"fr-FR\",\"potentialAction\":[{\"@type\":\"ReadAction\",\"target\":[\"https:\\\/\\\/www.puentedelasherrerias.com\\\/fr\\\/environnement-et-loisirs\\\/\"]}]},{\"@type\":\"BreadcrumbList\",\"@id\":\"https:\\\/\\\/www.puentedelasherrerias.com\\\/fr\\\/environnement-et-loisirs\\\/#breadcrumb\",\"itemListElement\":[{\"@type\":\"ListItem\",\"position\":1,\"name\":\"Portada\",\"item\":\"https:\\\/\\\/www.puentedelasherrerias.com\\\/fr\\\/\"},{\"@type\":\"ListItem\",\"position\":2,\"name\":\"Environnement et loisirs\"}]},{\"@type\":\"WebSite\",\"@id\":\"https:\\\/\\\/www.puentedelasherrerias.com\\\/fr\\\/#website\",\"url\":\"https:\\\/\\\/www.puentedelasherrerias.com\\\/fr\\\/\",\"name\":\"Camping Bungalows Hotel - Puente de las Herrerias - Cazorla\",\"description\":\"Situado en pleno coraz\u00f3n del parque natural de Cazorla y Segura y las Villas, Puente de las Herrer\u00edas ofrece una amplia oferta de turismo y ocio: camping, caba\u00f1as de madera, hotel, actividades en la naturaleza...\",\"potentialAction\":[{\"@type\":\"SearchAction\",\"target\":{\"@type\":\"EntryPoint\",\"urlTemplate\":\"https:\\\/\\\/www.puentedelasherrerias.com\\\/fr\\\/?s={search_term_string}\"},\"query-input\":{\"@type\":\"PropertyValueSpecification\",\"valueRequired\":true,\"valueName\":\"search_term_string\"}}],\"inLanguage\":\"fr-FR\"}]}<\/script>\n<!-- \/ Yoast SEO plugin. -->","yoast_head_json":{"title":"Entorno y Ocio - Camping Cazorla - Puente de las Herrerias","description":"Entorno y Ocio - La Sierra de Cazorla, Segura y las Villas, es el espacio natural protegido m\u00e1s grande de Espa\u00f1a. En consecuencia a la pregunta qu\u00e9 ver en Cazorla, las respuestas son muy numerosas.","robots":{"index":"index","follow":"follow","max-snippet":"max-snippet:-1","max-image-preview":"max-image-preview:large","max-video-preview":"max-video-preview:-1"},"canonical":"https:\/\/www.puentedelasherrerias.com\/fr\/environnement-et-loisirs\/","og_locale":"fr_FR","og_type":"article","og_title":"Entorno y Ocio - Camping Cazorla - Puente de las Herrerias","og_description":"Entorno y Ocio - La Sierra de Cazorla, Segura y las Villas, es el espacio natural protegido m\u00e1s grande de Espa\u00f1a. En consecuencia a la pregunta qu\u00e9 ver en Cazorla, las respuestas son muy numerosas.","og_url":"https:\/\/www.puentedelasherrerias.com\/fr\/environnement-et-loisirs\/","og_site_name":"Camping Bungalows Hotel - Puente de las Herrerias - Cazorla","article_publisher":"https:\/\/www.facebook.com\/puentedelasherrerias\/","article_modified_time":"2018-10-30T23:21:19+00:00","twitter_card":"summary_large_image","twitter_site":"@puenteherrerias","twitter_misc":{"Dur\u00e9e de lecture estim\u00e9e":"2 minutes"},"schema":{"@context":"https:\/\/schema.org","@graph":[{"@type":"WebPage","@id":"https:\/\/www.puentedelasherrerias.com\/fr\/environnement-et-loisirs\/","url":"https:\/\/www.puentedelasherrerias.com\/fr\/environnement-et-loisirs\/","name":"Entorno y Ocio - Camping Cazorla - Puente de las Herrerias","isPartOf":{"@id":"https:\/\/www.puentedelasherrerias.com\/fr\/#website"},"datePublished":"2018-03-24T08:20:01+00:00","dateModified":"2018-10-30T23:21:19+00:00","description":"Entorno y Ocio - La Sierra de Cazorla, Segura y las Villas, es el espacio natural protegido m\u00e1s grande de Espa\u00f1a. En consecuencia a la pregunta qu\u00e9 ver en Cazorla, las respuestas son muy numerosas.","breadcrumb":{"@id":"https:\/\/www.puentedelasherrerias.com\/fr\/environnement-et-loisirs\/#breadcrumb"},"inLanguage":"fr-FR","potentialAction":[{"@type":"ReadAction","target":["https:\/\/www.puentedelasherrerias.com\/fr\/environnement-et-loisirs\/"]}]},{"@type":"BreadcrumbList","@id":"https:\/\/www.puentedelasherrerias.com\/fr\/environnement-et-loisirs\/#breadcrumb","itemListElement":[{"@type":"ListItem","position":1,"name":"Portada","item":"https:\/\/www.puentedelasherrerias.com\/fr\/"},{"@type":"ListItem","position":2,"name":"Environnement et loisirs"}]},{"@type":"WebSite","@id":"https:\/\/www.puentedelasherrerias.com\/fr\/#website","url":"https:\/\/www.puentedelasherrerias.com\/fr\/","name":"Camping Bungalows Hotel - Puente de las Herrerias - Cazorla","description":"Situado en pleno coraz\u00f3n del parque natural de Cazorla y Segura y las Villas, Puente de las Herrer\u00edas ofrece una amplia oferta de turismo y ocio: camping, caba\u00f1as de madera, hotel, actividades en la naturaleza...","potentialAction":[{"@type":"SearchAction","target":{"@type":"EntryPoint","urlTemplate":"https:\/\/www.puentedelasherrerias.com\/fr\/?s={search_term_string}"},"query-input":{"@type":"PropertyValueSpecification","valueRequired":true,"valueName":"search_term_string"}}],"inLanguage":"fr-FR"}]}},"_links":{"self":[{"href":"https:\/\/www.puentedelasherrerias.com\/fr\/wp-json\/wp\/v2\/pages\/2531","targetHints":{"allow":["GET"]}}],"collection":[{"href":"https:\/\/www.puentedelasherrerias.com\/fr\/wp-json\/wp\/v2\/pages"}],"about":[{"href":"https:\/\/www.puentedelasherrerias.com\/fr\/wp-json\/wp\/v2\/types\/page"}],"author":[{"embeddable":true,"href":"https:\/\/www.puentedelasherrerias.com\/fr\/wp-json\/wp\/v2\/users\/1"}],"replies":[{"embeddable":true,"href":"https:\/\/www.puentedelasherrerias.com\/fr\/wp-json\/wp\/v2\/comments?post=2531"}],"version-history":[{"count":0,"href":"https:\/\/www.puentedelasherrerias.com\/fr\/wp-json\/wp\/v2\/pages\/2531\/revisions"}],"wp:attachment":[{"href":"https:\/\/www.puentedelasherrerias.com\/fr\/wp-json\/wp\/v2\/media?parent=2531"}],"curies":[{"name":"wp","href":"https:\/\/api.w.org\/{rel}","templated":true}]}}