{"id":2578,"date":"2017-06-30T09:48:28","date_gmt":"2017-06-30T09:48:28","guid":{"rendered":"http:\/\/www.puentedelasherrerias.com\/contacto\/"},"modified":"2018-10-30T23:46:44","modified_gmt":"2018-10-30T23:46:44","slug":"contact","status":"publish","type":"page","link":"https:\/\/www.puentedelasherrerias.com\/fr\/contact\/","title":{"rendered":"Contact"},"content":{"rendered":"<div class=\"wpb-content-wrapper\"><p>[vc_row full_width=&#8221;stretch_row_content_no_spaces&#8221; content_placement=&#8221;middle&#8221;][vc_column css=&#8221;.vc_custom_1526817975358{padding-top: 20px !important;padding-bottom: 35px !important;background-color: #71b42e !important;}&#8221;] <h2 style=\"color:#ffffff;padding:px;text-align:center;font-size:24px;line-height:50px;letter-spacing: px;font-weight:\" class=\"    \">Camping, camps et excursions de fin d\u00b4ann\u00e9e scolaire \u00e0 Cazorla<\/h2> [\/vc_column][\/vc_row][vc_row content_placement=&#8221;middle&#8221; css=&#8221;.vc_custom_1521367027295{margin-top: 30px !important;}&#8221;][vc_column css=&#8221;.vc_custom_1521368147065{margin-top: -3.5em !important;}&#8221;]\n\t<div class=\"nd_options_section nd_options_text_align_center\">\n\t<a style=\"border: 2px solid #fd8200;border-radius:1pxpx;letter-spacing:2px;line-height:11px;font-size:11px;background-color:#ffffff;padding:15px 35px;margin:;color:#71b42e\" rel=\"\" href=\"http:\/\/www.puentedelasherrerias.com\/fr\/reservations\/\" class=\"nicdark_display_inline_block  nd_options_font_weight_bold nd_options_second_font  \">Reservations<\/a>\n\t<\/div>\n[\/vc_column][\/vc_row][vc_row css=&#8221;.vc_custom_1521374939965{margin-top: 30px !important;}&#8221;][vc_column width=&#8221;1\/2&#8243; css=&#8221;.vc_custom_1467214267244{padding-top: 10px !important;padding-bottom: 10px !important;}&#8221;] <h2 style=\"color:;padding:px;text-align:;font-size:25px;line-height:25px;letter-spacing: px;font-weight:normal\" class=\"   nd_options_first_font \">Contactez-nous<\/h2> <div style=\"background-color:;height: 20px\" class=\"nicdark_section  \"><\/div>[vc_column_text]Si vous souhaitez nous contacter, n&#8217;h\u00e9sitez pas \u00e0 remplir ce court formulaire con\u00e7u pour cet effet. Nous vous r\u00e9pondrons d\u00e8s que possible.<\/p>\n<p>Merci de votre temps.[\/vc_column_text]<div style=\"background-color:;height: 20px\" class=\"nicdark_section  \"><\/div>\n\n    <!--start form-->\n    <div id=\"nd_options_shortcode_cf7_1072\" class=\"nd_options_section \">\n      \n      <div class=\"nd_options_section nd_options_box_sizing_border_box\">\n        \n<div class=\"wpcf7 no-js\" id=\"wpcf7-f1072-o1\" lang=\"en-US\" dir=\"ltr\">\n<div class=\"screen-reader-response\"><p role=\"status\" aria-live=\"polite\" aria-atomic=\"true\"><\/p> <ul><\/ul><\/div>\n<form action=\"\/fr\/wp-json\/wp\/v2\/pages\/2578#wpcf7-f1072-o1\" method=\"post\" class=\"wpcf7-form init\" aria-label=\"Contact form\" novalidate=\"novalidate\" data-status=\"init\">\n<input type=\"hidden\" name=\"_wpcf7\" value=\"1072\" \/><input type=\"hidden\" name=\"_wpcf7_version\" value=\"6.1.5\" \/><input type=\"hidden\" name=\"_wpcf7_locale\" value=\"en_US\" \/><input type=\"hidden\" name=\"_wpcf7_unit_tag\" value=\"wpcf7-f1072-o1\" \/><input type=\"hidden\" name=\"_wpcf7_container_post\" value=\"0\" \/><input type=\"hidden\" name=\"_wpcf7_posted_data_hash\" value=\"\" \/><input type=\"hidden\" name=\"_wpcf7_recaptcha_response\" value=\"\" \/>\n\n<div class=\"nd_options_float_left nd_options_box_sizing_border_box nd_options_width_100_percentage_all_iphone_important nd_options_padding_0_right_important_all_iphone nd_options_padding_0_left_important_all_iphone \" style=\"padding: 0px 10px 15px 0px;width:100%\">\n<\/p>\n<p>Nombre :\n<\/p>\n<p><span class=\"wpcf7-form-control-wrap\" data-name=\"your-name\"><\/span><\/div><br \/>\n<div class=\"nd_options_float_left nd_options_box_sizing_border_box nd_options_width_100_percentage_all_iphone_important nd_options_padding_0_right_important_all_iphone nd_options_padding_0_left_important_all_iphone \" style=\"padding: 0px 10px 15px 0px;width:100%\">\n<\/p>\n<p>Email :\n<\/p>\n<p><span class=\"wpcf7-form-control-wrap\" data-name=\"your-email\"><\/span><\/div><br \/>\n<div class=\"nd_options_float_left nd_options_box_sizing_border_box nd_options_width_100_percentage_all_iphone_important nd_options_padding_0_right_important_all_iphone nd_options_padding_0_left_important_all_iphone \" style=\"padding: 0px 10px 15px 0px;width:100%\">\n<\/p>\n<p>Mensaje :\n<\/p>\n<p><span class=\"wpcf7-form-control-wrap\" data-name=\"your-message\"><textarea cols=\"40\" rows=\"5\" class=\"wpcf7-form-control wpcf7-textarea nd_options_padding_10_20_important nd_options_margin_top_10\" name=\"your-message\"><\/textarea><\/span><\/div>\n<div class=\"nd_options_float_left nd_options_box_sizing_border_box nd_options_width_100_percentage_all_iphone_important nd_options_padding_0_right_important_all_iphone nd_options_padding_0_left_important_all_iphone \" style=\"padding: 10px;width:100%\">Al usar este formulario accedes al almacenamiento y gesti\u00f3n de tus datos por parte de esta web (Pol\u00edtica de Privacidad)<\/div>\n<p><input class=\"wpcf7-form-control wpcf7-submit has-spinner nd_booking_padding_15_30_important nd_options_second_font_important nd_options_color_white nd_options_display_inline_block nd_options_font_size_11 nd_options_font_weight_bold nd_options_letter_spacing_2 nd_options_section\" type=\"submit\" value=\"ENVIAR\" \/>\n<\/p><div class=\"wpcf7-response-output\" aria-hidden=\"true\"><\/div>\n<\/form>\n<\/div>\n \n      <\/div>  \n\n    <\/div>\n    <!--end form-->\n\n   [\/vc_column][vc_column width=&#8221;1\/2&#8243; css=&#8221;.vc_custom_1467214272039{padding-top: 10px !important;padding-bottom: 10px !important;}&#8221;][vc_column_text]<iframe loading=\"lazy\" style=\"border: 0;\" src=\"https:\/\/www.google.com\/maps\/embed?pb=!1m14!1m8!1m3!1d12592.175646020427!2d-2.9358986!3d37.9060363!3m2!1i1024!2i768!4f13.1!3m3!1m2!1s0x0%3A0xfa06e5825c3d845e!2sComplejo+Tur%C3%ADstico+Puente+de+las+Herrerias!5e0!3m2!1ses!2ses!4v1521385665581\" width=\"100%\" height=\"260\" frameborder=\"0\" allowfullscreen=\"allowfullscreen\"><\/iframe>[\/vc_column_text][vc_row_inner][vc_column_inner]\n\n\n  <div class=\"nd_options_section  nd_options_display_table \">\n    <div class=\"nd_options_display_table_cell nd_options_vertical_align_middle nd_options_width_50_percentage nd_options_text_align_left nd_options_padding_10 nd_options_box_sizing_border_box\">\n      <p class=\" nd_options_second_font nd_options_margin_0 nd_options_padding_0\" style=\"color:#1c1c1c\">Adresse :<\/p>\n    <\/div>\n    <div class=\"nd_options_display_table_cell nd_options_vertical_align_middle nd_options_width_50_percentage nd_options_text_align_right nd_options_padding_10 nd_options_box_sizing_border_box\">\n      <p class=\" nd_options_second_font nd_options_margin_0 nd_options_padding_0\" style=\"color:#878787\">Ctra. Nacimiento Guadalquivir Km.2, Cazorla<\/p>\n    <\/div>\n  <\/div>\n\n\n   <div style=\"background-color:#f1f1f1;height: 1px\" class=\"nicdark_section  \"><\/div>\n\n\n  <div class=\"nd_options_section  nd_options_display_table \">\n    <div class=\"nd_options_display_table_cell nd_options_vertical_align_middle nd_options_width_50_percentage nd_options_text_align_left nd_options_padding_10 nd_options_box_sizing_border_box\">\n      <p class=\" nd_options_second_font nd_options_margin_0 nd_options_padding_0\" style=\"color:#1c1c1c\">T\u00e9l\u00e9phone :<\/p>\n    <\/div>\n    <div class=\"nd_options_display_table_cell nd_options_vertical_align_middle nd_options_width_50_percentage nd_options_text_align_right nd_options_padding_10 nd_options_box_sizing_border_box\">\n      <p class=\" nd_options_second_font nd_options_margin_0 nd_options_padding_0\" style=\"color:#878787\">953 727 090<\/p>\n    <\/div>\n  <\/div>\n\n\n   <div style=\"background-color:#f1f1f1;height: 1px\" class=\"nicdark_section  \"><\/div>\n\n\n  <div class=\"nd_options_section  nd_options_display_table \">\n    <div class=\"nd_options_display_table_cell nd_options_vertical_align_middle nd_options_width_50_percentage nd_options_text_align_left nd_options_padding_10 nd_options_box_sizing_border_box\">\n      <p class=\" nd_options_second_font nd_options_margin_0 nd_options_padding_0\" style=\"color:#1c1c1c\">Email :<\/p>\n    <\/div>\n    <div class=\"nd_options_display_table_cell nd_options_vertical_align_middle nd_options_width_50_percentage nd_options_text_align_right nd_options_padding_10 nd_options_box_sizing_border_box\">\n      <p class=\" nd_options_second_font nd_options_margin_0 nd_options_padding_0\" style=\"color:#878787\">info@puentedelasherrerias.com<\/p>\n    <\/div>\n  <\/div>\n\n\n   <div style=\"background-color:#f1f1f1;height: 1px\" class=\"nicdark_section  \"><\/div>[\/vc_column_inner][\/vc_row_inner]<div style=\"background-color:;height: 35px\" class=\"nicdark_section  \"><\/div> <h5 style=\"color:#878787;padding:px;text-align:;font-size:12px;line-height:12px;letter-spacing: 2px;font-weight:lighter\" class=\"   nd_options_second_font \">Heures de service \u00e0 la client\u00e8le: 10AM \u2013 8PM<\/h5> <div style=\"background-color:;height: 10px\" class=\"nicdark_section  \"><\/div>\n    <div class=\"nd_options_section nd_options_line_height_0  nd_options_text_align_left \">\n        <span style=\"height:1px;width:30px;background-color:#878787\" class=\"nd_options_display_inline_block\"><\/span>\n    <\/div>\n   <div style=\"background-color:;height: 10px\" class=\"nicdark_section  \"><\/div> <h3 style=\"color:#1c1c1c;padding:px;text-align:;font-size:60px;line-height:60px;letter-spacing: px;font-weight:normal\" class=\"  telefono nd_options_first_font \">953 727 090<\/h3> [\/vc_column][\/vc_row]<\/p>\n<\/div>","protected":false},"excerpt":{"rendered":"<p>[vc_row full_width=&#8221;stretch_row_content_no_spaces&#8221; content_placement=&#8221;middle&#8221;][vc_column css=&#8221;.vc_custom_1526817975358{padding-top: 20px !important;padding-bottom: 35px !important;background-color: #71b42e !important;}&#8221;][\/vc_column][\/vc_row][vc_row content_placement=&#8221;middle&#8221; css=&#8221;.vc_custom_1521367027295{margin-top: 30px !important;}&#8221;][vc_column css=&#8221;.vc_custom_1521368147065{margin-top: -3.5em !important;}&#8221;][\/vc_column][\/vc_row][vc_row css=&#8221;.vc_custom_1521374939965{margin-top: 30px !important;}&#8221;][vc_column width=&#8221;1\/2&#8243; css=&#8221;.vc_custom_1467214267244{padding-top: 10px !important;padding-bottom: 10px !important;}&#8221;][vc_column_text]Si vous souhaitez nous contacter, n&#8217;h\u00e9sitez pas \u00e0 remplir ce court formulaire con\u00e7u pour cet effet. Nous vous r\u00e9pondrons d\u00e8s que possible. Merci de votre temps.[\/vc_column_text][\/vc_column][vc_column width=&#8221;1\/2&#8243; css=&#8221;.vc_custom_1467214272039{padding-top: 10px !important;padding-bottom: [&hellip;]<\/p>\n","protected":false},"author":1,"featured_media":0,"parent":0,"menu_order":0,"comment_status":"closed","ping_status":"closed","template":"","meta":{"_joinchat":[],"footnotes":""},"class_list":["post-2578","page","type-page","status-publish","hentry"],"yoast_head":"<!-- This site is optimized with the Yoast SEO plugin v27.4 - https:\/\/yoast.com\/product\/yoast-seo-wordpress\/ -->\n<title>Contacto - Camping Bungalows Hotel - Puente de las Herrerias - Cazorla<\/title>\n<meta name=\"description\" content=\"Si desea contactar con nosotros, por favor no dude en rellenar este breve formulario habilitado para tal efecto. Intentaremos dar debida contestaci\u00f3n a solicitud en la mayor brevedad de tiempo posible. Gracias por su tiempo.\" \/>\n<meta name=\"robots\" content=\"index, follow, max-snippet:-1, max-image-preview:large, max-video-preview:-1\" \/>\n<link rel=\"canonical\" href=\"https:\/\/www.puentedelasherrerias.com\/fr\/contact\/\" \/>\n<meta property=\"og:locale\" content=\"fr_FR\" \/>\n<meta property=\"og:type\" content=\"article\" \/>\n<meta property=\"og:title\" content=\"Contacto - Camping Bungalows Hotel - Puente de las Herrerias - Cazorla\" \/>\n<meta property=\"og:description\" content=\"Si desea contactar con nosotros, por favor no dude en rellenar este breve formulario habilitado para tal efecto. Intentaremos dar debida contestaci\u00f3n a solicitud en la mayor brevedad de tiempo posible. Gracias por su tiempo.\" \/>\n<meta property=\"og:url\" content=\"https:\/\/www.puentedelasherrerias.com\/fr\/contact\/\" \/>\n<meta property=\"og:site_name\" content=\"Camping Bungalows Hotel - Puente de las Herrerias - Cazorla\" \/>\n<meta property=\"article:publisher\" content=\"https:\/\/www.facebook.com\/puentedelasherrerias\/\" \/>\n<meta property=\"article:modified_time\" content=\"2018-10-30T23:46:44+00:00\" \/>\n<meta name=\"twitter:card\" content=\"summary_large_image\" \/>\n<meta name=\"twitter:site\" content=\"@puenteherrerias\" \/>\n<meta name=\"twitter:label1\" content=\"Dur\u00e9e de lecture estim\u00e9e\" \/>\n\t<meta name=\"twitter:data1\" content=\"3 minutes\" \/>\n<script type=\"application\/ld+json\" class=\"yoast-schema-graph\">{\"@context\":\"https:\\\/\\\/schema.org\",\"@graph\":[{\"@type\":\"WebPage\",\"@id\":\"https:\\\/\\\/www.puentedelasherrerias.com\\\/fr\\\/contact\\\/\",\"url\":\"https:\\\/\\\/www.puentedelasherrerias.com\\\/fr\\\/contact\\\/\",\"name\":\"Contacto - Camping Bungalows Hotel - Puente de las Herrerias - Cazorla\",\"isPartOf\":{\"@id\":\"https:\\\/\\\/www.puentedelasherrerias.com\\\/fr\\\/#website\"},\"datePublished\":\"2017-06-30T09:48:28+00:00\",\"dateModified\":\"2018-10-30T23:46:44+00:00\",\"description\":\"Si desea contactar con nosotros, por favor no dude en rellenar este breve formulario habilitado para tal efecto. Intentaremos dar debida contestaci\u00f3n a solicitud en la mayor brevedad de tiempo posible. Gracias por su tiempo.\",\"breadcrumb\":{\"@id\":\"https:\\\/\\\/www.puentedelasherrerias.com\\\/fr\\\/contact\\\/#breadcrumb\"},\"inLanguage\":\"fr-FR\",\"potentialAction\":[{\"@type\":\"ReadAction\",\"target\":[\"https:\\\/\\\/www.puentedelasherrerias.com\\\/fr\\\/contact\\\/\"]}]},{\"@type\":\"BreadcrumbList\",\"@id\":\"https:\\\/\\\/www.puentedelasherrerias.com\\\/fr\\\/contact\\\/#breadcrumb\",\"itemListElement\":[{\"@type\":\"ListItem\",\"position\":1,\"name\":\"Portada\",\"item\":\"https:\\\/\\\/www.puentedelasherrerias.com\\\/fr\\\/\"},{\"@type\":\"ListItem\",\"position\":2,\"name\":\"Contact\"}]},{\"@type\":\"WebSite\",\"@id\":\"https:\\\/\\\/www.puentedelasherrerias.com\\\/fr\\\/#website\",\"url\":\"https:\\\/\\\/www.puentedelasherrerias.com\\\/fr\\\/\",\"name\":\"Camping Bungalows Hotel - Puente de las Herrerias - Cazorla\",\"description\":\"Situado en pleno coraz\u00f3n del parque natural de Cazorla y Segura y las Villas, Puente de las Herrer\u00edas ofrece una amplia oferta de turismo y ocio: camping, caba\u00f1as de madera, hotel, actividades en la naturaleza...\",\"potentialAction\":[{\"@type\":\"SearchAction\",\"target\":{\"@type\":\"EntryPoint\",\"urlTemplate\":\"https:\\\/\\\/www.puentedelasherrerias.com\\\/fr\\\/?s={search_term_string}\"},\"query-input\":{\"@type\":\"PropertyValueSpecification\",\"valueRequired\":true,\"valueName\":\"search_term_string\"}}],\"inLanguage\":\"fr-FR\"}]}<\/script>\n<!-- \/ Yoast SEO plugin. -->","yoast_head_json":{"title":"Contacto - Camping Bungalows Hotel - Puente de las Herrerias - Cazorla","description":"Si desea contactar con nosotros, por favor no dude en rellenar este breve formulario habilitado para tal efecto. Intentaremos dar debida contestaci\u00f3n a solicitud en la mayor brevedad de tiempo posible. Gracias por su tiempo.","robots":{"index":"index","follow":"follow","max-snippet":"max-snippet:-1","max-image-preview":"max-image-preview:large","max-video-preview":"max-video-preview:-1"},"canonical":"https:\/\/www.puentedelasherrerias.com\/fr\/contact\/","og_locale":"fr_FR","og_type":"article","og_title":"Contacto - Camping Bungalows Hotel - Puente de las Herrerias - Cazorla","og_description":"Si desea contactar con nosotros, por favor no dude en rellenar este breve formulario habilitado para tal efecto. Intentaremos dar debida contestaci\u00f3n a solicitud en la mayor brevedad de tiempo posible. Gracias por su tiempo.","og_url":"https:\/\/www.puentedelasherrerias.com\/fr\/contact\/","og_site_name":"Camping Bungalows Hotel - Puente de las Herrerias - Cazorla","article_publisher":"https:\/\/www.facebook.com\/puentedelasherrerias\/","article_modified_time":"2018-10-30T23:46:44+00:00","twitter_card":"summary_large_image","twitter_site":"@puenteherrerias","twitter_misc":{"Dur\u00e9e de lecture estim\u00e9e":"3 minutes"},"schema":{"@context":"https:\/\/schema.org","@graph":[{"@type":"WebPage","@id":"https:\/\/www.puentedelasherrerias.com\/fr\/contact\/","url":"https:\/\/www.puentedelasherrerias.com\/fr\/contact\/","name":"Contacto - Camping Bungalows Hotel - Puente de las Herrerias - Cazorla","isPartOf":{"@id":"https:\/\/www.puentedelasherrerias.com\/fr\/#website"},"datePublished":"2017-06-30T09:48:28+00:00","dateModified":"2018-10-30T23:46:44+00:00","description":"Si desea contactar con nosotros, por favor no dude en rellenar este breve formulario habilitado para tal efecto. Intentaremos dar debida contestaci\u00f3n a solicitud en la mayor brevedad de tiempo posible. Gracias por su tiempo.","breadcrumb":{"@id":"https:\/\/www.puentedelasherrerias.com\/fr\/contact\/#breadcrumb"},"inLanguage":"fr-FR","potentialAction":[{"@type":"ReadAction","target":["https:\/\/www.puentedelasherrerias.com\/fr\/contact\/"]}]},{"@type":"BreadcrumbList","@id":"https:\/\/www.puentedelasherrerias.com\/fr\/contact\/#breadcrumb","itemListElement":[{"@type":"ListItem","position":1,"name":"Portada","item":"https:\/\/www.puentedelasherrerias.com\/fr\/"},{"@type":"ListItem","position":2,"name":"Contact"}]},{"@type":"WebSite","@id":"https:\/\/www.puentedelasherrerias.com\/fr\/#website","url":"https:\/\/www.puentedelasherrerias.com\/fr\/","name":"Camping Bungalows Hotel - Puente de las Herrerias - Cazorla","description":"Situado en pleno coraz\u00f3n del parque natural de Cazorla y Segura y las Villas, Puente de las Herrer\u00edas ofrece una amplia oferta de turismo y ocio: camping, caba\u00f1as de madera, hotel, actividades en la naturaleza...","potentialAction":[{"@type":"SearchAction","target":{"@type":"EntryPoint","urlTemplate":"https:\/\/www.puentedelasherrerias.com\/fr\/?s={search_term_string}"},"query-input":{"@type":"PropertyValueSpecification","valueRequired":true,"valueName":"search_term_string"}}],"inLanguage":"fr-FR"}]}},"_links":{"self":[{"href":"https:\/\/www.puentedelasherrerias.com\/fr\/wp-json\/wp\/v2\/pages\/2578","targetHints":{"allow":["GET"]}}],"collection":[{"href":"https:\/\/www.puentedelasherrerias.com\/fr\/wp-json\/wp\/v2\/pages"}],"about":[{"href":"https:\/\/www.puentedelasherrerias.com\/fr\/wp-json\/wp\/v2\/types\/page"}],"author":[{"embeddable":true,"href":"https:\/\/www.puentedelasherrerias.com\/fr\/wp-json\/wp\/v2\/users\/1"}],"replies":[{"embeddable":true,"href":"https:\/\/www.puentedelasherrerias.com\/fr\/wp-json\/wp\/v2\/comments?post=2578"}],"version-history":[{"count":0,"href":"https:\/\/www.puentedelasherrerias.com\/fr\/wp-json\/wp\/v2\/pages\/2578\/revisions"}],"wp:attachment":[{"href":"https:\/\/www.puentedelasherrerias.com\/fr\/wp-json\/wp\/v2\/media?parent=2578"}],"curies":[{"name":"wp","href":"https:\/\/api.w.org\/{rel}","templated":true}]}}