{"id":2591,"date":"2018-04-29T10:55:15","date_gmt":"2018-04-29T10:55:15","guid":{"rendered":"http:\/\/www.puentedelasherrerias.com\/instalaciones\/"},"modified":"2021-09-09T09:03:35","modified_gmt":"2021-09-09T07:03:35","slug":"installations","status":"publish","type":"page","link":"https:\/\/www.puentedelasherrerias.com\/fr\/installations\/","title":{"rendered":"INSTALLATIONS"},"content":{"rendered":"<div class=\"wpb-content-wrapper\"><p>[vc_row full_width=&#8221;stretch_row_content_no_spaces&#8221; content_placement=&#8221;middle&#8221;][vc_column css=&#8221;.vc_custom_1526842066973{padding-top: 20px !important;padding-bottom: 35px !important;background-color: #71b42e !important;}&#8221;] <h2 style=\"color:#ffffff;padding:px;text-align:center;font-size:24px;line-height:50px;letter-spacing: px;font-weight:\" class=\"    \">Camping, camps et excursions de fin d\u00b4ann\u00e9e scolaire \u00e0 Cazorla<\/h2> [\/vc_column][\/vc_row][vc_row content_placement=&#8221;middle&#8221; css=&#8221;.vc_custom_1521367027295{margin-top: 30px !important;}&#8221;][vc_column css=&#8221;.vc_custom_1521368147065{margin-top: -3.5em !important;}&#8221;]\n\t<div class=\"nd_options_section nd_options_text_align_center\">\n\t<a style=\"border: 2px solid #fd8200;border-radius:1pxpx;letter-spacing:2px;line-height:11px;font-size:11px;background-color:#ffffff;padding:15px 35px;margin:;color:#71b42e\" rel=\"\" href=\"\/contact\/\" class=\"nicdark_display_inline_block  nd_options_font_weight_bold nd_options_second_font  \">CONTACT<\/a>\n\t<\/div>\n[\/vc_column][\/vc_row][vc_row][vc_column]<div style=\"background-color:;height: 40px\" class=\"nicdark_section  \"><\/div>[\/vc_column][\/vc_row][vc_row][vc_column width=&#8221;1\/2&#8243;][vc_single_image image=&#8221;2430&#8243; img_size=&#8221;full&#8221;] <p style=\"color:#17482a;padding:px;text-align:center;font-size:22px;line-height:32px;letter-spacing: px;font-weight:bold\" class=\"   nd_options_first_font \">PISCINE SAISONNI\u00c8RE<\/p> [vc_column_text]<\/p>\n<p style=\"text-align: center;\">La piscine est ouverte de 12:00 \u00e0 20:00<\/p>\n<p>[\/vc_column_text][\/vc_column][vc_column width=&#8221;1\/2&#8243;][vc_single_image image=&#8221;2391&#8243; img_size=&#8221;full&#8221;] <p style=\"color:#17482a;padding:px;text-align:center;font-size:22px;line-height:32px;letter-spacing: px;font-weight:bold\" class=\"   nd_options_first_font \">SERVICE DE MACHINE \u00c0 LAVER<\/p> [vc_column_text]<\/p>\n<p style=\"text-align: center;\">Un lave-linge et un s\u00e8che-linge sont disponibles. Prix d&#8217;utilisation 3 \u20ac par lavage \/ s\u00e9chage<\/p>\n<p>[\/vc_column_text][\/vc_column][\/vc_row][vc_row][vc_column width=&#8221;1\/2&#8243;][vc_single_image image=&#8221;2390&#8243; img_size=&#8221;full&#8221;] <p style=\"color:#17482a;padding:px;text-align:center;font-size:22px;line-height:32px;letter-spacing: px;font-weight:bold\" class=\"   nd_options_first_font \">SANITAIRES<\/p> [vc_column_text]<\/p>\n<p style=\"text-align: center;\">Dans le camping, il y a 5 modules de services avec douches, lavabos, toilettes, lavabos et \u00e9viers<\/p>\n<p>[\/vc_column_text][\/vc_column][vc_column width=&#8221;1\/2&#8243;][vc_single_image image=&#8221;2431&#8243; img_size=&#8221;full&#8221;] <p style=\"color:#17482a;padding:px;text-align:center;font-size:22px;line-height:32px;letter-spacing: px;font-weight:bold\" class=\"   nd_options_first_font \">PARC d\u2019adventure<\/p> [vc_column_text]<\/p>\n<p style=\"text-align: center;\">Le parc d\u2019adventure est constitu\u00e9 de deux structures de ponts tib\u00e9tains avec un mur d&#8217;escalade, une structure avec plusieurs plates-formes entre les arbres (arborisme) et une tour de r\u00e9ception en tyrolienne avec un mur d&#8217;escalade et un pendule humain.<\/p>\n<p>[\/vc_column_text][\/vc_column][\/vc_row][vc_row full_width=&#8221;stretch_row&#8221;][vc_column]<div style=\"background-color:;height: 20px\" class=\"nicdark_section  \"><\/div>[vc_row_inner][vc_column_inner width=&#8221;1\/3&#8243;][vc_separator color=&#8221;custom&#8221; accent_color=&#8221;#fd8200&#8243; css=&#8221;.vc_custom_1522844215661{padding-top: 10px !important;}&#8221;][\/vc_column_inner][vc_column_inner width=&#8221;1\/3&#8243;] <h3 style=\"color:#17482a;padding:px;text-align:center;font-size:22pxpx;line-height:px;letter-spacing: px;font-weight:bold\" class=\"  nd_options_text_align_center_responsive_important nd_options_first_font \">LE RESTAURANT<\/h3> [\/vc_column_inner][vc_column_inner width=&#8221;1\/3&#8243;][vc_separator color=&#8221;custom&#8221; accent_color=&#8221;#fd8200&#8243; css=&#8221;.vc_custom_1522844222645{padding-top: 10px !important;}&#8221;][\/vc_column_inner][\/vc_row_inner]<div style=\"background-color:;height: 20px\" class=\"nicdark_section  \"><\/div>[vc_row_inner][vc_column_inner width=&#8221;1\/2&#8243;][vc_images_carousel images=&#8221;8972,8957,8999&#8243; title=&#8221;BAR&#8221;][vc_images_carousel images=&#8221;9351,9340&#8243; title=&#8221;RESTAURANT&#8221;][\/vc_column_inner][vc_column_inner width=&#8221;1\/2&#8243;][vc_column_text css=&#8221;.vc_custom_1540939968612{margin-bottom: 0px !important;}&#8221;]<\/p>\n<p style=\"font-weight: 400;\">Dans le restaurant, nous offrons une grande vari\u00e9t\u00e9 de plats typiques. Notre sp\u00e9cialit\u00e9 est la truite fum\u00e9e dans notre propre four,\u00a0 le gibier, le filet \u00e0 la marjolaine, l\u00b4\u00e9chine en p\u00f4t, les l\u00e9gumes du verger (courgettes et \u00e9pinards dans une sauce traditionnelle exquise), Rin-RAN (plat typique Serrano avec base de pommes de terre, poivre rouge sec, morue et huile d&#8217;olive extra vierge), le poulet \u00e0 l&#8217;ail, l\u00b4abattage Serrana\u00a0 (chorizo, boudin noir et blanc de la r\u00e9gion),\u00a0 le rago\u00fbt, la soupe, le potage, le salmorejo et les salades.<\/p>\n<p>&nbsp;<\/p>\n<p style=\"font-weight: 400;\">En plus sur notre gril de charbon de bois nous pr\u00e9parons\u00a0 c\u00f4telettes d&#8217;agneau, de cerf et de porc, filets de porc et de cerf et\u00a0 poitrines de poulet. Nous avons aussi des poissons, truite sur la plaque ou brais\u00e9e, empereur, seiche et calmar.<\/p>\n<p style=\"font-weight: 400;\">Pour les petits nous avons une grande vari\u00e9t\u00e9 de plats de p\u00e2tes, poitrines de poulet pan\u00e9es\u00a0 et cordons bleus de jambon et fromage.<\/p>\n<p style=\"font-weight: 400;\">Dans le bar, vous pouvez \u00e9galement commander des sandwichs (de baguette ou pain de mie), des rations vari\u00e9es, des pizzas, et des hamburgers complets.<\/p>\n<p style=\"font-weight: 400;\">Vous ne pouvez pas manquer nos d\u00e9licieux desserts maison, pudding, cr\u00e8me, flan, tarte au citron, tiramisu et g\u00e2teau au 3 chocolats.<\/p>\n<p>&nbsp;<\/p>\n<p style=\"font-weight: 400;\">Nous nous adaptons parfaitement aux menus sp\u00e9ciaux, sans gluten ou sans lactose et toutes sortes d&#8217;allergies ou d&#8217;intol\u00e9rances.<\/p>\n<ul>\n<li style=\"font-weight: 400;\">Le bar-caf\u00e9t\u00e9ria est de 9h00 \u00e0 23h00.<\/li>\n<li style=\"font-weight: 400;\">Les heures du restaurant sont de 13h30 \u00e0 16h00 et de 20h00 \u00e0 22h45.<\/li>\n<\/ul>\n<p>[\/vc_column_text]<div style=\"background-color:;height: 5px\" class=\"nicdark_section  \"><\/div>[\/vc_column_inner][\/vc_row_inner]<div style=\"background-color:;height: 20px\" class=\"nicdark_section  \"><\/div>[\/vc_column][\/vc_row]<\/p>\n<\/div>","protected":false},"excerpt":{"rendered":"<p>[vc_row full_width=&#8221;stretch_row_content_no_spaces&#8221; content_placement=&#8221;middle&#8221;][vc_column css=&#8221;.vc_custom_1526842066973{padding-top: 20px !important;padding-bottom: 35px !important;background-color: #71b42e !important;}&#8221;][\/vc_column][\/vc_row][vc_row content_placement=&#8221;middle&#8221; css=&#8221;.vc_custom_1521367027295{margin-top: 30px !important;}&#8221;][vc_column css=&#8221;.vc_custom_1521368147065{margin-top: -3.5em !important;}&#8221;][\/vc_column][\/vc_row][vc_row][vc_column][\/vc_column][\/vc_row][vc_row][vc_column width=&#8221;1\/2&#8243;][vc_single_image image=&#8221;2430&#8243; img_size=&#8221;full&#8221;][vc_column_text] La piscine est ouverte de 12:00 \u00e0 20:00 [\/vc_column_text][\/vc_column][vc_column width=&#8221;1\/2&#8243;][vc_single_image image=&#8221;2391&#8243; img_size=&#8221;full&#8221;][vc_column_text] Un lave-linge et un s\u00e8che-linge sont disponibles. Prix d&#8217;utilisation 3 \u20ac par lavage \/ s\u00e9chage [\/vc_column_text][\/vc_column][\/vc_row][vc_row][vc_column width=&#8221;1\/2&#8243;][vc_single_image image=&#8221;2390&#8243; img_size=&#8221;full&#8221;][vc_column_text] Dans le camping, il [&hellip;]<\/p>\n","protected":false},"author":1,"featured_media":0,"parent":0,"menu_order":0,"comment_status":"closed","ping_status":"closed","template":"","meta":{"_joinchat":[],"footnotes":""},"class_list":["post-2591","page","type-page","status-publish","hentry"],"yoast_head":"<!-- This site is optimized with the Yoast SEO plugin v27.5 - https:\/\/yoast.com\/product\/yoast-seo-wordpress\/ -->\n<title>Instalaciones - Camping Sierra Cazorla - Puente de las Herrer\u00edas<\/title>\n<meta name=\"description\" content=\"Restaurant, toilettes et parc aventure parmi d&#039;autres magnifiques installations pour profiter de la Sierra de Cazorla.\" \/>\n<meta name=\"robots\" content=\"index, follow, max-snippet:-1, max-image-preview:large, max-video-preview:-1\" \/>\n<link rel=\"canonical\" href=\"https:\/\/www.puentedelasherrerias.com\/fr\/installations\/\" \/>\n<meta property=\"og:locale\" content=\"fr_FR\" \/>\n<meta property=\"og:type\" content=\"article\" \/>\n<meta property=\"og:title\" content=\"Instalaciones - Camping Sierra Cazorla - Puente de las Herrer\u00edas\" \/>\n<meta property=\"og:description\" content=\"Restaurant, toilettes et parc aventure parmi d&#039;autres magnifiques installations pour profiter de la Sierra de Cazorla.\" \/>\n<meta property=\"og:url\" content=\"https:\/\/www.puentedelasherrerias.com\/fr\/installations\/\" \/>\n<meta property=\"og:site_name\" content=\"Camping Bungalows Hotel - Puente de las Herrerias - Cazorla\" \/>\n<meta property=\"article:publisher\" content=\"https:\/\/www.facebook.com\/puentedelasherrerias\/\" \/>\n<meta property=\"article:modified_time\" content=\"2021-09-09T07:03:35+00:00\" \/>\n<meta name=\"twitter:card\" content=\"summary_large_image\" \/>\n<meta name=\"twitter:site\" content=\"@puenteherrerias\" \/>\n<meta name=\"twitter:label1\" content=\"Dur\u00e9e de lecture estim\u00e9e\" \/>\n\t<meta name=\"twitter:data1\" content=\"2 minutes\" \/>\n<script type=\"application\/ld+json\" class=\"yoast-schema-graph\">{\"@context\":\"https:\\\/\\\/schema.org\",\"@graph\":[{\"@type\":\"WebPage\",\"@id\":\"https:\\\/\\\/www.puentedelasherrerias.com\\\/fr\\\/installations\\\/\",\"url\":\"https:\\\/\\\/www.puentedelasherrerias.com\\\/fr\\\/installations\\\/\",\"name\":\"Instalaciones - Camping Sierra Cazorla - Puente de las Herrer\u00edas\",\"isPartOf\":{\"@id\":\"https:\\\/\\\/www.puentedelasherrerias.com\\\/fr\\\/#website\"},\"datePublished\":\"2018-04-29T10:55:15+00:00\",\"dateModified\":\"2021-09-09T07:03:35+00:00\",\"description\":\"Restaurant, toilettes et parc aventure parmi d'autres magnifiques installations pour profiter de la Sierra de Cazorla.\",\"breadcrumb\":{\"@id\":\"https:\\\/\\\/www.puentedelasherrerias.com\\\/fr\\\/installations\\\/#breadcrumb\"},\"inLanguage\":\"fr-FR\",\"potentialAction\":[{\"@type\":\"ReadAction\",\"target\":[\"https:\\\/\\\/www.puentedelasherrerias.com\\\/fr\\\/installations\\\/\"]}]},{\"@type\":\"BreadcrumbList\",\"@id\":\"https:\\\/\\\/www.puentedelasherrerias.com\\\/fr\\\/installations\\\/#breadcrumb\",\"itemListElement\":[{\"@type\":\"ListItem\",\"position\":1,\"name\":\"Portada\",\"item\":\"https:\\\/\\\/www.puentedelasherrerias.com\\\/fr\\\/\"},{\"@type\":\"ListItem\",\"position\":2,\"name\":\"INSTALLATIONS\"}]},{\"@type\":\"WebSite\",\"@id\":\"https:\\\/\\\/www.puentedelasherrerias.com\\\/fr\\\/#website\",\"url\":\"https:\\\/\\\/www.puentedelasherrerias.com\\\/fr\\\/\",\"name\":\"Camping Bungalows Hotel - Puente de las Herrerias - Cazorla\",\"description\":\"Situado en pleno coraz\u00f3n del parque natural de Cazorla y Segura y las Villas, Puente de las Herrer\u00edas ofrece una amplia oferta de turismo y ocio: camping, caba\u00f1as de madera, hotel, actividades en la naturaleza...\",\"potentialAction\":[{\"@type\":\"SearchAction\",\"target\":{\"@type\":\"EntryPoint\",\"urlTemplate\":\"https:\\\/\\\/www.puentedelasherrerias.com\\\/fr\\\/?s={search_term_string}\"},\"query-input\":{\"@type\":\"PropertyValueSpecification\",\"valueRequired\":true,\"valueName\":\"search_term_string\"}}],\"inLanguage\":\"fr-FR\"}]}<\/script>\n<!-- \/ Yoast SEO plugin. -->","yoast_head_json":{"title":"Instalaciones - Camping Sierra Cazorla - Puente de las Herrer\u00edas","description":"Restaurant, toilettes et parc aventure parmi d'autres magnifiques installations pour profiter de la Sierra de Cazorla.","robots":{"index":"index","follow":"follow","max-snippet":"max-snippet:-1","max-image-preview":"max-image-preview:large","max-video-preview":"max-video-preview:-1"},"canonical":"https:\/\/www.puentedelasherrerias.com\/fr\/installations\/","og_locale":"fr_FR","og_type":"article","og_title":"Instalaciones - Camping Sierra Cazorla - Puente de las Herrer\u00edas","og_description":"Restaurant, toilettes et parc aventure parmi d'autres magnifiques installations pour profiter de la Sierra de Cazorla.","og_url":"https:\/\/www.puentedelasherrerias.com\/fr\/installations\/","og_site_name":"Camping Bungalows Hotel - Puente de las Herrerias - Cazorla","article_publisher":"https:\/\/www.facebook.com\/puentedelasherrerias\/","article_modified_time":"2021-09-09T07:03:35+00:00","twitter_card":"summary_large_image","twitter_site":"@puenteherrerias","twitter_misc":{"Dur\u00e9e de lecture estim\u00e9e":"2 minutes"},"schema":{"@context":"https:\/\/schema.org","@graph":[{"@type":"WebPage","@id":"https:\/\/www.puentedelasherrerias.com\/fr\/installations\/","url":"https:\/\/www.puentedelasherrerias.com\/fr\/installations\/","name":"Instalaciones - Camping Sierra Cazorla - Puente de las Herrer\u00edas","isPartOf":{"@id":"https:\/\/www.puentedelasherrerias.com\/fr\/#website"},"datePublished":"2018-04-29T10:55:15+00:00","dateModified":"2021-09-09T07:03:35+00:00","description":"Restaurant, toilettes et parc aventure parmi d'autres magnifiques installations pour profiter de la Sierra de Cazorla.","breadcrumb":{"@id":"https:\/\/www.puentedelasherrerias.com\/fr\/installations\/#breadcrumb"},"inLanguage":"fr-FR","potentialAction":[{"@type":"ReadAction","target":["https:\/\/www.puentedelasherrerias.com\/fr\/installations\/"]}]},{"@type":"BreadcrumbList","@id":"https:\/\/www.puentedelasherrerias.com\/fr\/installations\/#breadcrumb","itemListElement":[{"@type":"ListItem","position":1,"name":"Portada","item":"https:\/\/www.puentedelasherrerias.com\/fr\/"},{"@type":"ListItem","position":2,"name":"INSTALLATIONS"}]},{"@type":"WebSite","@id":"https:\/\/www.puentedelasherrerias.com\/fr\/#website","url":"https:\/\/www.puentedelasherrerias.com\/fr\/","name":"Camping Bungalows Hotel - Puente de las Herrerias - Cazorla","description":"Situado en pleno coraz\u00f3n del parque natural de Cazorla y Segura y las Villas, Puente de las Herrer\u00edas ofrece una amplia oferta de turismo y ocio: camping, caba\u00f1as de madera, hotel, actividades en la naturaleza...","potentialAction":[{"@type":"SearchAction","target":{"@type":"EntryPoint","urlTemplate":"https:\/\/www.puentedelasherrerias.com\/fr\/?s={search_term_string}"},"query-input":{"@type":"PropertyValueSpecification","valueRequired":true,"valueName":"search_term_string"}}],"inLanguage":"fr-FR"}]}},"_links":{"self":[{"href":"https:\/\/www.puentedelasherrerias.com\/fr\/wp-json\/wp\/v2\/pages\/2591","targetHints":{"allow":["GET"]}}],"collection":[{"href":"https:\/\/www.puentedelasherrerias.com\/fr\/wp-json\/wp\/v2\/pages"}],"about":[{"href":"https:\/\/www.puentedelasherrerias.com\/fr\/wp-json\/wp\/v2\/types\/page"}],"author":[{"embeddable":true,"href":"https:\/\/www.puentedelasherrerias.com\/fr\/wp-json\/wp\/v2\/users\/1"}],"replies":[{"embeddable":true,"href":"https:\/\/www.puentedelasherrerias.com\/fr\/wp-json\/wp\/v2\/comments?post=2591"}],"version-history":[{"count":0,"href":"https:\/\/www.puentedelasherrerias.com\/fr\/wp-json\/wp\/v2\/pages\/2591\/revisions"}],"wp:attachment":[{"href":"https:\/\/www.puentedelasherrerias.com\/fr\/wp-json\/wp\/v2\/media?parent=2591"}],"curies":[{"name":"wp","href":"https:\/\/api.w.org\/{rel}","templated":true}]}}