{"id":2596,"date":"2018-04-08T18:59:03","date_gmt":"2018-04-08T18:59:03","guid":{"rendered":"http:\/\/www.puentedelasherrerias.com\/camping-cazorla-mobilehome-confort\/"},"modified":"2023-10-13T13:27:45","modified_gmt":"2023-10-13T11:27:45","slug":"camping-cazorla-mobilehome-confort","status":"publish","type":"page","link":"https:\/\/www.puentedelasherrerias.com\/fr\/camping-cazorla-mobilehome-confort\/","title":{"rendered":"Mobilehome Confort"},"content":{"rendered":"<div class=\"wpb-content-wrapper\"><p>[vc_row full_width=&#8221;stretch_row_content_no_spaces&#8221; content_placement=&#8221;middle&#8221;][vc_column css=&#8221;.vc_custom_1526838872429{padding-top: 20px !important;padding-bottom: 35px !important;background-color: #71b42e !important;}&#8221;] <h1 style=\"color:#ffffff;padding:px;text-align:center;font-size:24px;line-height:50px;letter-spacing: px;font-weight:\" class=\"    \">Tu alojamiento en pleno coraz\u00f3n de Sierra Cazorla<\/h1> [\/vc_column][\/vc_row][vc_row content_placement=&#8221;middle&#8221; css=&#8221;.vc_custom_1521367027295{margin-top: 30px !important;}&#8221;][vc_column css=&#8221;.vc_custom_1521368147065{margin-top: -3.5em !important;}&#8221;]\n\t<div class=\"nd_options_section nd_options_text_align_center\">\n\t<a style=\"border: 2px solid #fd8200;border-radius:1pxpx;letter-spacing:2px;line-height:11px;font-size:11px;background-color:#ffffff;padding:15px 35px;margin:;color:#71b42e\" rel=\"\" href=\"\/reservas\/\" class=\"nicdark_display_inline_block  nd_options_font_weight_bold nd_options_second_font  \">RESERVAR<\/a>\n\t<\/div>\n[\/vc_column][\/vc_row][vc_row equal_height=&#8221;yes&#8221; content_placement=&#8221;top&#8221; css=&#8221;.vc_custom_1521278812845{padding-top: 45px !important;padding-bottom: 45px !important;}&#8221;][vc_column width=&#8221;1\/2&#8243; css=&#8221;.vc_custom_1521278923032{padding-right: 50px !important;padding-left: 50px !important;}&#8221;][vc_column_text]<\/p>\n<p style=\"text-align: justify;\">Si quieres asegurarte disfrutar de la naturaleza a la par que un alojamiento confortable, este modelo es perfecto para esos d\u00edas de relax y diversi\u00f3n. Tenemos dos tipos con capacidad para 6 y 8 personas:<\/p>\n<p>&nbsp;<\/p>\n<p style=\"text-align: justify;\"><strong>Confort 6 plazas<\/strong>: disponen de sal\u00f3n-concina con sof\u00e1-cama para 2 personas, ba\u00f1o, 1 habitaci\u00f3n con cama de matrimonio y 1 habitaci\u00f3n 2 con 2 camas individuales.<\/p>\n<p>&nbsp;<\/p>\n<p><strong>Confort 8 plazas<\/strong>: <span style=\"font-weight: 400;\">2 dormitorios, en uno hay 2 camas de 90, en otro 4 camas ( 2 literas),2 camas en el sal\u00f3n ( 1 litera que se recoge), ba\u00f1o y cocina.<\/span><\/p>\n<p>&nbsp;<\/p>\n<p style=\"text-align: justify;\">Todas nuestros bungalows disponen de ba\u00f1o, ropa de cama, televisi\u00f3n y cocina con menaje b\u00e1sico, nevera, microondas y aire acondicionado. Terraza con mesa y sillas y parking junto al alojamiento. No disponen de toallas.<\/p>\n<p>&nbsp;<\/p>\n<p><strong>Cancelaci\u00f3n gratuita (consulta condiciones).<\/strong>[\/vc_column_text][vc_row_inner][vc_column_inner width=&#8221;1\/2&#8243;]<div style=\"background-color:;height: 10px\" class=\"nicdark_section  \"><\/div>[\/vc_column_inner][vc_column_inner width=&#8221;1\/2&#8243;]<div style=\"background-color:;height: 10px\" class=\"nicdark_section  \"><\/div>[\/vc_column_inner][\/vc_row_inner]<div style=\"background-color:;height: 10px\" class=\"nicdark_section  \"><\/div>[\/vc_column][vc_column width=&#8221;1\/2&#8243;][vc_row_inner content_placement=&#8221;middle&#8221;][vc_column_inner][vc_gallery type=&#8221;flexslider_slide&#8221; interval=&#8221;3&#8243; images=&#8221;10116,10110,10107,10125,10122,10119,10113&#8243; img_size=&#8221;full&#8221;][vc_media_grid gap=&#8221;1&#8243; initial_loading_animation=&#8221;none&#8221; grid_id=&#8221;vc_gid:1697195367088-d6afa9aa-1739-8&#8243; include=&#8221;2161,2160,2159&#8243; css=&#8221;.vc_custom_1526839041056{margin-top: -30px !important;}&#8221;][\/vc_column_inner][\/vc_row_inner][\/vc_column][\/vc_row][vc_row full_width=&#8221;stretch_row&#8221; css=&#8221;.vc_custom_1523185054906{background-color: #f9f9f9 !important;}&#8221;][vc_column el_id=&#8221;section_slides&#8221;][vc_separator color=&#8221;custom&#8221; accent_color=&#8221;#fd8200&#8243; css=&#8221;.vc_custom_1523185040733{margin-top: 10px !important;}&#8221;][vc_raw_html]JTNDdGhyLXNpbXBsZWJsb2NrJTIwY2F0ZWdvcmllcyUzRCUyMiU1QjglMkM5JTVEJTIyJTNFJTNDJTJGdGhyLXNpbXBsZWJsb2NrJTNFJTBBJTIwJTNDc2NyaXB0JTNFJTBBJTIwJTIwJTI4ZnVuY3Rpb24lMjh0JTJDaCUyQ2UlMkNsJTJDaSUyQ3MlMkNSJTJDRSUyQ1MlMkNBJTI5JTdCJTBBJTIwJTIwJTIwJTIwJTIwJTIwdCU1QmklNUQlM0QlN0IlN0QlMkN0JTVCaSU1RCU1QnMlNUQlM0R0JTVCaSU1RCU1QnMlNUQlN0MlN0NmdW5jdGlvbiUyOCUyOSU3QiUwQSUyMCUyMCUyMCUyMCUyMCUyMCUyMCUyMCUyMCUyMGlmJTI4MSUzRCUzRCUzRGFyZ3VtZW50cy5sZW5ndGglMjklN0JyZXR1cm4lMjB0JTVCaSU1RC5hJTVCYXJndW1lbnRzJTVCMCU1RCU1RCU3QyU3Q251bGwlN0QlMEElMjAlMjAlMjAlMjAlMjAlMjAlMjAlMjAlMjAlMjBlbHNlJTdCdCU1QmklNUQuYSUzRHQlNUJpJTVELmElN0MlN0MlNUIlNUQlM0IlMjB0JTVCaSU1RC5hJTVCYXJndW1lbnRzJTVCMCU1RCU1RCUyMCUzRCUyMGFyZ3VtZW50cyU1QjElNUQlM0IlN0QlMEElMjAlMjAlMjAlMjAlMjAlMjAlN0QlMkMlMEElMjAlMjAlMjAlMjAlMjAlMjAlMjAlMjAlMjAlMjBSJTNEaC5jcmVhdGVFbGVtZW50JTI4ZSUyOSUyQ0UlM0RoLmdldEVsZW1lbnRzQnlUYWdOYW1lJTI4ZSUyOSU1QjAlNUQlM0IlMEElMjAlMjAlMjAlMjAlMjAlMjBSLmFzeW5jJTNEMSUzQlIuc3JjJTNEbCUzQkUucGFyZW50Tm9kZS5pbnNlcnRCZWZvcmUlMjhSJTJDRSUyOSUwQSUyMCUyMCU3RCUyOSUyOHdpbmRvdyUyQ2RvY3VtZW50JTJDJTIyc2NyaXB0JTIyJTJDJTIyJTJGJTJGdGhlbGlzcmVzYS53ZWJjYW1wLmZyJTJGaWxpYiUyRnY0JTJGJTNGY2F0ZWdvcmllcyUyNmZhdm9yaXRlcyUyNnNlYXJjaGVuZ2luZSUyNnNpbXBsZWJsb2NrJTIyJTJDJTIydGhlbGlzcmVzYSUyMiUyQyUyMmlsaWIlMjIlMjklM0IlMEElMjAlMjB0aGVsaXNyZXNhLmlsaWIlMjglMjdjYW1waW5nJTI3JTJDJTIwJTI3aGVycmVyaWFzNDclMjclMjklM0IlMEElMjAlMjB0aGVsaXNyZXNhLmlsaWIlMjglMjdsYW5ndWFnZSUyNyUyQyUyMCUyN2VzJTI3JTI5JTNCJTBBJTNDJTJGc2NyaXB0JTNF[\/vc_raw_html][vc_separator color=&#8221;custom&#8221; accent_color=&#8221;#fd8200&#8243; css=&#8221;.vc_custom_1523185040733{margin-top: 10px !important;}&#8221;][\/vc_column][\/vc_row][vc_row full_width=&#8221;stretch_row&#8221; css=&#8221;.vc_custom_1523185054906{background-color: #f9f9f9 !important;}&#8221;][vc_column width=&#8221;1\/3&#8243;][vc_separator color=&#8221;custom&#8221; accent_color=&#8221;#fd8200&#8243; css=&#8221;.vc_custom_1523185040733{margin-top: 10px !important;}&#8221;][\/vc_column][vc_column width=&#8221;1\/3&#8243;] <h3 style=\"color:#71b42e;padding:px;text-align:center;font-size:22px;line-height:22px;letter-spacing: px;font-weight:\" class=\"  titulo  \">OTROS ALOJAMIENTOS<\/h3> [\/vc_column][vc_column width=&#8221;1\/3&#8243;][vc_separator color=&#8221;custom&#8221; accent_color=&#8221;#fd8200&#8243; css=&#8221;.vc_custom_1523185040733{margin-top: 10px !important;}&#8221;][\/vc_column][\/vc_row][vc_row full_width=&#8221;stretch_row&#8221; css=&#8221;.vc_custom_1523212580785{padding-top: 10px !important;padding-bottom: 20px !important;background-color: #f9f9f9 !important;}&#8221;][vc_column width=&#8221;1\/3&#8243;][vc_single_image image=&#8221;1965&#8243; img_size=&#8221;large&#8221; alignment=&#8221;center&#8221;][vc_btn title=&#8221;BUNGALOW NATURA&#8221; style=&#8221;custom&#8221; custom_background=&#8221;#71b42e&#8221; custom_text=&#8221;#ffffff&#8221; shape=&#8221;square&#8221; size=&#8221;lg&#8221; align=&#8221;center&#8221; i_icon_fontawesome=&#8221;fa fa-home&#8221; button_block=&#8221;true&#8221; add_icon=&#8221;true&#8221; css=&#8221;.vc_custom_1645134411523{margin-top: -30px !important;}&#8221; link=&#8221;url:https%3A%2F%2Fwww.puentedelasherrerias.com%2Ffr%2Fcamping-cazorla-gitotel%2F|&#8221;][\/vc_column][vc_column width=&#8221;1\/3&#8243;][vc_single_image image=&#8221;1964&#8243; img_size=&#8221;large&#8221; alignment=&#8221;center&#8221;][vc_btn title=&#8221;CABA\u00d1AS DE MADERA&#8221; style=&#8221;custom&#8221; custom_background=&#8221;#71b42e&#8221; custom_text=&#8221;#ffffff&#8221; shape=&#8221;square&#8221; size=&#8221;lg&#8221; align=&#8221;center&#8221; i_icon_fontawesome=&#8221;fa fa-home&#8221; button_block=&#8221;true&#8221; add_icon=&#8221;true&#8221; css=&#8221;.vc_custom_1645134418950{margin-top: -30px !important;}&#8221; link=&#8221;url:https%3A%2F%2Fwww.puentedelasherrerias.com%2Ffr%2Fcamping-cazorla-cabanas%2F|&#8221;][\/vc_column][vc_column width=&#8221;1\/3&#8243;][vc_single_image image=&#8221;9026&#8243; img_size=&#8221;large&#8221; alignment=&#8221;center&#8221;][vc_btn title=&#8221;HOTEL REFUGIO&#8221; style=&#8221;custom&#8221; custom_background=&#8221;#71b42e&#8221; custom_text=&#8221;#ffffff&#8221; shape=&#8221;square&#8221; size=&#8221;lg&#8221; align=&#8221;center&#8221; i_icon_fontawesome=&#8221;fa fa-home&#8221; button_block=&#8221;true&#8221; add_icon=&#8221;true&#8221; css=&#8221;.vc_custom_1526838914480{margin-top: -30px !important;}&#8221; link=&#8221;url:https%3A%2F%2Fwww.puentedelasherrerias.com%2Ffr%2Fcamping-cazorla-hotel-refugio%2F|&#8221;][\/vc_column][\/vc_row][vc_row full_width=&#8221;stretch_row&#8221; css=&#8221;.vc_custom_1523211993467{background-color: #ffffff !important;}&#8221;][vc_column width=&#8221;1\/3&#8243;][vc_separator color=&#8221;custom&#8221; accent_color=&#8221;#fd8200&#8243; css=&#8221;.vc_custom_1523185040733{margin-top: 10px !important;}&#8221;][\/vc_column][vc_column width=&#8221;1\/3&#8243;] <h3 style=\"color:#71b42e;padding:px;text-align:center;font-size:22px;line-height:22px;letter-spacing: px;font-weight:\" class=\"  titulo  \">CONTACTA CON NOSOTROS<\/h3> [\/vc_column][vc_column width=&#8221;1\/3&#8243;][vc_separator color=&#8221;custom&#8221; accent_color=&#8221;#fd8200&#8243; css=&#8221;.vc_custom_1523185040733{margin-top: 10px !important;}&#8221;][\/vc_column][\/vc_row][vc_row css=&#8221;.vc_custom_1523184184857{margin-top: 60px !important;background-image: url(http:\/\/www.puentedelasherrerias.com\/wp-content\/uploads\/2018\/04\/contacto-camping-cazrola.jpg?id=1958) !important;background-position: 0 0 !important;background-repeat: no-repeat !important;}&#8221; el_id=&#8221;nd_options_section_contact&#8221;][vc_column width=&#8221;1\/2&#8243;][\/vc_column][vc_column width=&#8221;1\/2&#8243; css=&#8221;.vc_custom_1526838965283{margin-top: 100px !important;padding-top: 30px !important;padding-right: 30px !important;padding-bottom: 15px !important;padding-left: 30px !important;background-color: #71b42e !important;}&#8221; el_class=&#8221;nd_options_margin_top_0_first_div_important_responsive&#8221;] <h5 style=\"color:#ffffff;padding:px;text-align:center;font-size:px;line-height:px;letter-spacing: 2px;font-weight:lighter\" class=\"   nd_options_second_font \">CONTACTO<\/h5> <div style=\"background-color:;height: 10px\" class=\"nicdark_section  \"><\/div> <h2 style=\"color:#ffffff;padding:px;text-align:center;font-size:25px;line-height:25px;letter-spacing: px;font-weight:normal\" class=\"   nd_options_first_font \">Rellene el formulario<\/h2> <div style=\"background-color:;height: 20px\" class=\"nicdark_section  \"><\/div>\n\n    <!--start form-->\n    <div id=\"nd_options_shortcode_cf7_1064\" class=\"nd_options_section \">\n      \n      <div class=\"nd_options_section nd_options_box_sizing_border_box\">\n        \n<div class=\"wpcf7 no-js\" id=\"wpcf7-f1064-o1\" lang=\"en-US\" dir=\"ltr\">\n<div class=\"screen-reader-response\"><p role=\"status\" aria-live=\"polite\" aria-atomic=\"true\"><\/p> <ul><\/ul><\/div>\n<form action=\"\/fr\/wp-json\/wp\/v2\/pages\/2596#wpcf7-f1064-o1\" method=\"post\" class=\"wpcf7-form init\" aria-label=\"Contact form\" novalidate=\"novalidate\" data-status=\"init\">\n<input type=\"hidden\" name=\"_wpcf7\" value=\"1064\" \/><input type=\"hidden\" name=\"_wpcf7_version\" value=\"6.1.5\" \/><input type=\"hidden\" name=\"_wpcf7_locale\" value=\"en_US\" \/><input type=\"hidden\" name=\"_wpcf7_unit_tag\" value=\"wpcf7-f1064-o1\" \/><input type=\"hidden\" name=\"_wpcf7_container_post\" value=\"0\" \/><input type=\"hidden\" name=\"_wpcf7_posted_data_hash\" value=\"\" \/><input type=\"hidden\" name=\"_wpcf7_recaptcha_response\" value=\"\" \/>\n\n<div class=\"nd_options_float_left nd_options_box_sizing_border_box nd_options_width_100_percentage_all_iphone_important nd_options_padding_0_right_important_all_iphone nd_options_padding_0_left_important_all_iphone \" style=\"padding: 0px 10px 15px 0px;width:100%\"><span class=\"wpcf7-form-control-wrap\" data-name=\"name-form\"><\/span><\/div><div class=\"nd_options_float_left nd_options_box_sizing_border_box nd_options_width_100_percentage_all_iphone_important nd_options_padding_0_right_important_all_iphone nd_options_padding_0_left_important_all_iphone \" style=\"padding: 0px 10px 15px 0px;width:100%\"><span class=\"wpcf7-form-control-wrap\" data-name=\"email\"><\/span><\/div><div class=\"nd_options_float_left nd_options_box_sizing_border_box nd_options_width_100_percentage_all_iphone_important nd_options_padding_0_right_important_all_iphone nd_options_padding_0_left_important_all_iphone \" style=\"padding: 0px 10px 15px 0px;width:100%\"><span class=\"wpcf7-form-control-wrap\" data-name=\"message\"><textarea cols=\"40\" rows=\"5\" class=\"wpcf7-form-control wpcf7-textarea nd_booking_bg_greywhite_2_important nd_booking_border_width_0_important nd_options_padding_10_20_important nd_options_margin_top_10 nd_options_font_weight_lighter\" name=\"message\"><\/textarea><\/span><\/div><br \/>\n<span class=\"wpcf7-form-control-wrap wpgdprc\"><span class=\"wpcf7-form-control wpcf7-wpgdprc wpcf7-validates-as-required\"><span class=\"wpcf7-list-item\"><input type=\"checkbox\" name=\"wpgdprc\" value=\"1\" aria-required=\"true\" aria-invalid=\"false\" \/><span class=\"wpcf7-list-item-label\">Al usar este formulario accedes al almacenamiento y gesti\u00f3n de tus datos por parte de esta web.<\/span><\/span><\/span>    <\/span>\n<\/p>\n<p><input class=\"wpcf7-form-control wpcf7-submit has-spinner nd_booking_padding_15_30_important nd_options_second_font_important nd_options_color_white nd_options_display_inline_block nd_options_font_size_11 nd_options_font_weight_bold nd_options_letter_spacing_2 nd_options_section\" type=\"submit\" value=\"ENVIAR MENSAJE\" \/>\n<\/p><div class=\"wpcf7-response-output\" aria-hidden=\"true\"><\/div>\n<\/form>\n<\/div>\n \n      <\/div>  \n\n    <\/div>\n    <!--end form-->\n\n   [\/vc_column][\/vc_row][vc_row][vc_column]<div style=\"background-color:;height: 30px\" class=\"nicdark_section  \"><\/div>[\/vc_column][\/vc_row]<\/p>\n<\/div>","protected":false},"excerpt":{"rendered":"<p>[vc_row full_width=&#8221;stretch_row_content_no_spaces&#8221; content_placement=&#8221;middle&#8221;][vc_column css=&#8221;.vc_custom_1526838872429{padding-top: 20px !important;padding-bottom: 35px !important;background-color: #71b42e !important;}&#8221;][\/vc_column][\/vc_row][vc_row content_placement=&#8221;middle&#8221; css=&#8221;.vc_custom_1521367027295{margin-top: 30px !important;}&#8221;][vc_column css=&#8221;.vc_custom_1521368147065{margin-top: -3.5em !important;}&#8221;][\/vc_column][\/vc_row][vc_row equal_height=&#8221;yes&#8221; content_placement=&#8221;top&#8221; css=&#8221;.vc_custom_1521278812845{padding-top: 45px !important;padding-bottom: 45px !important;}&#8221;][vc_column width=&#8221;1\/2&#8243; css=&#8221;.vc_custom_1521278923032{padding-right: 50px !important;padding-left: 50px !important;}&#8221;][vc_column_text] Si quieres asegurarte disfrutar de la naturaleza a la par que un alojamiento confortable, este modelo es perfecto para esos d\u00edas de relax y diversi\u00f3n. [&hellip;]<\/p>\n","protected":false},"author":1,"featured_media":0,"parent":0,"menu_order":0,"comment_status":"closed","ping_status":"closed","template":"","meta":{"footnotes":""},"class_list":["post-2596","page","type-page","status-publish","hentry"],"yoast_head":"<!-- This site is optimized with the Yoast SEO plugin v27.4 - https:\/\/yoast.com\/product\/yoast-seo-wordpress\/ -->\n<title>Mobile Home Confort - Camping Sierra Cazorla - Puente de las Herrer\u00edas<\/title>\n<meta name=\"description\" content=\"Nuestro alojamiento Gitotel dispone ropa de cama, ba\u00f1o, televisi\u00f3n y cocina con menaje b\u00e1sico, nevera y microondas. Terraza con mesa y sillas y parking junto al alojamiento. Si busca alojamiento en la Sierra de Cazorla, le asesoraremos para elegir el que mejor se adapte a sus necesidades.\" \/>\n<meta name=\"robots\" content=\"index, follow, max-snippet:-1, max-image-preview:large, max-video-preview:-1\" \/>\n<link rel=\"canonical\" href=\"https:\/\/www.puentedelasherrerias.com\/fr\/camping-cazorla-mobilehome-confort\/\" \/>\n<meta property=\"og:locale\" content=\"fr_FR\" \/>\n<meta property=\"og:type\" content=\"article\" \/>\n<meta property=\"og:title\" content=\"Mobile Home Confort - Camping Sierra Cazorla - Puente de las Herrer\u00edas\" \/>\n<meta property=\"og:description\" content=\"Nuestro alojamiento Gitotel dispone ropa de cama, ba\u00f1o, televisi\u00f3n y cocina con menaje b\u00e1sico, nevera y microondas. Terraza con mesa y sillas y parking junto al alojamiento. Si busca alojamiento en la Sierra de Cazorla, le asesoraremos para elegir el que mejor se adapte a sus necesidades.\" \/>\n<meta property=\"og:url\" content=\"https:\/\/www.puentedelasherrerias.com\/fr\/camping-cazorla-mobilehome-confort\/\" \/>\n<meta property=\"og:site_name\" content=\"Camping Bungalows Hotel - Puente de las Herrerias - Cazorla\" \/>\n<meta property=\"article:publisher\" content=\"https:\/\/www.facebook.com\/puentedelasherrerias\/\" \/>\n<meta property=\"article:modified_time\" content=\"2023-10-13T11:27:45+00:00\" \/>\n<meta name=\"twitter:card\" content=\"summary_large_image\" \/>\n<meta name=\"twitter:site\" content=\"@puenteherrerias\" \/>\n<meta name=\"twitter:label1\" content=\"Dur\u00e9e de lecture estim\u00e9e\" \/>\n\t<meta name=\"twitter:data1\" content=\"2 minutes\" \/>\n<script type=\"application\/ld+json\" class=\"yoast-schema-graph\">{\"@context\":\"https:\\\/\\\/schema.org\",\"@graph\":[{\"@type\":\"WebPage\",\"@id\":\"https:\\\/\\\/www.puentedelasherrerias.com\\\/fr\\\/camping-cazorla-mobilehome-confort\\\/\",\"url\":\"https:\\\/\\\/www.puentedelasherrerias.com\\\/fr\\\/camping-cazorla-mobilehome-confort\\\/\",\"name\":\"Mobile Home Confort - Camping Sierra Cazorla - Puente de las Herrer\u00edas\",\"isPartOf\":{\"@id\":\"https:\\\/\\\/www.puentedelasherrerias.com\\\/fr\\\/#website\"},\"datePublished\":\"2018-04-08T18:59:03+00:00\",\"dateModified\":\"2023-10-13T11:27:45+00:00\",\"description\":\"Nuestro alojamiento Gitotel dispone ropa de cama, ba\u00f1o, televisi\u00f3n y cocina con menaje b\u00e1sico, nevera y microondas. Terraza con mesa y sillas y parking junto al alojamiento. Si busca alojamiento en la Sierra de Cazorla, le asesoraremos para elegir el que mejor se adapte a sus necesidades.\",\"breadcrumb\":{\"@id\":\"https:\\\/\\\/www.puentedelasherrerias.com\\\/fr\\\/camping-cazorla-mobilehome-confort\\\/#breadcrumb\"},\"inLanguage\":\"fr-FR\",\"potentialAction\":[{\"@type\":\"ReadAction\",\"target\":[\"https:\\\/\\\/www.puentedelasherrerias.com\\\/fr\\\/camping-cazorla-mobilehome-confort\\\/\"]}]},{\"@type\":\"BreadcrumbList\",\"@id\":\"https:\\\/\\\/www.puentedelasherrerias.com\\\/fr\\\/camping-cazorla-mobilehome-confort\\\/#breadcrumb\",\"itemListElement\":[{\"@type\":\"ListItem\",\"position\":1,\"name\":\"Portada\",\"item\":\"https:\\\/\\\/www.puentedelasherrerias.com\\\/fr\\\/\"},{\"@type\":\"ListItem\",\"position\":2,\"name\":\"Mobilehome Confort\"}]},{\"@type\":\"WebSite\",\"@id\":\"https:\\\/\\\/www.puentedelasherrerias.com\\\/fr\\\/#website\",\"url\":\"https:\\\/\\\/www.puentedelasherrerias.com\\\/fr\\\/\",\"name\":\"Camping Bungalows Hotel - Puente de las Herrerias - Cazorla\",\"description\":\"Situado en pleno coraz\u00f3n del parque natural de Cazorla y Segura y las Villas, Puente de las Herrer\u00edas ofrece una amplia oferta de turismo y ocio: camping, caba\u00f1as de madera, hotel, actividades en la naturaleza...\",\"potentialAction\":[{\"@type\":\"SearchAction\",\"target\":{\"@type\":\"EntryPoint\",\"urlTemplate\":\"https:\\\/\\\/www.puentedelasherrerias.com\\\/fr\\\/?s={search_term_string}\"},\"query-input\":{\"@type\":\"PropertyValueSpecification\",\"valueRequired\":true,\"valueName\":\"search_term_string\"}}],\"inLanguage\":\"fr-FR\"}]}<\/script>\n<!-- \/ Yoast SEO plugin. -->","yoast_head_json":{"title":"Mobile Home Confort - Camping Sierra Cazorla - Puente de las Herrer\u00edas","description":"Nuestro alojamiento Gitotel dispone ropa de cama, ba\u00f1o, televisi\u00f3n y cocina con menaje b\u00e1sico, nevera y microondas. Terraza con mesa y sillas y parking junto al alojamiento. Si busca alojamiento en la Sierra de Cazorla, le asesoraremos para elegir el que mejor se adapte a sus necesidades.","robots":{"index":"index","follow":"follow","max-snippet":"max-snippet:-1","max-image-preview":"max-image-preview:large","max-video-preview":"max-video-preview:-1"},"canonical":"https:\/\/www.puentedelasherrerias.com\/fr\/camping-cazorla-mobilehome-confort\/","og_locale":"fr_FR","og_type":"article","og_title":"Mobile Home Confort - Camping Sierra Cazorla - Puente de las Herrer\u00edas","og_description":"Nuestro alojamiento Gitotel dispone ropa de cama, ba\u00f1o, televisi\u00f3n y cocina con menaje b\u00e1sico, nevera y microondas. Terraza con mesa y sillas y parking junto al alojamiento. Si busca alojamiento en la Sierra de Cazorla, le asesoraremos para elegir el que mejor se adapte a sus necesidades.","og_url":"https:\/\/www.puentedelasherrerias.com\/fr\/camping-cazorla-mobilehome-confort\/","og_site_name":"Camping Bungalows Hotel - Puente de las Herrerias - Cazorla","article_publisher":"https:\/\/www.facebook.com\/puentedelasherrerias\/","article_modified_time":"2023-10-13T11:27:45+00:00","twitter_card":"summary_large_image","twitter_site":"@puenteherrerias","twitter_misc":{"Dur\u00e9e de lecture estim\u00e9e":"2 minutes"},"schema":{"@context":"https:\/\/schema.org","@graph":[{"@type":"WebPage","@id":"https:\/\/www.puentedelasherrerias.com\/fr\/camping-cazorla-mobilehome-confort\/","url":"https:\/\/www.puentedelasherrerias.com\/fr\/camping-cazorla-mobilehome-confort\/","name":"Mobile Home Confort - Camping Sierra Cazorla - Puente de las Herrer\u00edas","isPartOf":{"@id":"https:\/\/www.puentedelasherrerias.com\/fr\/#website"},"datePublished":"2018-04-08T18:59:03+00:00","dateModified":"2023-10-13T11:27:45+00:00","description":"Nuestro alojamiento Gitotel dispone ropa de cama, ba\u00f1o, televisi\u00f3n y cocina con menaje b\u00e1sico, nevera y microondas. Terraza con mesa y sillas y parking junto al alojamiento. Si busca alojamiento en la Sierra de Cazorla, le asesoraremos para elegir el que mejor se adapte a sus necesidades.","breadcrumb":{"@id":"https:\/\/www.puentedelasherrerias.com\/fr\/camping-cazorla-mobilehome-confort\/#breadcrumb"},"inLanguage":"fr-FR","potentialAction":[{"@type":"ReadAction","target":["https:\/\/www.puentedelasherrerias.com\/fr\/camping-cazorla-mobilehome-confort\/"]}]},{"@type":"BreadcrumbList","@id":"https:\/\/www.puentedelasherrerias.com\/fr\/camping-cazorla-mobilehome-confort\/#breadcrumb","itemListElement":[{"@type":"ListItem","position":1,"name":"Portada","item":"https:\/\/www.puentedelasherrerias.com\/fr\/"},{"@type":"ListItem","position":2,"name":"Mobilehome Confort"}]},{"@type":"WebSite","@id":"https:\/\/www.puentedelasherrerias.com\/fr\/#website","url":"https:\/\/www.puentedelasherrerias.com\/fr\/","name":"Camping Bungalows Hotel - Puente de las Herrerias - Cazorla","description":"Situado en pleno coraz\u00f3n del parque natural de Cazorla y Segura y las Villas, Puente de las Herrer\u00edas ofrece una amplia oferta de turismo y ocio: camping, caba\u00f1as de madera, hotel, actividades en la naturaleza...","potentialAction":[{"@type":"SearchAction","target":{"@type":"EntryPoint","urlTemplate":"https:\/\/www.puentedelasherrerias.com\/fr\/?s={search_term_string}"},"query-input":{"@type":"PropertyValueSpecification","valueRequired":true,"valueName":"search_term_string"}}],"inLanguage":"fr-FR"}]}},"_links":{"self":[{"href":"https:\/\/www.puentedelasherrerias.com\/fr\/wp-json\/wp\/v2\/pages\/2596","targetHints":{"allow":["GET"]}}],"collection":[{"href":"https:\/\/www.puentedelasherrerias.com\/fr\/wp-json\/wp\/v2\/pages"}],"about":[{"href":"https:\/\/www.puentedelasherrerias.com\/fr\/wp-json\/wp\/v2\/types\/page"}],"author":[{"embeddable":true,"href":"https:\/\/www.puentedelasherrerias.com\/fr\/wp-json\/wp\/v2\/users\/1"}],"replies":[{"embeddable":true,"href":"https:\/\/www.puentedelasherrerias.com\/fr\/wp-json\/wp\/v2\/comments?post=2596"}],"version-history":[{"count":8,"href":"https:\/\/www.puentedelasherrerias.com\/fr\/wp-json\/wp\/v2\/pages\/2596\/revisions"}],"predecessor-version":[{"id":13005,"href":"https:\/\/www.puentedelasherrerias.com\/fr\/wp-json\/wp\/v2\/pages\/2596\/revisions\/13005"}],"wp:attachment":[{"href":"https:\/\/www.puentedelasherrerias.com\/fr\/wp-json\/wp\/v2\/media?parent=2596"}],"curies":[{"name":"wp","href":"https:\/\/api.w.org\/{rel}","templated":true}]}}