{"id":2684,"date":"2017-06-30T09:54:09","date_gmt":"2017-06-30T09:54:09","guid":{"rendered":"http:\/\/www.puentedelasherrerias.com\/reservas\/"},"modified":"2021-01-25T09:11:07","modified_gmt":"2021-01-25T08:11:07","slug":"reservations","status":"publish","type":"page","link":"https:\/\/www.puentedelasherrerias.com\/fr\/reservations\/","title":{"rendered":"Reservations"},"content":{"rendered":"<div class=\"wpb-content-wrapper\"><p>[vc_row full_width=&#8221;stretch_row_content_no_spaces&#8221; content_placement=&#8221;middle&#8221;][vc_column css=&#8221;.vc_custom_1526839834952{padding-top: 20px !important;padding-bottom: 35px !important;background-color: #71b42e !important;}&#8221;] <h2 style=\"color:#ffffff;padding:px;text-align:center;font-size:24px;line-height:50px;letter-spacing: px;font-weight:\" class=\"    \">Camping - Campamentos - Viajes fin de curso en Cazorla<\/h2> [\/vc_column][\/vc_row][vc_row content_placement=&#8221;middle&#8221; css=&#8221;.vc_custom_1521367027295{margin-top: 30px !important;}&#8221;][vc_column css=&#8221;.vc_custom_1521368147065{margin-top: -3.5em !important;}&#8221;]\n\t<div class=\"nd_options_section nd_options_text_align_center\">\n\t<a style=\"border: 2px solid #fd8200;border-radius:1pxpx;letter-spacing:2px;line-height:11px;font-size:11px;background-color:#ffffff;padding:15px 35px;margin:;color:#71b42e\" rel=\"\" href=\"\/el-camping\/\" class=\"nicdark_display_inline_block  nd_options_font_weight_bold nd_options_second_font  \">EL CAMPING<\/a>\n\t<\/div>\n[\/vc_column][\/vc_row][vc_row css=&#8221;.vc_custom_1522605264515{margin-top: 45px !important;}&#8221;][vc_column css=&#8221;.vc_custom_1498828130195{padding-right: 0px !important;padding-left: 0px !important;}&#8221;][vc_column_text]R\u00e9servez votre escapade ou vos vacances avec nous au Camping Puente de las Herrerias. Nous avons diff\u00e9rentes options d&#8217;h\u00e9bergement pour tous vos besoins et tous les budgets.[\/vc_column_text][\/vc_column][\/vc_row][vc_row disable_element=&#8221;yes&#8221; css=&#8221;.vc_custom_1611562244808{margin-top: 25px !important;}&#8221;][vc_column css=&#8221;.vc_custom_1498828130195{padding-right: 0px !important;padding-left: 0px !important;}&#8221;][vc_column_text]<iframe loading=\"lazy\" id=\"campingsonline_iframe_container\" src=\"https:\/\/dispatcher.campingdata.com\/booking\/v7\/bookingiframe.asp?rqsCampingDataSesionTipo=&amp;rqiIdLengua=&amp;lng=es&amp;rqsCampingDataHostURL=http%3A%2F%2Fwww%2Epuentedelasherrerias%2Ecom&amp;rqsCampingDataHostLicense=campingdata_PuentedelasHerrerias&amp;rqsCampingDataPublicKeyCamping=67d238f0429dc3ab12d7d8135b15b20d&amp;rqiCampingDataStatus=&amp;rqiCampingDataIdReserva=&amp;rqsCampingDataSesion=&amp;rqiIdEmplazamiento=&amp;rqiInDay=&amp;rqiInMonth=&amp;rqiInYear=&amp;rqiNights=&amp;rqiAdults=&amp;rqiKids=&amp;rqbOcultarCheckBox=&amp;rqsPromoCode=&amp;rqiIdPromo=&amp;rqsFCNick=&amp;rqsFCCodTar=&amp;rqiTipoPromo=&amp;rqbMobile=&amp;rqiTab=&amp;rqbForceDate=&amp;rqsCSS=https%3A%2F%2Fdispatcher%2Ecampingdata%2Ecom%2Fbooking%2Finclude%2Fskin%2Fyelgra%2Fcss%2FCampingDatabooking%2Ecss&amp;rqsCSSPromo=&amp;utm_source=&amp;utm_medium=&amp;utm_campaign=&amp;rqiAgId=&amp;rqiAgUser=#origin=http%3A%2F%2Fwww.puentedelasherrerias.com%2Freservas.php%3Fidioma%3DES\" width=\"100%\" height=\"3000\" frameborder=\"0\" scrolling=\"no\"><\/iframe>[\/vc_column_text][\/vc_column][\/vc_row][vc_row css=&#8221;.vc_custom_1522605653436{margin-top: 25px !important;}&#8221;][vc_column css=&#8221;.vc_custom_1498828130195{padding-right: 0px !important;padding-left: 0px !important;}&#8221;][vc_column_text]<iframe loading=\"lazy\" src=\"http:\/\/thelisresa.webcamp.fr\/?camping=herrerias47&amp;lang=fr\" width=\"100%\" height=\"3000\" frameborder=\"0\" scrolling=\"no\"><\/iframe>[\/vc_column_text][\/vc_column][\/vc_row]<\/p>\n<\/div>","protected":false},"excerpt":{"rendered":"<p>[vc_row full_width=&#8221;stretch_row_content_no_spaces&#8221; content_placement=&#8221;middle&#8221;][vc_column css=&#8221;.vc_custom_1526839834952{padding-top: 20px !important;padding-bottom: 35px !important;background-color: #71b42e !important;}&#8221;][\/vc_column][\/vc_row][vc_row content_placement=&#8221;middle&#8221; css=&#8221;.vc_custom_1521367027295{margin-top: 30px !important;}&#8221;][vc_column css=&#8221;.vc_custom_1521368147065{margin-top: -3.5em !important;}&#8221;][\/vc_column][\/vc_row][vc_row css=&#8221;.vc_custom_1522605264515{margin-top: 45px !important;}&#8221;][vc_column css=&#8221;.vc_custom_1498828130195{padding-right: 0px !important;padding-left: 0px !important;}&#8221;][vc_column_text]R\u00e9servez votre escapade ou vos vacances avec nous au Camping Puente de las Herrerias. Nous avons diff\u00e9rentes options d&#8217;h\u00e9bergement pour tous vos besoins et tous les budgets.[\/vc_column_text][\/vc_column][\/vc_row][vc_row disable_element=&#8221;yes&#8221; css=&#8221;.vc_custom_1611562244808{margin-top: 25px !important;}&#8221;][vc_column [&hellip;]<\/p>\n","protected":false},"author":1,"featured_media":0,"parent":0,"menu_order":0,"comment_status":"closed","ping_status":"closed","template":"","meta":{"_joinchat":[],"footnotes":""},"class_list":["post-2684","page","type-page","status-publish","hentry"],"yoast_head":"<!-- This site is optimized with the Yoast SEO plugin v27.5 - https:\/\/yoast.com\/product\/yoast-seo-wordpress\/ -->\n<title>Reservas - Camping Bungalows Hotel - Puente de las Herrerias - Cazorla<\/title>\n<meta name=\"description\" content=\"El refugio-hotel dispone de un total de 10 confortables habitaciones abuhardilladas, con hermosas vistas, televisi\u00f3n, ba\u00f1o y calefacci\u00f3n. No se admiten animales. Habitaciones individuales, dobles y triples.\" \/>\n<meta name=\"robots\" content=\"index, follow, max-snippet:-1, max-image-preview:large, max-video-preview:-1\" \/>\n<link rel=\"canonical\" href=\"https:\/\/www.puentedelasherrerias.com\/fr\/reservations\/\" \/>\n<meta property=\"og:locale\" content=\"fr_FR\" \/>\n<meta property=\"og:type\" content=\"article\" \/>\n<meta property=\"og:title\" content=\"Reservas - Camping Bungalows Hotel - Puente de las Herrerias - Cazorla\" \/>\n<meta property=\"og:description\" content=\"El refugio-hotel dispone de un total de 10 confortables habitaciones abuhardilladas, con hermosas vistas, televisi\u00f3n, ba\u00f1o y calefacci\u00f3n. No se admiten animales. Habitaciones individuales, dobles y triples.\" \/>\n<meta property=\"og:url\" content=\"https:\/\/www.puentedelasherrerias.com\/fr\/reservations\/\" \/>\n<meta property=\"og:site_name\" content=\"Camping Bungalows Hotel - Puente de las Herrerias - Cazorla\" \/>\n<meta property=\"article:publisher\" content=\"https:\/\/www.facebook.com\/puentedelasherrerias\/\" \/>\n<meta property=\"article:modified_time\" content=\"2021-01-25T08:11:07+00:00\" \/>\n<meta name=\"twitter:card\" content=\"summary_large_image\" \/>\n<meta name=\"twitter:site\" content=\"@puenteherrerias\" \/>\n<meta name=\"twitter:label1\" content=\"Dur\u00e9e de lecture estim\u00e9e\" \/>\n\t<meta name=\"twitter:data1\" content=\"1 minute\" \/>\n<script type=\"application\/ld+json\" class=\"yoast-schema-graph\">{\"@context\":\"https:\\\/\\\/schema.org\",\"@graph\":[{\"@type\":\"WebPage\",\"@id\":\"https:\\\/\\\/www.puentedelasherrerias.com\\\/fr\\\/reservations\\\/\",\"url\":\"https:\\\/\\\/www.puentedelasherrerias.com\\\/fr\\\/reservations\\\/\",\"name\":\"Reservas - Camping Bungalows Hotel - Puente de las Herrerias - Cazorla\",\"isPartOf\":{\"@id\":\"https:\\\/\\\/www.puentedelasherrerias.com\\\/fr\\\/#website\"},\"datePublished\":\"2017-06-30T09:54:09+00:00\",\"dateModified\":\"2021-01-25T08:11:07+00:00\",\"description\":\"El refugio-hotel dispone de un total de 10 confortables habitaciones abuhardilladas, con hermosas vistas, televisi\u00f3n, ba\u00f1o y calefacci\u00f3n. No se admiten animales. Habitaciones individuales, dobles y triples.\",\"breadcrumb\":{\"@id\":\"https:\\\/\\\/www.puentedelasherrerias.com\\\/fr\\\/reservations\\\/#breadcrumb\"},\"inLanguage\":\"fr-FR\",\"potentialAction\":[{\"@type\":\"ReadAction\",\"target\":[\"https:\\\/\\\/www.puentedelasherrerias.com\\\/fr\\\/reservations\\\/\"]}]},{\"@type\":\"BreadcrumbList\",\"@id\":\"https:\\\/\\\/www.puentedelasherrerias.com\\\/fr\\\/reservations\\\/#breadcrumb\",\"itemListElement\":[{\"@type\":\"ListItem\",\"position\":1,\"name\":\"Portada\",\"item\":\"https:\\\/\\\/www.puentedelasherrerias.com\\\/fr\\\/\"},{\"@type\":\"ListItem\",\"position\":2,\"name\":\"Reservations\"}]},{\"@type\":\"WebSite\",\"@id\":\"https:\\\/\\\/www.puentedelasherrerias.com\\\/fr\\\/#website\",\"url\":\"https:\\\/\\\/www.puentedelasherrerias.com\\\/fr\\\/\",\"name\":\"Camping Bungalows Hotel - Puente de las Herrerias - Cazorla\",\"description\":\"Situado en pleno coraz\u00f3n del parque natural de Cazorla y Segura y las Villas, Puente de las Herrer\u00edas ofrece una amplia oferta de turismo y ocio: camping, caba\u00f1as de madera, hotel, actividades en la naturaleza...\",\"potentialAction\":[{\"@type\":\"SearchAction\",\"target\":{\"@type\":\"EntryPoint\",\"urlTemplate\":\"https:\\\/\\\/www.puentedelasherrerias.com\\\/fr\\\/?s={search_term_string}\"},\"query-input\":{\"@type\":\"PropertyValueSpecification\",\"valueRequired\":true,\"valueName\":\"search_term_string\"}}],\"inLanguage\":\"fr-FR\"}]}<\/script>\n<!-- \/ Yoast SEO plugin. -->","yoast_head_json":{"title":"Reservas - Camping Bungalows Hotel - Puente de las Herrerias - Cazorla","description":"El refugio-hotel dispone de un total de 10 confortables habitaciones abuhardilladas, con hermosas vistas, televisi\u00f3n, ba\u00f1o y calefacci\u00f3n. No se admiten animales. Habitaciones individuales, dobles y triples.","robots":{"index":"index","follow":"follow","max-snippet":"max-snippet:-1","max-image-preview":"max-image-preview:large","max-video-preview":"max-video-preview:-1"},"canonical":"https:\/\/www.puentedelasherrerias.com\/fr\/reservations\/","og_locale":"fr_FR","og_type":"article","og_title":"Reservas - Camping Bungalows Hotel - Puente de las Herrerias - Cazorla","og_description":"El refugio-hotel dispone de un total de 10 confortables habitaciones abuhardilladas, con hermosas vistas, televisi\u00f3n, ba\u00f1o y calefacci\u00f3n. No se admiten animales. Habitaciones individuales, dobles y triples.","og_url":"https:\/\/www.puentedelasherrerias.com\/fr\/reservations\/","og_site_name":"Camping Bungalows Hotel - Puente de las Herrerias - Cazorla","article_publisher":"https:\/\/www.facebook.com\/puentedelasherrerias\/","article_modified_time":"2021-01-25T08:11:07+00:00","twitter_card":"summary_large_image","twitter_site":"@puenteherrerias","twitter_misc":{"Dur\u00e9e de lecture estim\u00e9e":"1 minute"},"schema":{"@context":"https:\/\/schema.org","@graph":[{"@type":"WebPage","@id":"https:\/\/www.puentedelasherrerias.com\/fr\/reservations\/","url":"https:\/\/www.puentedelasherrerias.com\/fr\/reservations\/","name":"Reservas - Camping Bungalows Hotel - Puente de las Herrerias - Cazorla","isPartOf":{"@id":"https:\/\/www.puentedelasherrerias.com\/fr\/#website"},"datePublished":"2017-06-30T09:54:09+00:00","dateModified":"2021-01-25T08:11:07+00:00","description":"El refugio-hotel dispone de un total de 10 confortables habitaciones abuhardilladas, con hermosas vistas, televisi\u00f3n, ba\u00f1o y calefacci\u00f3n. No se admiten animales. Habitaciones individuales, dobles y triples.","breadcrumb":{"@id":"https:\/\/www.puentedelasherrerias.com\/fr\/reservations\/#breadcrumb"},"inLanguage":"fr-FR","potentialAction":[{"@type":"ReadAction","target":["https:\/\/www.puentedelasherrerias.com\/fr\/reservations\/"]}]},{"@type":"BreadcrumbList","@id":"https:\/\/www.puentedelasherrerias.com\/fr\/reservations\/#breadcrumb","itemListElement":[{"@type":"ListItem","position":1,"name":"Portada","item":"https:\/\/www.puentedelasherrerias.com\/fr\/"},{"@type":"ListItem","position":2,"name":"Reservations"}]},{"@type":"WebSite","@id":"https:\/\/www.puentedelasherrerias.com\/fr\/#website","url":"https:\/\/www.puentedelasherrerias.com\/fr\/","name":"Camping Bungalows Hotel - Puente de las Herrerias - Cazorla","description":"Situado en pleno coraz\u00f3n del parque natural de Cazorla y Segura y las Villas, Puente de las Herrer\u00edas ofrece una amplia oferta de turismo y ocio: camping, caba\u00f1as de madera, hotel, actividades en la naturaleza...","potentialAction":[{"@type":"SearchAction","target":{"@type":"EntryPoint","urlTemplate":"https:\/\/www.puentedelasherrerias.com\/fr\/?s={search_term_string}"},"query-input":{"@type":"PropertyValueSpecification","valueRequired":true,"valueName":"search_term_string"}}],"inLanguage":"fr-FR"}]}},"_links":{"self":[{"href":"https:\/\/www.puentedelasherrerias.com\/fr\/wp-json\/wp\/v2\/pages\/2684","targetHints":{"allow":["GET"]}}],"collection":[{"href":"https:\/\/www.puentedelasherrerias.com\/fr\/wp-json\/wp\/v2\/pages"}],"about":[{"href":"https:\/\/www.puentedelasherrerias.com\/fr\/wp-json\/wp\/v2\/types\/page"}],"author":[{"embeddable":true,"href":"https:\/\/www.puentedelasherrerias.com\/fr\/wp-json\/wp\/v2\/users\/1"}],"replies":[{"embeddable":true,"href":"https:\/\/www.puentedelasherrerias.com\/fr\/wp-json\/wp\/v2\/comments?post=2684"}],"version-history":[{"count":0,"href":"https:\/\/www.puentedelasherrerias.com\/fr\/wp-json\/wp\/v2\/pages\/2684\/revisions"}],"wp:attachment":[{"href":"https:\/\/www.puentedelasherrerias.com\/fr\/wp-json\/wp\/v2\/media?parent=2684"}],"curies":[{"name":"wp","href":"https:\/\/api.w.org\/{rel}","templated":true}]}}